{"id":18980,"date":"2024-10-21T10:11:40","date_gmt":"2024-10-21T10:11:40","guid":{"rendered":"https:\/\/2023.re-check.ch\/?page_id=18980"},"modified":"2025-01-21T13:56:38","modified_gmt":"2025-01-21T13:56:38","slug":"epistudia-mastering-health-reporting","status":"publish","type":"page","link":"https:\/\/www.re-check.ch\/fr\/projets\/epistudia-mastering-health-reporting\/","title":{"rendered":"Epistudia \u2013 Mastering Health Reporting"},"content":{"rendered":"\n<div class=\"wp-block-columns is-layout-flex wp-container-core-columns-is-layout-1 wp-block-columns-is-layout-flex\">\n<div class=\"wp-block-column is-layout-flow wp-block-column-is-layout-flow\">\n<figure class=\"wp-block-image size-full\"><a href=\"https:\/\/www.re-check.ch\/wp-content\/uploads\/2024\/10\/epistudia.jpg\"><img loading=\"lazy\" decoding=\"async\" width=\"858\" height=\"485\" src=\"https:\/\/www.re-check.ch\/wp-content\/uploads\/2024\/10\/epistudia.jpg\" alt=\"\" class=\"wp-image-18986\" srcset=\"https:\/\/www.re-check.ch\/wp-content\/uploads\/2024\/10\/epistudia.jpg 858w, https:\/\/www.re-check.ch\/wp-content\/uploads\/2024\/10\/epistudia-300x170.jpg 300w, https:\/\/www.re-check.ch\/wp-content\/uploads\/2024\/10\/epistudia-768x434.jpg 768w\" sizes=\"(max-width: 858px) 100vw, 858px\" \/><\/a><\/figure>\n<\/div>\n\n\n\n<div class=\"wp-block-column is-layout-flow wp-block-column-is-layout-flow\">\n<p>Re-Check s\u2019est associ\u00e9 \u00e0 Epistudia pour le cours en ligne Mastering Health Reporting: Evidence-Based Journalism (LINK). 240 minutes \u2013 \u00e0 votre rythme \u2013 avec Nadia Elia, Catherine Riva et Serena Tinari.<\/p>\n<\/div>\n<\/div>\n\n\n\n<div style=\"height:31px\" aria-hidden=\"true\" class=\"wp-block-spacer\"><\/div>\n\n\n\n<p><a href=\"https:\/\/www.epistudia.com\/\" target=\"_blank\" rel=\"noreferrer noopener\">Epistudia<\/a> est une plateforme accr\u00e9dit\u00e9e d\u2019enseignement en ligne et de production de preuves scientifiques. Cette organisation est en phase avec la mission de Re-Check. En collaboration avec des cliniciens et des scientifiques, elle \u00abapplique des principes scientifiques, des connaissances de pointe et des m\u00e9thodes valid\u00e9es\u00bb. Ce faisant, Epistudia poursuit l&rsquo;objectif suivant: l\u2019av\u00e8nement \u00abde soins, d\u2019une sant\u00e9 publique et de d\u00e9cisions politiques fond\u00e9s sur des preuves\u00bb.<\/p>\n\n\n\n<p>Epistudia d\u00e9crit ainsi sa mission: \u00abNous avons le devoir de bien faire les choses! La plupart des interventions de sant\u00e9 (jusqu&rsquo;\u00e0 94 %) que nous appliquons ne sont pas \u00e9tay\u00e9es par des preuves de bonne qualit\u00e9, et les effets ind\u00e9sirables ne sont pas suffisamment signal\u00e9s (Howick et al. 2022). Soutenir un parti pris personnel peut fa\u00e7onner la donne de toutes sortes de fa\u00e7ons, influencer l\u2019orientation et la qualit\u00e9 de la recherche et finalement d\u00e9former la v\u00e9rit\u00e9.\u00bb Re-Check partage ces valeurs cl\u00e9s. <\/p>\n\n\n\n<p>Cinq comp\u00e9tences que vous acquerrez en participant au <a href=\"https:\/\/www.epistudia.com\/course\/evidence-based-health-reporting\" target=\"_blank\" rel=\"noreferrer noopener\">cours Re-Check-Epistudia<\/a>:<\/p>\n\n\n\n<ul class=\"wp-block-list\">\n<li>Appliquer les principes de la m\u00e9decine fond\u00e9e sur les preuves (EBM) et du journalisme d\u2019enqu\u00eate pour couvrir les sujets dans le domaine de la sant\u00e9 et de la m\u00e9decine.<\/li>\n\n\n\n<li>D\u00e9terminer la pertinence d\u2019une nouvelle dans le domaine de la sant\u00e9 en appliquant des r\u00e8gles simples. Faire le tri entre marketing, sensationnalisme et interpr\u00e9tations erron\u00e9es. Privil\u00e9gier une couverture qui repose sur des preuves.<\/li>\n\n\n\n<li>Approfondir la question de l\u2019autorisation de mise sur le march\u00e9 des produits pharmaceutiques.<\/li>\n\n\n\n<li>Toutes les \u00e9tudes ne se valent pas: comprendre les diff\u00e9rents mod\u00e8les d\u2019\u00e9tude et ce qu\u2019ils peuvent ou ne peuvent pas prouver.<\/li>\n\n\n\n<li>Pourquoi les conflits d\u2019int\u00e9r\u00eats sont importants et comment les mettre en \u00e9vidence.<\/li>\n<\/ul>\n\n\n\n<p class=\"back\"><a href=\"https:\/\/www.re-check.ch\/fr\/projets\/\" data-type=\"page\" data-id=\"14962\"><i class=\"icofont-rounded-left\"><\/i> retour<\/a><\/p>\n","protected":false},"excerpt":{"rendered":"<p>Re-Check s\u2019est associ\u00e9 \u00e0 Epistudia pour le cours en ligne Mastering Health Reporting: Evidence-Based Journalism (LINK). 240 minutes \u2013 \u00e0 votre rythme \u2013 avec Nadia Elia, Catherine Riva et Serena Tinari. Epistudia est une plateforme accr\u00e9dit\u00e9e d\u2019enseignement en ligne et de production de preuves scientifiques. Cette organisation est en phase avec la mission de Re-Check.<a class=\"excerpt-read-more\" href=\"https:\/\/www.re-check.ch\/fr\/projets\/epistudia-mastering-health-reporting\/\" title=\"ReadEpistudia \u2013 Mastering Health Reporting\">&#8230; Read more &raquo;<\/a><\/p>\n","protected":false},"author":2,"featured_media":0,"parent":14962,"menu_order":0,"comment_status":"closed","ping_status":"closed","template":"template-full-width.php","meta":{"_acf_changed":false,"footnotes":""},"class_list":["post-18980","page","type-page","status-publish","hentry"],"acf":[],"_links":{"self":[{"href":"https:\/\/www.re-check.ch\/fr\/wp-json\/wp\/v2\/pages\/18980"}],"collection":[{"href":"https:\/\/www.re-check.ch\/fr\/wp-json\/wp\/v2\/pages"}],"about":[{"href":"https:\/\/www.re-check.ch\/fr\/wp-json\/wp\/v2\/types\/page"}],"author":[{"embeddable":true,"href":"https:\/\/www.re-check.ch\/fr\/wp-json\/wp\/v2\/users\/2"}],"replies":[{"embeddable":true,"href":"https:\/\/www.re-check.ch\/fr\/wp-json\/wp\/v2\/comments?post=18980"}],"version-history":[{"count":9,"href":"https:\/\/www.re-check.ch\/fr\/wp-json\/wp\/v2\/pages\/18980\/revisions"}],"predecessor-version":[{"id":20352,"href":"https:\/\/www.re-check.ch\/fr\/wp-json\/wp\/v2\/pages\/18980\/revisions\/20352"}],"up":[{"embeddable":true,"href":"https:\/\/www.re-check.ch\/fr\/wp-json\/wp\/v2\/pages\/14962"}],"wp:attachment":[{"href":"https:\/\/www.re-check.ch\/fr\/wp-json\/wp\/v2\/media?parent=18980"}],"curies":[{"name":"wp","href":"https:\/\/api.w.org\/{rel}","templated":true}]}}