{"id":18966,"date":"2024-04-02T07:38:44","date_gmt":"2024-04-02T07:38:44","guid":{"rendered":"https:\/\/2023.re-check.ch\/?page_id=18966"},"modified":"2024-10-27T16:24:30","modified_gmt":"2024-10-27T16:24:30","slug":"endometriosis","status":"publish","type":"page","link":"https:\/\/www.re-check.ch\/fr\/projets\/endometriosis\/","title":{"rendered":"Endom\u00e9triose"},"content":{"rendered":"\n<div class=\"wp-block-columns is-layout-flex wp-container-core-columns-is-layout-1 wp-block-columns-is-layout-flex\">\n<div class=\"wp-block-column is-layout-flow wp-block-column-is-layout-flow\">\n<figure class=\"wp-block-image size-full\"><a href=\"https:\/\/www.re-check.ch\/wp-content\/uploads\/2024\/04\/endo.jpg\"><img loading=\"lazy\" decoding=\"async\" width=\"715\" height=\"482\" src=\"https:\/\/www.re-check.ch\/wp-content\/uploads\/2024\/04\/endo.jpg\" alt=\"\" class=\"wp-image-18562\" srcset=\"https:\/\/www.re-check.ch\/wp-content\/uploads\/2024\/04\/endo.jpg 715w, https:\/\/www.re-check.ch\/wp-content\/uploads\/2024\/04\/endo-300x202.jpg 300w\" sizes=\"(max-width: 715px) 100vw, 715px\" \/><\/a><\/figure>\n<\/div>\n\n\n\n<div class=\"wp-block-column is-layout-flow wp-block-column-is-layout-flow\">\n<p>Cela fait plus de 100 ans que l\u2019on parle de l\u2019endom\u00e9triose. Pourtant, les questions sur cette pathologie restent aussi nombreuses que les certitudes sont rares. <\/p>\n\n\n\n<p>Selon sa d\u00e9finition actuelle, 1,5 \u00e0 50 % des femmes en \u00e2ge de procr\u00e9er et 80 % de celles qui ont des r\u00e8gles douloureuses pourraient souffrir d\u2019endom\u00e9triose. Cette d\u00e9finition extraordinairement vague a transform\u00e9 l\u2019endom\u00e9triose en un business tr\u00e8s lucratif de nombreux acteurs: industrie pharmaceutique, chirurgiens, centres de fertilit\u00e9, agences de certification, etc. <\/p>\n\n\n\n<p>Sous couvert de \u00absensibilisation\u00bb, tous cherchent \u00e0 attirer les patientes \u00abqui s\u2019ignorent\u00bb, alors que la panac\u00e9e pour les traiter n\u2019existe pas.<\/p>\n<\/div>\n<\/div>\n\n\n\n<div style=\"height:31px\" aria-hidden=\"true\" class=\"wp-block-spacer\"><\/div>\n\n\n\n<h2 class=\"wp-block-heading\">Articles:<\/h2>\n\n\n\n<div class=\"block-accordeon\">\n      <ul class=\"accordion\" data-accordion data-multi-expand=\"true\" data-allow-all-closed=\"true\">\n              \n        <li class=\"accordion-item\" data-accordion-item>\n          <a href=\"#\" class=\"accordion-title\">2011: \u00abM\u00e9dias instrumentalis\u00e9s par la pharma?\u00bb, par Catherine Riva <\/a>\n          <div class=\"accordion-content\" data-tab-content>\n            <p>Lorsqu\u2019une entreprise pharmaceutique incite les journalistes \u00e0 parler d\u2019une maladie, suffit-il de ne pas mentionner le nom du traitement commercialis\u00e9 par cette firme et de solliciter des experts pour assurer une information de qualit\u00e9? Un r\u00e9cent exemple montre que rien n\u2019est moins s\u00fbr.<\/p>\n<p><a href=\"https:\/\/www.re-check.ch\/wp-content\/uploads\/2024\/10\/2011-04_Edito_Bayer-endometriose.pdf\" target=\"_blank\" rel=\"noopener\">Paru dans EDITO+KLARTEXT. PDF<\/a><\/p>\n          <\/div>\n        <\/li>\n        \n              \n        <li class=\"accordion-item\" data-accordion-item>\n          <a href=\"#\" class=\"accordion-title\">2012: \u00abEndom\u00e9triose: \u00e0 qui profite le mal?\u00bb, par Catherine Riva<\/a>\n          <div class=\"accordion-content\" data-tab-content>\n            <p>L\u2019endom\u00e9triose est souvent pr\u00e9sent\u00e9e dans les m\u00e9dias et sur Internet comme une maladie affectant jusqu\u2019\u00e0 \u00ab35%\u00bb des femmes et qu\u2019il faut traiter \u00abavant qu\u2019elle n\u2019empire\u00bb. La r\u00e9alit\u00e9 est plus complexe. Certains l\u2019instrumentalisent pour interpeller \u00ables patientes qui s\u2019ignorent\u00bb.<\/p>\n<p><a href=\"https:\/\/web.archive.org\/web\/20230924001627\/https:\/www.femina.ch\/forme\/sante\/endometriose-a-qui-profite-le-mal\" target=\"_blank\" rel=\"noopener\">Paru dans Femina.<\/a><\/p>\n          <\/div>\n        <\/li>\n        \n              \n        <li class=\"accordion-item\" data-accordion-item>\n          <a href=\"#\" class=\"accordion-title\">2017: \u00abEndom\u00e9triose \u00e0 36.9: compl\u00e9ment d\u2019enqu\u00eate Re-Check\u00bb<\/a>\n          <div class=\"accordion-content\" data-tab-content>\n            <p>Le magazine sant\u00e9 36.9 de la T\u00e9l\u00e9vision suisse RTS est revenu sur une enqu\u00eate Re-Check consacr\u00e9e au business de l\u2019endom\u00e9triose et \u00e0 l\u2019instrumentalisation des m\u00e9dias pour \u00abinterpeller les malades qui s\u2019ignorent\u00bb. Au programme, conflits d\u2019int\u00e9r\u00eats en s\u00e9rie et fa\u00e7onnage de maladies. Le compl\u00e9ment d\u2019enqu\u00eate de Re-Check \u00e0 cette investigation.<\/p>\n<p><a href=\"\/fr\/endometriose-enquete-re-check-a-36-9\/\" target=\"_blank\" rel=\"noopener\">Article<\/a><\/p>\n          <\/div>\n        <\/li>\n        \n          <\/ul>\n  <\/div>\n\n\n\n\n<p class=\"back\"><a href=\"https:\/\/www.re-check.ch\/fr\/projets\/\" data-type=\"page\" data-id=\"14962\"><i class=\"icofont-rounded-left\"><\/i> retour<\/a><\/p>\n","protected":false},"excerpt":{"rendered":"<p>Cela fait plus de 100 ans que l\u2019on parle de l\u2019endom\u00e9triose. Pourtant, les questions sur cette pathologie restent aussi nombreuses que les certitudes sont rares. Selon sa d\u00e9finition actuelle, 1,5 \u00e0 50 % des femmes en \u00e2ge de procr\u00e9er et 80 % de celles qui ont des r\u00e8gles douloureuses pourraient souffrir d\u2019endom\u00e9triose. Cette d\u00e9finition extraordinairement<a class=\"excerpt-read-more\" href=\"https:\/\/www.re-check.ch\/fr\/projets\/endometriosis\/\" title=\"ReadEndom\u00e9triose\">&#8230; Read more &raquo;<\/a><\/p>\n","protected":false},"author":2,"featured_media":0,"parent":14962,"menu_order":0,"comment_status":"closed","ping_status":"closed","template":"template-full-width.php","meta":{"_acf_changed":false,"footnotes":""},"class_list":["post-18966","page","type-page","status-publish","hentry"],"acf":[],"_links":{"self":[{"href":"https:\/\/www.re-check.ch\/fr\/wp-json\/wp\/v2\/pages\/18966"}],"collection":[{"href":"https:\/\/www.re-check.ch\/fr\/wp-json\/wp\/v2\/pages"}],"about":[{"href":"https:\/\/www.re-check.ch\/fr\/wp-json\/wp\/v2\/types\/page"}],"author":[{"embeddable":true,"href":"https:\/\/www.re-check.ch\/fr\/wp-json\/wp\/v2\/users\/2"}],"replies":[{"embeddable":true,"href":"https:\/\/www.re-check.ch\/fr\/wp-json\/wp\/v2\/comments?post=18966"}],"version-history":[{"count":6,"href":"https:\/\/www.re-check.ch\/fr\/wp-json\/wp\/v2\/pages\/18966\/revisions"}],"predecessor-version":[{"id":19643,"href":"https:\/\/www.re-check.ch\/fr\/wp-json\/wp\/v2\/pages\/18966\/revisions\/19643"}],"up":[{"embeddable":true,"href":"https:\/\/www.re-check.ch\/fr\/wp-json\/wp\/v2\/pages\/14962"}],"wp:attachment":[{"href":"https:\/\/www.re-check.ch\/fr\/wp-json\/wp\/v2\/media?parent=18966"}],"curies":[{"name":"wp","href":"https:\/\/api.w.org\/{rel}","templated":true}]}}