{"id":18737,"date":"2024-08-15T07:21:14","date_gmt":"2024-08-15T07:21:14","guid":{"rendered":"https:\/\/2023.re-check.ch\/?page_id=18737"},"modified":"2024-10-27T15:03:23","modified_gmt":"2024-10-27T15:03:23","slug":"the-list","status":"publish","type":"page","link":"https:\/\/www.re-check.ch\/fr\/resources\/the-list\/","title":{"rendered":"The List"},"content":{"rendered":"\n<div class=\"wp-block-columns mb50 is-layout-flex wp-container-core-columns-is-layout-1 wp-block-columns-is-layout-flex\">\n<div class=\"wp-block-column is-layout-flow wp-block-column-is-layout-flow\">\n<figure class=\"wp-block-image size-full\"><img loading=\"lazy\" decoding=\"async\" width=\"442\" height=\"412\" src=\"https:\/\/www.re-check.ch\/wp-content\/uploads\/2024\/02\/The-List.jpg\" alt=\"\" class=\"wp-image-18453\" srcset=\"https:\/\/www.re-check.ch\/wp-content\/uploads\/2024\/02\/The-List.jpg 442w, https:\/\/www.re-check.ch\/wp-content\/uploads\/2024\/02\/The-List-300x280.jpg 300w\" sizes=\"(max-width: 442px) 100vw, 442px\" \/><\/figure>\n<\/div>\n\n\n\n<div class=\"wp-block-column is-layout-flow wp-block-column-is-layout-flow\">\n<p>Une ressource pour les journalistes qui les aides \u00e0 trouver des sources: des experts qui n\u2019ont pas de liens financiers avec l\u2019industrie des m\u00e9dicaments ou des dispositifs de sant\u00e9. La Liste des experts de sant\u00e9 ind\u00e9pendants (<a href=\"https:\/\/lowninstitute.org\/projects\/the-lown-list-of-independent-health-experts\/\" target=\"_blank\" rel=\"noreferrer noopener\">The Lown List of Independent Health Experts<\/a>) a vu le jour en 2008, lorsque Jeanne Lenzer et Shannon Brownlee ont publi\u00e9 l\u2019article <a href=\"https:\/\/jeannelenzer.com\/medical-examiner-blog\/2017\/11\/21\/naming-names\" target=\"_blank\" rel=\"noreferrer noopener\">Naming names: is there an (unbiased) doctor<\/a> in the house? dans le British Medical Journal.<\/p>\n\n\n\n<p>Catherine Riva et Serena Tinari de Re-Check sont membres du groupe de coordination de cette liste.<\/p>\n<\/div>\n<\/div>\n\n\n\n<p>La <a href=\"https:\/\/lowninstitute.org\/projects\/the-lown-list-of-independent-health-experts\/\" target=\"_blank\" rel=\"noreferrer noopener\">Liste des experts de sant\u00e9 ind\u00e9pendants<\/a> est une ressource gratuite. Son acc\u00e8s est r\u00e9serv\u00e9 aux journalistes actuellement employ\u00e9s par un organe de presse ou qui travaillent en freelance. Il se peut que l\u2019on vous demande de fournir des liens vers des articles dont vous \u00eates l\u2019auteur.<\/p>\n\n\n\n<p>Les cliniciens et chercheurs sans liens financiers avec l\u2019industrie pharmaceutique ou l\u2019industrie des dispositifs m\u00e9dicaux, qui sont \u00e0 l\u2019aise pour aborder des sujets complexes avec les m\u00e9dias, peuvent proposer leur candidature pour devenir membre de la Liste des experts de sant\u00e9 ind\u00e9pendants. Le groupe de coordination \u00e9value toutes les candidatures. Merci de vous adresser \u00e0 <a href=\"mailto:Jgarber@lowninstitute.org\" target=\"_blank\" rel=\"noreferrer noopener\">Jgarber@lowninstitute.org<\/a>.<\/p>\n\n\n\n<p class=\"back\"><a href=\"https:\/\/www.re-check.ch\/fr\/resources\/\" data-type=\"page\" data-id=\"18724\"><i class=\"icofont-rounded-left\"><\/i> retour<\/a><\/p>\n","protected":false},"excerpt":{"rendered":"<p>Une ressource pour les journalistes qui les aides \u00e0 trouver des sources: des experts qui n\u2019ont pas de liens financiers avec l\u2019industrie des m\u00e9dicaments ou des dispositifs de sant\u00e9. La Liste des experts de sant\u00e9 ind\u00e9pendants (The Lown List of Independent Health Experts) a vu le jour en 2008, lorsque Jeanne Lenzer et Shannon Brownlee<a class=\"excerpt-read-more\" href=\"https:\/\/www.re-check.ch\/fr\/resources\/the-list\/\" title=\"ReadThe List\">&#8230; Read more &raquo;<\/a><\/p>\n","protected":false},"author":2,"featured_media":0,"parent":18724,"menu_order":0,"comment_status":"closed","ping_status":"closed","template":"template-full-width.php","meta":{"_acf_changed":false,"footnotes":""},"class_list":["post-18737","page","type-page","status-publish","hentry"],"acf":[],"_links":{"self":[{"href":"https:\/\/www.re-check.ch\/fr\/wp-json\/wp\/v2\/pages\/18737"}],"collection":[{"href":"https:\/\/www.re-check.ch\/fr\/wp-json\/wp\/v2\/pages"}],"about":[{"href":"https:\/\/www.re-check.ch\/fr\/wp-json\/wp\/v2\/types\/page"}],"author":[{"embeddable":true,"href":"https:\/\/www.re-check.ch\/fr\/wp-json\/wp\/v2\/users\/2"}],"replies":[{"embeddable":true,"href":"https:\/\/www.re-check.ch\/fr\/wp-json\/wp\/v2\/comments?post=18737"}],"version-history":[{"count":4,"href":"https:\/\/www.re-check.ch\/fr\/wp-json\/wp\/v2\/pages\/18737\/revisions"}],"predecessor-version":[{"id":19566,"href":"https:\/\/www.re-check.ch\/fr\/wp-json\/wp\/v2\/pages\/18737\/revisions\/19566"}],"up":[{"embeddable":true,"href":"https:\/\/www.re-check.ch\/fr\/wp-json\/wp\/v2\/pages\/18724"}],"wp:attachment":[{"href":"https:\/\/www.re-check.ch\/fr\/wp-json\/wp\/v2\/media?parent=18737"}],"curies":[{"name":"wp","href":"https:\/\/api.w.org\/{rel}","templated":true}]}}