{"id":18693,"date":"2024-05-22T10:02:57","date_gmt":"2024-05-22T10:02:57","guid":{"rendered":"https:\/\/2023.re-check.ch\/ressources\/interviews\/"},"modified":"2024-10-27T16:17:40","modified_gmt":"2024-10-27T16:17:40","slug":"interviews","status":"publish","type":"page","link":"https:\/\/www.re-check.ch\/fr\/resources\/interviews\/","title":{"rendered":"Interviews"},"content":{"rendered":"\n<div class=\"wp-block-columns is-layout-flex wp-container-core-columns-is-layout-1 wp-block-columns-is-layout-flex\">\n<div class=\"wp-block-column is-layout-flow wp-block-column-is-layout-flow\">\n<figure class=\"wp-block-image size-full\"><img loading=\"lazy\" decoding=\"async\" width=\"880\" height=\"592\" src=\"https:\/\/www.re-check.ch\/wp-content\/uploads\/2024\/05\/interviews.jpg\" alt=\"\" class=\"wp-image-18688\" srcset=\"https:\/\/www.re-check.ch\/wp-content\/uploads\/2024\/05\/interviews.jpg 880w, https:\/\/www.re-check.ch\/wp-content\/uploads\/2024\/05\/interviews-300x202.jpg 300w, https:\/\/www.re-check.ch\/wp-content\/uploads\/2024\/05\/interviews-768x517.jpg 768w\" sizes=\"(max-width: 880px) 100vw, 880px\" \/><\/figure>\n<\/div>\n\n\n\n<div class=\"wp-block-column is-layout-flow wp-block-column-is-layout-flow\">\n<p>Catherine Riva et Serena Tinari sont parfois interview\u00e9es sur leur travail de chercheuses et de journalistes d\u2019enqu\u00eate dans le domaine de la sant\u00e9 publique et de la m\u00e9decine. Ces entretiens portent sur les publications de Re-Check, ainsi que sur la mission et les principes \u00e9thiques de l&rsquo;association. Vous trouverez ci-apr\u00e8s quelques-uns de ces entretiens publi\u00e9s dans diff\u00e9rentes langues, sur des plateformes m\u00e9diatiques de plusieurs pays.<\/p>\n<\/div>\n<\/div>\n\n\n\n<div style=\"height:31px\" aria-hidden=\"true\" class=\"wp-block-spacer\"><\/div>\n\n\n\n<p><strong>8 avril 2022<\/strong> Ralf Hutter a interview\u00e9 Catherine Riva et Serena Tinari pour https:\/\/mmm.verdi.de, le magazine en ligne de DJU, syndicat allemand des journalistes. L\u2019article pr\u00e9sente le Guide du R\u00e9seau Mondial du Journalisme d&rsquo;Investigation (GIJN) \u00abEnqu\u00eater sur la Sant\u00e9 et la M\u00e9decine\u00bb dont elles sont les auteures, ainsi que la mission et le travail de Re-Check. \u00abBuchtipp: Recherche zu medizinischen Themen\u00bb (A lire: Enqu\u00eater sur les sujets m\u00e9dicaux) est disponible en allemand <a href=\"https:\/\/mmm.verdi.de\/aktuelle-meldungen\/buchtipp-recherche-zu-medizinischen-themen-80733\" target=\"_blank\" rel=\"noreferrer noopener\">ici<\/a>.<\/p>\n\n\n\n<p><strong>29 mars 2022<\/strong> Episode 11 sur <a href=\"https:\/\/www.radioliberta.it\/chi-siamo\/\" target=\"_blank\" rel=\"noreferrer noopener\">Radio Libert\u00e0\u2019s podcast<\/a> avec Serena Tinari: <a href=\"https:\/\/www.spreaker.com\/episode\/49234460\" target=\"_blank\" rel=\"noreferrer noopener\">Il problema con il giornalismo pandemico<\/a> (le probl\u00e8me du journalisme pand\u00e9mique). Sans montage et en acc\u00e8s libre. En italien.<\/p>\n\n\n\n<p><strong>19 mars 2022<\/strong> <a href=\"https:\/\/www.martinapastorelli.it\/chi-sono\/\" target=\"_blank\" rel=\"noreferrer noopener\">Martina Pastorelli<\/a> a interview\u00e9 Serena Tinari. Ses productions ind\u00e9pendantes sont publi\u00e9es en acc\u00e8s libre pendant plusieurs mois sous forme de vid\u00e9oclips de 2 minutes, et pour finir en version compl\u00e8te sans montage. En italien. <a href=\"https:\/\/www.martinapastorelli.it\/2022\/03\/pillole\/la-fiduci-saltata-1a-parte\/\" target=\"_blank\" rel=\"noreferrer noopener\">Visionner ici.<\/a><\/p>\n\n\n\n<p><strong>28 f\u00e9vrier 2022<\/strong> Long format et sans montage. Martin Bernard et Ouriel Barbezat d\u2019<a href=\"https:\/\/www.antithese.info\/\" target=\"_blank\" rel=\"noreferrer noopener\">Anti|th\u00e8se<\/a>&nbsp; nous ont interview\u00e9es pendant plus de deux heures et le r\u00e9sultat est en ligne, en libre-acc\u00e8s. Nous avons parl\u00e9 de journalisme pand\u00e9mique hors de contr\u00f4le, des politiques COVID-19 d\u00e9nu\u00e9es de fondement scientifique, de la censure sur les r\u00e9seaux sociaux, du muselage honteux des voix critiques, des campagnes de diffamation contre les vrais experts, du pr\u00e9occupant potentiel de d\u00e9tournement de fonction des certificats COVID, et de la mani\u00e8re dont la science et la r\u00e9glementation fonctionnaient avant ces deux ann\u00e9es de folie: certes, de mani\u00e8re imparfaite mais, avec le recul, plut\u00f4t raisonnablement. En fran\u00e7ais. <a href=\"https:\/\/youtu.be\/OZ35CPHYKxg\" target=\"_blank\" rel=\"noreferrer noopener\">COVID-19. Fin de partie?<\/a><\/p>\n\n\n\n<p><strong>1<sup>er<\/sup> juillet 2021<\/strong> Interview de Serena Tinari sur Radio Onda d\u2019Urto. Sujets abord\u00e9s: la mission de Re-Check et le journalisme en mode pand\u00e9mique. Ecouter le <a href=\"https:\/\/radioblackout.org\/podcast\/odio-lestate\/\" target=\"_blank\" rel=\"noreferrer noopener\">podcast<\/a> (en italien).<\/p>\n\n\n\n<p><strong>10 avril 2021<\/strong> Interview de Serena Tinari publi\u00e9e dans <a href=\"https:\/\/forward.recentiprogressi.it\/en\/the-forward-project\/about\/\" target=\"_blank\" rel=\"noreferrer noopener\">Forward<\/a>. Th\u00e8mes abord\u00e9s: le journalisme en mode pand\u00e9mique et la fa\u00e7on dont la communication en p\u00e9riode de Covid trahit \u00e0 la fois le public et la m\u00e9thode scientifique, en transmettant des informations sans fondement factuel ni mise en perspective. \u00abHow did communication change with COVID-19?\u00bb (Comment la communication a-t-elle chang\u00e9 avec COVID-19?) En <a href=\"https:\/\/forward.recentiprogressi.it\/en\/magazine\/number-21-changes\/interviews\/how-did-communications-change-with-covid-19\/\" target=\"_blank\" rel=\"noreferrer noopener\">anglais<\/a> et en <a href=\"https:\/\/forward.recentiprogressi.it\/it\/rivista\/numero-21-cambiamenti\/interviste\/come-e-cambiata-la-comunicazione-con-covid-19\/\" target=\"_blank\" rel=\"noreferrer noopener\">italien<\/a>.<\/p>\n\n\n\n<p><strong>10 mars 2021<\/strong> Interview de Serena Tinari sur IlMitte.com \u00e0 propos de la d\u00e9marche de Re-Check et du journalisme en mode pand\u00e9mique. En italien: <a href=\"https:\/\/ilmitte.com\/2021\/03\/tutti-hanno-diritto-alla-verita-intervista-a-serena-tinari-di-re-check\" target=\"_blank\" rel=\"noreferrer noopener\">\u00abTutti hanno diritto alla verit\u00e0\u00bb<\/a> (Tout le monde a droit \u00e0 la v\u00e9rit\u00e9).<\/p>\n\n\n\n<p><strong>8 f\u00e9vrier 2021<\/strong> Publication de l\u2019<a href=\"https:\/\/www.re-check.ch\/wp-content\/uploads\/2021\/03\/2102_FR_Re-Check_bat.pdf\" data-type=\"link\" data-id=\"https:\/\/www.re-check.ch\/wp-content\/uploads\/2021\/03\/2102_FR_Re-Check_bat.pdf\" target=\"_blank\" rel=\"noreferrer noopener\">article d\u2019Alexandra Breaud<\/a> \u00e0 propos de la d\u00e9marche de Re-Check dans Soins infirmiers, le mensuel de l\u2019<a href=\"https:\/\/www.sbk.ch\/fr\/association\/lasi\" target=\"_blank\" rel=\"noreferrer noopener\">Association suisse des infirmiers et infirmi\u00e8res ASI<\/a>. Alexandra Breaud avait assist\u00e9 \u00e0 la pr\u00e9sentation de Catherine Riva lors du <a href=\"https:\/\/www.ecolelasource.ch\/evenement\/cinq-a-sept-re-check\/\" target=\"_blank\" rel=\"noreferrer noopener\">CINQ \u00c0 SEPT<\/a> organis\u00e9 par Institut et Haute Ecole de la Sant\u00e9 La Source. Lausanne (CH). <a href=\"https:\/\/www.re-check.ch\/fr\/sante-au-prisme-des-medias\/\" target=\"_blank\" rel=\"noreferrer noopener\">\u00abLe traitement journalistique des questions sanitaires. La sant\u00e9 au prisme des m\u00e9dias\u00bb<\/a>.<\/p>\n\n\n\n<p><strong>29 novembre 2019<\/strong> HealthLEADS (anciennement Health Analytics Asia) est une initiative de DataLEADS, une soci\u00e9t\u00e9 de m\u00e9dias num\u00e9riques bas\u00e9e en Inde qui se sp\u00e9cialise dans le contenu ax\u00e9 sur les donn\u00e9es. Elle a publi\u00e9 sur son site une longue interview de Serena Tinari sur les principes \u00e9thiques et les standards de Re-Check, comment creuser dans le domaine de la sant\u00e9 et la m\u00e9decine, et sur les principales questions \u00e0 prendre en compte lorsqu\u2019on aborde ce domaine. Intitul\u00e9 \u00abOverdiagnosis is one of the biggest threats to our health systems\u00bb (le surdiagnostic est l\u2019une des plus grandes menaces pour nos syst\u00e8mes de sant\u00e9), l\u2019article est disponible en anglais <a href=\"https:\/\/h-leads.com\/overdiagnosis-is-one-of-the-biggest-threats-to-our-health-systems\/\" target=\"_blank\" rel=\"noreferrer noopener\">ici<\/a>.<\/p>\n\n\n\n<p><strong>27 septembre 2019<\/strong> Anne Sofie Hoffmann Schr\u00f8der a publi\u00e9 sur le site web du R\u00e9seau Mondial du Journalisme d&rsquo;Investigation (GIJN) l\u2019article intitul\u00e9 \u00abPro Tips for Health and Medicine Journalism\u00bb (Conseils de pro pour le journalisme dans le domaine de la sant\u00e9 et de la m\u00e9decine) pr\u00e9sente les conseils de Serena Tinari et Re-Check sur la meilleur mani\u00e8re de creuse dans le domaine de la sant\u00e9 publique et de la m\u00e9decine. L\u2019article est disponible en anglais <a href=\"https:\/\/gijc2019.org\/2019\/09\/27\/pro-tips-for-health-and-medicine-journalism\/\" target=\"_blank\" rel=\"noreferrer noopener\">ici<\/a>.<\/p>\n\n\n\n<p class=\"back\"><a href=\"https:\/\/www.re-check.ch\/fr\/resources\/\" data-type=\"page\" data-id=\"18724\"><i class=\"icofont-rounded-left\"><\/i> retour<\/a><\/p>\n","protected":false},"excerpt":{"rendered":"<p>Catherine Riva et Serena Tinari sont parfois interview\u00e9es sur leur travail de chercheuses et de journalistes d\u2019enqu\u00eate dans le domaine de la sant\u00e9 publique et de la m\u00e9decine. Ces entretiens portent sur les publications de Re-Check, ainsi que sur la mission et les principes \u00e9thiques de l&rsquo;association. Vous trouverez ci-apr\u00e8s quelques-uns de ces entretiens publi\u00e9s<a class=\"excerpt-read-more\" href=\"https:\/\/www.re-check.ch\/fr\/resources\/interviews\/\" title=\"ReadInterviews\">&#8230; Read more &raquo;<\/a><\/p>\n","protected":false},"author":2,"featured_media":0,"parent":18724,"menu_order":0,"comment_status":"closed","ping_status":"closed","template":"template-full-width.php","meta":{"_acf_changed":false,"footnotes":""},"class_list":["post-18693","page","type-page","status-publish","hentry"],"acf":[],"_links":{"self":[{"href":"https:\/\/www.re-check.ch\/fr\/wp-json\/wp\/v2\/pages\/18693"}],"collection":[{"href":"https:\/\/www.re-check.ch\/fr\/wp-json\/wp\/v2\/pages"}],"about":[{"href":"https:\/\/www.re-check.ch\/fr\/wp-json\/wp\/v2\/types\/page"}],"author":[{"embeddable":true,"href":"https:\/\/www.re-check.ch\/fr\/wp-json\/wp\/v2\/users\/2"}],"replies":[{"embeddable":true,"href":"https:\/\/www.re-check.ch\/fr\/wp-json\/wp\/v2\/comments?post=18693"}],"version-history":[{"count":6,"href":"https:\/\/www.re-check.ch\/fr\/wp-json\/wp\/v2\/pages\/18693\/revisions"}],"predecessor-version":[{"id":19634,"href":"https:\/\/www.re-check.ch\/fr\/wp-json\/wp\/v2\/pages\/18693\/revisions\/19634"}],"up":[{"embeddable":true,"href":"https:\/\/www.re-check.ch\/fr\/wp-json\/wp\/v2\/pages\/18724"}],"wp:attachment":[{"href":"https:\/\/www.re-check.ch\/fr\/wp-json\/wp\/v2\/media?parent=18693"}],"curies":[{"name":"wp","href":"https:\/\/api.w.org\/{rel}","templated":true}]}}