{"id":18656,"date":"2024-04-02T08:14:52","date_gmt":"2024-04-02T08:14:52","guid":{"rendered":"https:\/\/2023.re-check.ch\/projets\/isotretinoin-roaccutane\/"},"modified":"2024-10-27T14:44:12","modified_gmt":"2024-10-27T14:44:12","slug":"isotretinoin-roaccutane","status":"publish","type":"page","link":"https:\/\/www.re-check.ch\/fr\/projets\/isotretinoin-roaccutane\/","title":{"rendered":"Isotretino\u00efne \u2013 Roaccutane"},"content":{"rendered":"\n<div class=\"wp-block-columns is-layout-flex wp-container-core-columns-is-layout-1 wp-block-columns-is-layout-flex\">\n<div class=\"wp-block-column is-layout-flow wp-block-column-is-layout-flow\">\n<figure class=\"wp-block-image size-full\"><a href=\"https:\/\/www.re-check.ch\/wp-content\/uploads\/2024\/02\/Isotretinoin-Roaccutane.jpg\"><img loading=\"lazy\" decoding=\"async\" width=\"744\" height=\"417\" src=\"https:\/\/www.re-check.ch\/wp-content\/uploads\/2024\/02\/Isotretinoin-Roaccutane.jpg\" alt=\"\" class=\"wp-image-18412\" srcset=\"https:\/\/www.re-check.ch\/wp-content\/uploads\/2024\/02\/Isotretinoin-Roaccutane.jpg 744w, https:\/\/www.re-check.ch\/wp-content\/uploads\/2024\/02\/Isotretinoin-Roaccutane-300x168.jpg 300w\" sizes=\"(max-width: 744px) 100vw, 744px\" \/><\/a><\/figure>\n<\/div>\n\n\n\n<div class=\"wp-block-column is-layout-flow wp-block-column-is-layout-flow\">\n<p>L\u2019isotr\u00e9tino\u00efne a \u00e9t\u00e9 d\u00e9couverte par hasard. En la testant sur des patients atteints de cancer, Hoffmann-La Roche, son fabricant, a constat\u00e9 qu\u2019elle am\u00e9liorait sensiblement l\u2019\u00e9tat de leur peau. En 1982, le g\u00e9ant de l\u2019industrie pharmaceutique a r\u00e9ussi \u00e0 la faire homologuer comme traitement contre l\u2019acn\u00e9. Quelque 150 effets secondaires ont \u00e9t\u00e9 attribu\u00e9s \u00e0 ce m\u00e9dicament t\u00e9ratog\u00e8ne, dont des psychoses et des suicides. Roche l\u2019a retir\u00e9 du march\u00e9 dans certains pays lorsque son brevet a expir\u00e9. <\/p>\n\n\n\n<p>Aujourd\u2019hui, l\u2019isotr\u00e9tino\u00efne est \u00e9galement commercialis\u00e9e sous forme g\u00e9n\u00e9rique. Sa prescription est cens\u00e9e \u00eatre limit\u00e9e \u00e0 l\u2019acn\u00e9 s\u00e9v\u00e8re, mais ses chiffres de vente impressionnants indiquent que ce m\u00e9dicament est sans doute prescrit pour des cas beaucoup plus l\u00e9gers.<\/p>\n<\/div>\n<\/div>\n\n\n\n<div style=\"height:31px\" aria-hidden=\"true\" class=\"wp-block-spacer\"><\/div>\n\n\n\n<h2 class=\"wp-block-heading\">Documentaires d\u2019investigation:<\/h2>\n\n\n\n<p>Serena Tinari a commenc\u00e9 \u00e0 enqu\u00eater sur ce m\u00e9dicament en 2005 pour un <a href=\"https:\/\/www.serenatinari.com\/swissmedic\/\" target=\"_blank\" rel=\"noreferrer noopener\">documentaire d\u2019investigation<\/a> qui a \u00e9t\u00e9 diffus\u00e9 par l\u2019\u00e9mission Fal\u00f2 de la T\u00e9l\u00e9vision suisse RSI (en italien, il a \u00e9t\u00e9 suivi de deux autres, qui ne sont malheureusement plus disponibles en ligne).<br>Au cours des ann\u00e9es suivantes, deux autres documentaires ont \u00e9t\u00e9 diffus\u00e9s:<\/p>\n\n\n\n<div class=\"block-accordeon\">\n      <ul class=\"accordion\" data-accordion data-multi-expand=\"true\" data-allow-all-closed=\"true\">\n              \n        <li class=\"accordion-item\" data-accordion-item>\n          <a href=\"#\" class=\"accordion-title\">2006: \u00abMorire per la pelle\u00bb (Mourir pour quelques boutons).<\/a>\n          <div class=\"accordion-content\" data-tab-content>\n            <p>Diffus\u00e9 par l\u2019\u00e9mission Fal\u00f2 de RSI (disponible <a href=\"https:\/\/www.rsi.ch\/play\/tv\/patti-chiari\/video\/morire-per-la-pelle-di-serena-tinari-e-harry-haener-falo-9-11-2006-?urn=urn:rsi:video:8660734\" target=\"_blank\" rel=\"noopener\">ici en italien<\/a>), par l\u2019\u00e9mission Rundschau de SRF (disponible <a href=\"https:\/\/www.srf.ch\/play\/tv\/rundschau\/video\/gefaehrliche-nebenwirkungen?urn=urn:srf:video:7ae17e40-6b43-46c0-bc03-d07039070dfd\" target=\"_blank\" rel=\"noopener\">ici en allemand<\/a>) et par l\u2019\u00e9mission 36.9 de RTS (disponible <a href=\"https:\/\/www.rts.ch\/play\/tv\/36-9\/video\/mourir-pour-quelques-boutons?urn=urn:rts:video:57025\" target=\"_blank\" rel=\"noopener\">ici en fran\u00e7ais<\/a>). Le documentaire peut aussi \u00eatre visionn\u00e9 <a href=\"https:\/\/www.youtube.com\/watch?v=W9OJ_vtW7-4\">ici<\/a> avec des sous-titres en anglais.<\/p>\n          <\/div>\n        <\/li>\n        \n              \n        <li class=\"accordion-item\" data-accordion-item>\n          <a href=\"#\" class=\"accordion-title\">2017 \u00abPericolo in pillole\u00bb (Prescriptions contre l&rsquo;acn\u00e9: le scandale continue!). <\/a>\n          <div class=\"accordion-content\" data-tab-content>\n            <p>Diffus\u00e9 par l\u2019\u00e9mission Patti chiari de RSI (disponible <a href=\"https:\/\/www.rsi.ch\/la1\/programmi\/informazione\/patti-chiari\/Inchieste\/inchieste-andate-in-onda\/Pericolo-in-pillole--980995.html\" target=\"_blank\" rel=\"noopener\">ici en italien<\/a>) et par l\u2019\u00e9mission 36.9 de RTS (disponible <a href=\"https:\/\/www.rts.ch\/emissions\/36-9\/2017\/video\/prescriptions-contre-l-acne-le-scandale-continue-26588280.html\" target=\"_blank\" rel=\"noopener\">ici en fran\u00e7ais<\/a>).<\/p>\n          <\/div>\n        <\/li>\n        \n          <\/ul>\n  <\/div>\n\n\n\n\n<p class=\"back\"><a href=\"https:\/\/www.re-check.ch\/fr\/projets\/\" data-type=\"page\" data-id=\"14962\"><i class=\"icofont-rounded-left\"><\/i> retour<\/a><\/p>\n","protected":false},"excerpt":{"rendered":"<p>L\u2019isotr\u00e9tino\u00efne a \u00e9t\u00e9 d\u00e9couverte par hasard. En la testant sur des patients atteints de cancer, Hoffmann-La Roche, son fabricant, a constat\u00e9 qu\u2019elle am\u00e9liorait sensiblement l\u2019\u00e9tat de leur peau. En 1982, le g\u00e9ant de l\u2019industrie pharmaceutique a r\u00e9ussi \u00e0 la faire homologuer comme traitement contre l\u2019acn\u00e9. Quelque 150 effets secondaires ont \u00e9t\u00e9 attribu\u00e9s \u00e0 ce m\u00e9dicament<a class=\"excerpt-read-more\" href=\"https:\/\/www.re-check.ch\/fr\/projets\/isotretinoin-roaccutane\/\" title=\"ReadIsotretino\u00efne \u2013 Roaccutane\">&#8230; Read more &raquo;<\/a><\/p>\n","protected":false},"author":2,"featured_media":0,"parent":14962,"menu_order":0,"comment_status":"closed","ping_status":"closed","template":"template-full-width.php","meta":{"_acf_changed":false,"footnotes":""},"class_list":["post-18656","page","type-page","status-publish","hentry"],"acf":[],"_links":{"self":[{"href":"https:\/\/www.re-check.ch\/fr\/wp-json\/wp\/v2\/pages\/18656"}],"collection":[{"href":"https:\/\/www.re-check.ch\/fr\/wp-json\/wp\/v2\/pages"}],"about":[{"href":"https:\/\/www.re-check.ch\/fr\/wp-json\/wp\/v2\/types\/page"}],"author":[{"embeddable":true,"href":"https:\/\/www.re-check.ch\/fr\/wp-json\/wp\/v2\/users\/2"}],"replies":[{"embeddable":true,"href":"https:\/\/www.re-check.ch\/fr\/wp-json\/wp\/v2\/comments?post=18656"}],"version-history":[{"count":6,"href":"https:\/\/www.re-check.ch\/fr\/wp-json\/wp\/v2\/pages\/18656\/revisions"}],"predecessor-version":[{"id":19532,"href":"https:\/\/www.re-check.ch\/fr\/wp-json\/wp\/v2\/pages\/18656\/revisions\/19532"}],"up":[{"embeddable":true,"href":"https:\/\/www.re-check.ch\/fr\/wp-json\/wp\/v2\/pages\/14962"}],"wp:attachment":[{"href":"https:\/\/www.re-check.ch\/fr\/wp-json\/wp\/v2\/media?parent=18656"}],"curies":[{"name":"wp","href":"https:\/\/api.w.org\/{rel}","templated":true}]}}