{"id":18630,"date":"2024-04-02T07:23:05","date_gmt":"2024-04-02T07:23:05","guid":{"rendered":"https:\/\/2023.re-check.ch\/projets\/dmpa-injectable-contraceptives\/"},"modified":"2024-10-27T14:47:45","modified_gmt":"2024-10-27T14:47:45","slug":"dmpa-injectable-contraceptives","status":"publish","type":"page","link":"https:\/\/www.re-check.ch\/fr\/projets\/dmpa-injectable-contraceptives\/","title":{"rendered":"DMPA &#8211; Contraceptifs injectables"},"content":{"rendered":"\n<div class=\"wp-block-columns is-layout-flex wp-container-core-columns-is-layout-1 wp-block-columns-is-layout-flex\">\n<div class=\"wp-block-column is-layout-flow wp-block-column-is-layout-flow\">\n<figure class=\"wp-block-image size-full\"><a href=\"https:\/\/www.re-check.ch\/wp-content\/uploads\/2024\/02\/DMPA.jpg\"><img loading=\"lazy\" decoding=\"async\" width=\"650\" height=\"480\" src=\"https:\/\/www.re-check.ch\/wp-content\/uploads\/2024\/02\/DMPA.jpg\" alt=\"\" class=\"wp-image-18406\" srcset=\"https:\/\/www.re-check.ch\/wp-content\/uploads\/2024\/02\/DMPA.jpg 650w, https:\/\/www.re-check.ch\/wp-content\/uploads\/2024\/02\/DMPA-300x222.jpg 300w\" sizes=\"(max-width: 650px) 100vw, 650px\" \/><\/a><\/figure>\n<\/div>\n\n\n\n<div class=\"wp-block-column is-layout-flow wp-block-column-is-layout-flow\">\n<p>Les injections contraceptives trimestrielles (DMPA) de Pfizer ont derri\u00e8re elles 60 ans de controverses et de scandales. Aujourd\u2019hui pourtant, on les distribue massivement dans les pays en d\u00e9veloppement, en faisant fi des risques et avec la b\u00e9n\u00e9diction de l\u2019OMS. Une affaire qui ne concerne que le Tiers-Monde, alors? Rien n\u2019est moins s\u00fbr. A terme, Pfizer semble viser les pays industrialis\u00e9s, o\u00f9 la promotion du DMPA aupr\u00e8s des adolescentes a d\u00e9j\u00e0 commenc\u00e9.<\/p>\n<\/div>\n<\/div>\n\n\n\n<div style=\"height:31px\" aria-hidden=\"true\" class=\"wp-block-spacer\"><\/div>\n\n\n\n<h2 class=\"wp-block-heading\">Articles:<\/h2>\n\n\n\n<p>L\u2019enqu\u00eate en quatre volets \u00abDepo-Provera: le prochain scandale m\u00e9dical est en marche\u00bb, parue en 2015, est disponible sur Sept.info (acc\u00e8s payant). Par Catherine Riva.<\/p>\n\n\n\n<div class=\"block-accordeon\">\n      <ul class=\"accordion\" data-accordion data-multi-expand=\"true\" data-allow-all-closed=\"true\">\n              \n        <li class=\"accordion-item\" data-accordion-item>\n          <a href=\"#\" class=\"accordion-title\">1<sup>er<\/sup> volet <\/a>\n          <div class=\"accordion-content\" data-tab-content>\n            <p>Commercialis\u00e9es sous le nom de Depo-Provera, les injections contraceptives trimestrielles d\u2019ac\u00e9tate de m\u00e9droxyprogest\u00e9rone (DMPA) sont massivement distribu\u00e9es dans les pays en d\u00e9veloppement. Comme si leurs ant\u00e9c\u00e9dents controvers\u00e9s n\u2019avaient jamais exist\u00e9.<\/p>\n<p>(disponible <a href=\"https:\/\/www.sept.info\/depo-provera-scandale-14\" target=\"_blank\" rel=\"noopener\">ici<\/a>)<\/p>\n          <\/div>\n        <\/li>\n        \n              \n        <li class=\"accordion-item\" data-accordion-item>\n          <a href=\"#\" class=\"accordion-title\">2<sup>e<\/sup> volet <\/a>\n          <div class=\"accordion-content\" data-tab-content>\n            <p>Il y a 30 ans, les injections contraceptives trimestrielles \u00e9taient interdites aux Etats-Unis, et certains \u00e9pisodes peu reluisants de leur histoire encore dans tous les esprits. Aujourd\u2019hui, ces controverses semblent oubli\u00e9es. Le deuxi\u00e8me volet de cette enqu\u00eate r\u00e9v\u00e8le \u00e0 la faveur de quelles circonstances leur fabricant a pu retourner la situation.<\/p>\n<p>(disponible <a href=\"https:\/\/www.sept.info\/depo-provera-scandale-24\" target=\"_blank\" rel=\"noopener\">ici<\/a>)<\/p>\n          <\/div>\n        <\/li>\n        \n              \n        <li class=\"accordion-item\" data-accordion-item>\n          <a href=\"#\" class=\"accordion-title\">3<sup>e<\/sup> volet <\/a>\n          <div class=\"accordion-content\" data-tab-content>\n            <p>Les contraceptifs injectables \u00e0 base de progestatif sont aujourd\u2019hui distribu\u00e9s \u00e0 grande \u00e9chelle dans les pays en d\u00e9veloppement. Comme si toutes les controverses \u00e9taient r\u00e9solues. En r\u00e9alit\u00e9, on tait leurs risques. Ce troisi\u00e8me volet de cette enqu\u00eate se penche sur le r\u00f4le tr\u00e8s contestable que l\u2019OMS joue dans cette affaire.<\/p>\n<p>(disponible <a href=\"https:\/\/www.sept.info\/depo-provera-scandale-34\" target=\"_blank\" rel=\"noopener\">ici<\/a>)<\/p>\n          <\/div>\n        <\/li>\n        \n              \n        <li class=\"accordion-item\" data-accordion-item>\n          <a href=\"#\" class=\"accordion-title\">4<sup>e<\/sup> volet <\/a>\n          <div class=\"accordion-content\" data-tab-content>\n            <p>Les injections contraceptives trimestrielles Depo-Provera ont longtemps concern\u00e9 exclusivement les pays en d\u00e9veloppement et les handicap\u00e9es. Pourtant, tout indique qu\u2019\u00e0 terme, le march\u00e9 vis\u00e9 est celui des pays riches. O\u00f9 pouvoirs publics, corps m\u00e9dical et industrie tentent de faire oublier aux femmes pourquoi elles ont boud\u00e9 ce contraceptif pendant plus de 30 ans. Nom de code de leur recette: \u00abLARC\u00bb, Contraceptions de longue dur\u00e9e d&rsquo;action r\u00e9versibles.<\/p>\n<p>(disponible <a href=\"https:\/\/www.sept.info\/depo-provera-scandale-44\" target=\"_blank\" rel=\"noopener\">ici<\/a>)<\/p>\n          <\/div>\n        <\/li>\n        \n          <\/ul>\n  <\/div>\n\n\n\n\n<p class=\"back\"><a href=\"https:\/\/www.re-check.ch\/fr\/projets\/\" data-type=\"page\" data-id=\"14962\"><i class=\"icofont-rounded-left\"><\/i> retour<\/a><\/p>\n","protected":false},"excerpt":{"rendered":"<p>Les injections contraceptives trimestrielles (DMPA) de Pfizer ont derri\u00e8re elles 60 ans de controverses et de scandales. Aujourd\u2019hui pourtant, on les distribue massivement dans les pays en d\u00e9veloppement, en faisant fi des risques et avec la b\u00e9n\u00e9diction de l\u2019OMS. Une affaire qui ne concerne que le Tiers-Monde, alors? Rien n\u2019est moins s\u00fbr. A terme, Pfizer<a class=\"excerpt-read-more\" href=\"https:\/\/www.re-check.ch\/fr\/projets\/dmpa-injectable-contraceptives\/\" title=\"ReadDMPA &#8211; Contraceptifs injectables\">&#8230; Read more &raquo;<\/a><\/p>\n","protected":false},"author":2,"featured_media":0,"parent":14962,"menu_order":0,"comment_status":"closed","ping_status":"closed","template":"template-full-width.php","meta":{"_acf_changed":false,"footnotes":""},"class_list":["post-18630","page","type-page","status-publish","hentry"],"acf":[],"_links":{"self":[{"href":"https:\/\/www.re-check.ch\/fr\/wp-json\/wp\/v2\/pages\/18630"}],"collection":[{"href":"https:\/\/www.re-check.ch\/fr\/wp-json\/wp\/v2\/pages"}],"about":[{"href":"https:\/\/www.re-check.ch\/fr\/wp-json\/wp\/v2\/types\/page"}],"author":[{"embeddable":true,"href":"https:\/\/www.re-check.ch\/fr\/wp-json\/wp\/v2\/users\/2"}],"replies":[{"embeddable":true,"href":"https:\/\/www.re-check.ch\/fr\/wp-json\/wp\/v2\/comments?post=18630"}],"version-history":[{"count":7,"href":"https:\/\/www.re-check.ch\/fr\/wp-json\/wp\/v2\/pages\/18630\/revisions"}],"predecessor-version":[{"id":19540,"href":"https:\/\/www.re-check.ch\/fr\/wp-json\/wp\/v2\/pages\/18630\/revisions\/19540"}],"up":[{"embeddable":true,"href":"https:\/\/www.re-check.ch\/fr\/wp-json\/wp\/v2\/pages\/14962"}],"wp:attachment":[{"href":"https:\/\/www.re-check.ch\/fr\/wp-json\/wp\/v2\/media?parent=18630"}],"curies":[{"name":"wp","href":"https:\/\/api.w.org\/{rel}","templated":true}]}}