{"id":18614,"date":"2024-04-02T06:52:55","date_gmt":"2024-04-02T06:52:55","guid":{"rendered":"https:\/\/2023.re-check.ch\/projets\/covid-19\/"},"modified":"2024-11-29T16:17:55","modified_gmt":"2024-11-29T16:17:55","slug":"covid-19","status":"publish","type":"page","link":"https:\/\/www.re-check.ch\/fr\/projets\/covid-19\/","title":{"rendered":"COVID-19"},"content":{"rendered":"\n<div class=\"wp-block-columns is-layout-flex wp-container-core-columns-is-layout-1 wp-block-columns-is-layout-flex\">\n<div class=\"wp-block-column is-layout-flow wp-block-column-is-layout-flow\">\n<figure class=\"wp-block-image size-full\"><a href=\"https:\/\/www.re-check.ch\/wp-content\/uploads\/2024\/02\/Covid-19.jpg\"><img loading=\"lazy\" decoding=\"async\" width=\"612\" height=\"306\" src=\"https:\/\/www.re-check.ch\/wp-content\/uploads\/2024\/02\/Covid-19.jpg\" alt=\"\" class=\"wp-image-18404\" srcset=\"https:\/\/www.re-check.ch\/wp-content\/uploads\/2024\/02\/Covid-19.jpg 612w, https:\/\/www.re-check.ch\/wp-content\/uploads\/2024\/02\/Covid-19-300x150.jpg 300w\" sizes=\"(max-width: 612px) 100vw, 612px\" \/><\/a><\/figure>\n<\/div>\n\n\n\n<div class=\"wp-block-column is-layout-flow wp-block-column-is-layout-flow\">\n<p>Les chercheurs se pencheront sans doute encore longtemps sur cette \u00e9trange p\u00e9riode, lors de laquelle la soci\u00e9t\u00e9 a \u00e9t\u00e9 mise \u00e0 l\u2019arr\u00eat, les parlements ont cess\u00e9 de si\u00e9ger et la population enti\u00e8re a \u00e9t\u00e9 confin\u00e9e \u2013 dans certains pays, pendant plusieurs mois d\u2019affil\u00e9. <\/p>\n\n\n\n<p>Pour toutes leurs politiques de lutte contre la pand\u00e9mie entre 2020 et 2023, les gouvernements n\u2019ont gu\u00e8re produit de preuves d&rsquo;efficacit\u00e9. Des vaccins et des m\u00e9dicaments d\u00e9velopp\u00e9s dans la pr\u00e9cipitation ont \u00e9t\u00e9 homologu\u00e9s \u00e0 la va-vite et souvent impos\u00e9s \u00e0 des personnes de tous \u00e2ges, quel que soit leur risque individuel en cas d\u2019infection. Tout cela pour un coronavirus: connu pour \u00eatre un virus contre lequel il est difficile de d\u00e9velopper un vaccin, car il mute constamment, et pour provoquer des sympt\u00f4mes l\u00e9gers chez la plupart des gens \u2013 du moins jusqu\u2019en 2020. Avec COVID-19, en effet, tout a chang\u00e9.<\/p>\n\n\n\n<p>Les journalistes ont activement contribu\u00e9 \u00e0 cr\u00e9er la panique et la confusion en isolant et en muselant toutes les voix qui exprimaient leur d\u00e9saccord avec les politiques globales mises en \u0153uvre dans le monde entier. Parmi ces contradicteurs figuraient les scientifiques, les m\u00e9decins et les journalistes les plus exp\u00e9riment\u00e9s sp\u00e9cialis\u00e9s dans le domaine.<\/p>\n\n\n\n<p>L\u2019histoire ne sera pas tendre avec cette p\u00e9riode de folie et sa cascade de cons\u00e9quences \u00e0 long terme. La gestion de la crise COVID-19 a affect\u00e9 la mani\u00e8re de faire de la science, de g\u00e9rer la sant\u00e9 publique et de penser la d\u00e9mocratie.<\/p>\n<\/div>\n<\/div>\n\n\n\n<div style=\"height:31px\" aria-hidden=\"true\" class=\"wp-block-spacer\"><\/div>\n\n\n\n<h2 class=\"wp-block-heading\">Articles:<\/h2>\n\n\n\n<div class=\"block-accordeon\">\n      <ul class=\"accordion\" data-accordion data-multi-expand=\"true\" data-allow-all-closed=\"true\">\n              \n        <li class=\"accordion-item\" data-accordion-item>\n          <a href=\"#\" class=\"accordion-title\">2020: \u00abM\u00e9dias suisses et coronavirus: cesser de nourrir la peur\u201d<\/a>\n          <div class=\"accordion-content\" data-tab-content>\n            <p>La couverture m\u00e9diatique de l\u2019\u00e9pid\u00e9mie de coronavirus est anxiog\u00e8ne et \u00e9motionnelle. Elle pr\u00e9sente des chiffres qui ne permettent pas de se faire une id\u00e9e de la gravit\u00e9 de l\u2019\u00e9pid\u00e9mie. Et a tendance \u00e0 monter en \u00e9pingle des cas individuels peu repr\u00e9sentatifs ou des situations tr\u00e8s particuli\u00e8res comme celle de Bergame (Italie), sans aucune mise en perspective.<\/p>\n<p><a href=\"https:\/\/www.re-check.ch\/fr\/medias-suisses-covid-19\/\" target=\"_blank\" rel=\"noopener\">Article<\/a><\/p>\n          <\/div>\n        <\/li>\n        \n              \n        <li class=\"accordion-item\" data-accordion-item>\n          <a href=\"#\" class=\"accordion-title\">2020: \u00abLe journalisme en mode pand\u00e9mique: \u2018embedded\u2019, complaisant et incapable d\u2019informer le d\u00e9bat d\u00e9mocratique\u00bb<\/a>\n          <div class=\"accordion-content\" data-tab-content>\n            <p>Un ex\u00e9cutif dont les conf\u00e9rences de presse sont accessibles uniquement en streaming et lors desquelles les seules questions que les journalistes ont le droit de poser sont celles qu\u2019ils ont envoy\u00e9es au moins une heure \u00e0 l\u2019avance par e-mail. Des points de presse du gouvernement auxquels seule une poign\u00e9e de correspondants est autoris\u00e9e \u00e0 se rendre en personne. Des journalistes qui doivent obtenir une permission de la police pour interviewer des m\u00e9decins et sont escort\u00e9s par un agent durant leur travail. Ces instantan\u00e9s ne sont tir\u00e9s ni d\u2019une science-fiction dystopique, ni d\u2019un rapport d\u00e9non\u00e7ant les conditions impos\u00e9es aux journalistes par un autocrate: ils d\u00e9crivent la nouvelle normalit\u00e9 des m\u00e9dias suisses \u00e0 l\u2019\u00e9poque du coronavirus.<\/p>\n<p>Disponible en <a href=\"\/fr\/journalisme-pandemique-embedded\/\" target=\"_blank\" rel=\"noopener\">fran\u00e7ais<\/a>, en <a href=\"\/en\/journalism-pandemic-embedded\/#deutsch\" target=\"_blank\" rel=\"noopener\">allemand<\/a>, en <a href=\"\/en\/journalism-pandemic-embedded\/\" target=\"_blank\" rel=\"noopener\">anglais<\/a> et en italien (<a href=\"\/wp-content\/uploads\/2020\/05\/2020-04-22_Re-Check_Journalism-pandemic-embedded_ITA.pdf\">PDF<\/a>).<\/p>\n          <\/div>\n        <\/li>\n        \n              \n        <li class=\"accordion-item\" data-accordion-item>\n          <a href=\"#\" class=\"accordion-title\">2020: \u00abCrise du coronavirus: des nouvelles mesures pour quoi faire?\u00bb<\/a>\n          <div class=\"accordion-content\" data-tab-content>\n            <p>Le nombre d\u2019individus asymptomatiques ou l\u00e9g\u00e8rement symptomatiques dont les tests reviennent positifs constitue d\u00e9sormais une raison suffisante pour rendre obligatoire le port du masque dans les transports publics, menacer de reboucler les fronti\u00e8res, dresser une liste arbitraire de pays \u00ab\u00e0 risque\u00bb et imposer dix jours de quarantaine \u00e0 quiconque revient de l\u2019un de ces pays. Nous sommes entr\u00e9s dans un paradigme d\u00e9lirant et nos autorit\u00e9s nous ont fait savoir qu\u2019elles entendaient le prolonger <em>ad libitum<\/em>.<\/p>\n<p><a href=\"\/fr\/crise-du-coronavirus-des-nouvelles-mesures-pour-quoi-faire\/\" target=\"_blank\" rel=\"noopener\">Article<\/a><\/p>\n          <\/div>\n        <\/li>\n        \n              \n        <li class=\"accordion-item\" data-accordion-item>\n          <a href=\"#\" class=\"accordion-title\">2020: \u00abSoins intensifs satur\u00e9s et appels \u00e0 l\u2019aide des h\u00f4pitaux: le journalisme pand\u00e9mique a encore frapp\u00e9\u00bb <\/a>\n          <div class=\"accordion-content\" data-tab-content>\n            <p>Une couverture m\u00e9dia tr\u00e8s \u00e9motionnelle sur les taux d\u2019occupation des unit\u00e9s de soins intensifs en contexte COVID-19 s\u00e9vit en Suisse. Une fois de plus, ce qui manque malheureusement dans les nombreux comptes-rendus, ce sont des points de rep\u00e8re et des \u00e9l\u00e9ments de mise en perspective.<\/p>\n<p>Disponible en <a href=\"\/fr\/soins-intensifs-satures\/\" target=\"_blank\" rel=\"noopener\">fran\u00e7ais<\/a> et en <a href=\"\/fr\/soins-intensifs-satures-d\/\" target=\"_blank\" rel=\"noopener\">allemand<\/a>.<\/p>\n          <\/div>\n        <\/li>\n        \n              \n        <li class=\"accordion-item\" data-accordion-item>\n          <a href=\"#\" class=\"accordion-title\">2020: \u00abLe document du jour du GIJN: analyse d\u2019un communiqu\u00e9 de presse de Pfizer et BioNTech sur leur vaccin COVID-19\u00bb <\/a>\n          <div class=\"accordion-content\" data-tab-content>\n            <p>owan Philip du GIJN est revenu le temps d\u2019un article sur notre analyse d&rsquo;un communiqu\u00e9 de presse de Pfizer et BioNTech concernant l\u2019efficacit\u00e9 et la s\u00e9curit\u00e9 de leur vaccin COVID-19. Au lieu de le copier\/coller, \u00e0 quoi les journalistes doivent-ils \u00eatre attentifs lorsqu\u2019ils couvrent ce genre d\u2019annonce?<\/p>\n<p>Disponible en <a href=\"https:\/\/www.re-check.ch\/en\/document-of-the-day-pfizer-press-release\/\" target=\"_blank\" rel=\"noopener\">anglais<\/a>.<\/p>\n          <\/div>\n        <\/li>\n        \n              \n        <li class=\"accordion-item\" data-accordion-item>\n          <a href=\"#\" class=\"accordion-title\">2021: \u00abScience en mode pand\u00e9mique: l\u2019\u00e9trange cas de la Swiss National COVID-19 Science Task Force\u00bb<\/a>\n          <div class=\"accordion-content\" data-tab-content>\n            <p>La Swiss National COVID-19 Science Task Force est un groupe d\u2019experts cens\u00e9 \u00e9clairer les d\u00e9cideurs sur l\u2019\u00e9vidence scientifique dans la crise du coronavirus. Il jouit d\u2019une visibilit\u00e9 extraordinaire et influence le quotidien des Suisses de mani\u00e8re in\u00e9dite. Un d\u00e9bat sur sa l\u00e9gitimit\u00e9 et son r\u00f4le appara\u00eet plus n\u00e9cessaire que jamais. Et surtout, il est grand temps d\u2019examiner de mani\u00e8re critique la qualit\u00e9 de son travail scientifique.<\/p>\n<p>Disponible en <a href=\"\/fr\/science-pandemique-task-force\/\" target=\"_blank\" rel=\"noopener\">fran\u00e7ais<\/a>, en <a href=\"\/fr\/wissenschaft-pandemie-task-force\/\" target=\"_blank\" rel=\"noopener\">allemand<\/a> et en <a href=\"\/en\/science-pandemic-task-force\/\" target=\"_blank\" rel=\"noopener\">anglais<\/a>.<\/p>\n          <\/div>\n        <\/li>\n        \n              \n        <li class=\"accordion-item\" data-accordion-item>\n          <a href=\"#\" class=\"accordion-title\">2021: \u00abD\u00e9mocratie en mode pand\u00e9mique: l\u2019\u00e9trange cas du certificat COVID\u00bb<\/a>\n          <div class=\"accordion-content\" data-tab-content>\n            <p>L\u2019introduction des certificats COVID en Suisse repr\u00e9sente-t-elle juste une \u00e9tape in\u00e9vitable pour un retour \u00e0 une vie normale? Ou s\u2019agit-il plut\u00f4t d\u2019une pr\u00e9occupante exp\u00e9rimentation sociale impliquant des donn\u00e9es sensibles, qui entra\u00eenera la stigmatisation et l\u2019exclusion de celles et ceux qui refusent les conditions n\u00e9cessaires \u00e0 l\u2019obtention de ce \u00abs\u00e9same\u00bb? La votation sur la loi COVID-19 du 13 juin 2021 aurait d\u00fb \u00eatre l\u2019occasion d\u2019un d\u00e9bat de fond sur ces questions. Mais ce dernier n\u2019a pas eu lieu et les citoyens ne disposent pas de certaines informations essentielles pour pouvoir se prononcer de mani\u00e8re \u00e9clair\u00e9e.<\/p>\n<p>Disponible en <a href=\"\/fr\/certificat-covid\/\" target=\"_blank\" rel=\"noopener\">fran\u00e7ais<\/a>, en <a href=\"\/fr\/covid-zertifikat\/\" target=\"_blank\" rel=\"noopener\">allemand<\/a> et en <a href=\"\/en\/covid-certificate\/\" target=\"_blank\" rel=\"noopener\">anglais<\/a>.<\/p>\n          <\/div>\n        <\/li>\n        \n              \n        <li class=\"accordion-item\" data-accordion-item>\n          <a href=\"#\" class=\"accordion-title\">2021: \u00abThe EMA Covid-19 data leak, and what it tells us about mRNA instability\u00bb (Vaccins COVID-19: ce que la fuite de l\u2019EMA nous apprend sur l\u2019instabilit\u00e9 de l\u2019ARN messager)<\/a>\n          <div class=\"accordion-content\" data-tab-content>\n            <p>Des documents de l\u2019Agence europ\u00e9enne des m\u00e9dicaments (EMA), qui ont fuit\u00e9 \u00e0 la suite d\u2019une cyberattaque, montrent que parmi les premiers lots commerciaux du vaccin COVID-19 de Pfizer-BioNTech, certains pr\u00e9sentaient des niveaux de mol\u00e9cules d\u2019ARNm intacts inf\u00e9rieurs aux attentes. La mol\u00e9cule d\u2019ARNm compl\u00e8te et intacte est essentielle \u00e0 l\u2019efficacit\u00e9 du vaccin. Des documents confidentiels indiquent que l\u2019EMA \u00e9tait pr\u00e9occup\u00e9e par la diff\u00e9rence de qualit\u00e9 entre les lots cliniques et les lots commerciaux propos\u00e9s du vaccin Pfizer-BioNTech. Plus pr\u00e9cis\u00e9ment par les quantit\u00e9s \u00e9tonnamment faibles (environ 55%) d\u2019ARNm intact dans les lots du vaccin d\u00e9velopp\u00e9 pour la production commerciale. Autrement dit, celle-ci ne fabriquait pas les vaccins selon les sp\u00e9cifications attendues, et les r\u00e9gulateurs \u00e9taient inquiets des implications sur la s\u00e9curit\u00e9 et l&rsquo;efficacit\u00e9.<\/p>\n<p><a href=\"\/en\/bmj-ema-covid-19-data-leak\/\" target=\"_blank\" rel=\"noopener\">Disponible en anglais<\/a> sur le site du British Medical Journal.<\/p>\n          <\/div>\n        <\/li>\n        \n              \n        <li class=\"accordion-item\" data-accordion-item>\n          <a href=\"#\" class=\"accordion-title\">Alors que la course \u00e0 la vaccination dans le monde s\u2019acc\u00e9l\u00e8re, certains pays utilisent des m\u00e9thodes in\u00e9dites pour convaincre les moins dispos\u00e9s.  Disponible en anglais sur le site du British Medical Journal. <\/a>\n          <div class=\"accordion-content\" data-tab-content>\n            <p>Alors que la course \u00e0 la vaccination dans le monde s\u2019acc\u00e9l\u00e8re, certains pays utilisent des m\u00e9thodes in\u00e9dites pour convaincre les moins dispos\u00e9s.<\/p>\n<p><a href=\"https:\/\/www.bmj.com\/content\/374\/bmj.n1737\" target=\"_blank\" rel=\"noopener\">Disponible en anglais<\/a> sur le site du British Medical Journal.<\/p>\n          <\/div>\n        <\/li>\n        \n              \n        <li class=\"accordion-item\" data-accordion-item>\n          <a href=\"#\" class=\"accordion-title\">2021: \u00ab\u2018Function creep\u2019 en mode pand\u00e9mique: l\u2019\u00e9trange cas des certificats COVID-19\u00bb <\/a>\n          <div class=\"accordion-content\" data-tab-content>\n            <p>Re-Check publie, en collaboration avec le journaliste d&rsquo;investigation n\u00e9erlandais Jannes van Roermund, une s\u00e9rie en trois parties sur le potentiel de #FunctionCreep du passeport COVID-19 (\u00e9galement appel\u00e9 \u00ab green pass\u00bb, \u00abhealth pass\u00bb, \u00abCOVID pass\u00bb ou \u00abCertificat COVID\u00bb). Son champ d&rsquo;application a \u00e9t\u00e9 successivement \u00e9tendu dans la plupart des pays, o\u00f9 il est devenu un pr\u00e9requis pour pouvoir participer \u00e0 la vie en soci\u00e9t\u00e9. Depuis 2020, plusieurs acteurs priv\u00e9s et \u00e9tatiques pr\u00e9sentent la mise en place du certificat COVID-19 comme un moyen de cr\u00e9er un portefeuille d\u2019identit\u00e9 num\u00e9rique (e-ID). Nos recherches montrent qu\u2019un vaste r\u00e9seau d\u2019entit\u00e9s gouvernementales et non gouvernementales s\u2019appuie sur la crise pour faire avancer son agenda.<\/p>\n<p>Disponible en <a href=\"https:\/\/www.re-check.ch\/fr\/function-creep-certificats-covid-19-recapitulatif\/\" target=\"_blank\" rel=\"noopener\">fran\u00e7ais<\/a>, en <a href=\"\/fr\/function-creep-covid-19-zertifikate-zusammenfassung\/\" target=\"_blank\" rel=\"noopener\">allemand<\/a> et en <a href=\"https:\/\/www.re-check.ch\/en\/function-creep-covid-19-certificates-summary\/\" target=\"_blank\" rel=\"noopener\">anglais<\/a>. La version publi\u00e9e par la plateforme d&rsquo;investigation n\u00e9erlandaise Follow The Money est disponible (connexion requise) en <a href=\"https:\/\/www.ftm.nl\/artikelen\/internationale-digid-lobby?share=8LzmwQOBGmhlGlENbFEkrIFLRmTlbuLCY3sy940BqSB76dmO16O3fvRGgfQt\" target=\"_blank\" rel=\"noopener\">n\u00e9erlandais<\/a> et en <a href=\"https:\/\/www.ftm.eu\/articles\/scientists-caution-against-new-digital-identity\" target=\"_blank\" rel=\"noopener\">anglais<\/a>.<\/p>\n<p>Ces textes sont accompagn\u00e9s d&rsquo;une cartographie d\u00e9taill\u00e9e du r\u00e9seau d\u2019acteurs impliqu\u00e9s: en <a href=\"\/fr\/e-id-mapping-f\/\" target=\"_blank\" rel=\"noopener\">fran\u00e7ais<\/a>, en <a href=\"\/fr\/e-id-mapping-d\/\" target=\"_blank\" rel=\"noopener\">allemand<\/a> et en <a href=\"\/en\/e-id-mapping-e\/\" target=\"_blank\" rel=\"noopener\">anglais<\/a>.<\/p>\n          <\/div>\n        <\/li>\n        \n              \n        <li class=\"accordion-item\" data-accordion-item>\n          <a href=\"#\" class=\"accordion-title\">2021: \u00abCOVID-19: Whatever happened to the Novavax vaccine?\u00bb (COVID-19: qu\u2019est-il arriv\u00e9 au vaccin de Novavax?)<\/a>\n          <div class=\"accordion-content\" data-tab-content>\n            <p>Novavax avait annonc\u00e9 disposer d\u2019un vaccin tr\u00e8s prometteur. Sa technologie plus traditionnelle et la simplicit\u00e9 de son stockage avaient attir\u00e9 d\u2019\u00e9normes investissements dans le monde entier. Mais, alors que la deuxi\u00e8me ann\u00e9e de la pand\u00e9mie touche \u00e0 sa fin, l\u2019entreprise se d\u00e9bat toujours avec les autorit\u00e9s r\u00e9glementaires, d\u00e9\u00e7oit nombre de gouvernements et arrive loin derri\u00e8re ses concurrents.<\/p>\n<p><a href=\"https:\/\/www.bmj.com\/content\/375\/bmj.n2965\" target=\"_blank\" rel=\"noopener\">Disponible en anglais<\/a> sur le site du British Medical Journal.<\/p>\n          <\/div>\n        <\/li>\n        \n              \n        <li class=\"accordion-item\" data-accordion-item>\n          <a href=\"#\" class=\"accordion-title\">2024: \u00abLe\u00e7ons de la couverture Covid: les m\u00e9dias peuvent rendre fou\u00bb<\/a>\n          <div class=\"accordion-content\" data-tab-content>\n            <p>Nous avons contribu\u00e9 \u00e0 l\u2019ouvrage collectif \u00ab<a href=\"https:\/\/www.editionsfavre.com\/livres\/sans-diversite-de-vues-pas-de-journalisme\/\" target=\"_blank\" rel=\"noreferrer noopener\">Sans diversit\u00e9 de vue, pas de journalisme<\/a>\u00bb avec un chapitre original (\u00abLe\u00e7ons de la couverture Covid: les m\u00e9dias peuvent rendre fou\u00bb). Ce livre coordonn\u00e9 par Myret Zaki est paru aux Editions Favre. (Disponible <a class=\"linkIcon type_pdf\" href=\"https:\/\/www.re-check.ch\/wp-content\/uploads\/2024\/11\/2024-02_Re-Check_Lecons-de-la-couverture-Covid.pdf\" target=\"_blank\" rel=\"noreferrer noopener\" data-type=\"link\" data-id=\"https:\/\/www.re-check.ch\/wp-content\/uploads\/2024\/11\/2024-02_Re-Check_Lecons-de-la-couverture-Covid-1.pdf\">ici au format PDF<\/a>)<\/p>\n          <\/div>\n        <\/li>\n        \n          <\/ul>\n  <\/div>\n\n\n\n\n<p>Sur le sujet, consultez \u00e9galement les <a href=\"https:\/\/www.re-check.ch\/fr\/resources\/webinars\/\" target=\"_blank\" rel=\"noreferrer noopener\">webinaires <\/a>auxquels Re-Check a particip\u00e9 et les <a href=\"https:\/\/www.re-check.ch\/fr\/resources\/interviews\/\" data-type=\"link\" data-id=\"https:\/\/www.re-check.ch\/fr\/resources\/interviews\/\" target=\"_blank\" rel=\"noreferrer noopener\">interviews <\/a>que Catherine Riva et Serena Tinari ont accord\u00e9es \u00e0 plusieurs m\u00e9dias de diff\u00e9rents pays.<\/p>\n\n\n\n<p class=\"back\"><a href=\"https:\/\/www.re-check.ch\/fr\/projets\/\" data-type=\"page\" data-id=\"14962\"><i class=\"icofont-rounded-left\"><\/i> retour<\/a><\/p>\n","protected":false},"excerpt":{"rendered":"<p>Les chercheurs se pencheront sans doute encore longtemps sur cette \u00e9trange p\u00e9riode, lors de laquelle la soci\u00e9t\u00e9 a \u00e9t\u00e9 mise \u00e0 l\u2019arr\u00eat, les parlements ont cess\u00e9 de si\u00e9ger et la population enti\u00e8re a \u00e9t\u00e9 confin\u00e9e \u2013 dans certains pays, pendant plusieurs mois d\u2019affil\u00e9. Pour toutes leurs politiques de lutte contre la pand\u00e9mie entre 2020 et<a class=\"excerpt-read-more\" href=\"https:\/\/www.re-check.ch\/fr\/projets\/covid-19\/\" title=\"ReadCOVID-19\">&#8230; Read more &raquo;<\/a><\/p>\n","protected":false},"author":2,"featured_media":0,"parent":14962,"menu_order":0,"comment_status":"closed","ping_status":"closed","template":"template-full-width.php","meta":{"_acf_changed":false,"footnotes":""},"class_list":["post-18614","page","type-page","status-publish","hentry"],"acf":[],"_links":{"self":[{"href":"https:\/\/www.re-check.ch\/fr\/wp-json\/wp\/v2\/pages\/18614"}],"collection":[{"href":"https:\/\/www.re-check.ch\/fr\/wp-json\/wp\/v2\/pages"}],"about":[{"href":"https:\/\/www.re-check.ch\/fr\/wp-json\/wp\/v2\/types\/page"}],"author":[{"embeddable":true,"href":"https:\/\/www.re-check.ch\/fr\/wp-json\/wp\/v2\/users\/2"}],"replies":[{"embeddable":true,"href":"https:\/\/www.re-check.ch\/fr\/wp-json\/wp\/v2\/comments?post=18614"}],"version-history":[{"count":14,"href":"https:\/\/www.re-check.ch\/fr\/wp-json\/wp\/v2\/pages\/18614\/revisions"}],"predecessor-version":[{"id":20305,"href":"https:\/\/www.re-check.ch\/fr\/wp-json\/wp\/v2\/pages\/18614\/revisions\/20305"}],"up":[{"embeddable":true,"href":"https:\/\/www.re-check.ch\/fr\/wp-json\/wp\/v2\/pages\/14962"}],"wp:attachment":[{"href":"https:\/\/www.re-check.ch\/fr\/wp-json\/wp\/v2\/media?parent=18614"}],"curies":[{"name":"wp","href":"https:\/\/api.w.org\/{rel}","templated":true}]}}