{"id":15589,"date":"2021-05-08T15:58:32","date_gmt":"2021-05-08T15:58:32","guid":{"rendered":"https:\/\/www.re-check.ch\/wordpress\/?page_id=15589"},"modified":"2024-01-30T09:39:36","modified_gmt":"2024-01-30T09:39:36","slug":"ethique","status":"publish","type":"page","link":"https:\/\/www.re-check.ch\/fr\/ethique\/","title":{"rendered":"Ethique"},"content":{"rendered":"<h1 style=\"text-align: center;\"><span style=\"color: #b65043;\">Nos principes \u00e9thiques<br \/>\n<\/span><\/h1>\n<h1 style=\"text-align: center;\"><span style=\"color: #ffffff;\">Re-Check s&rsquo;est donn\u00e9 pour mission de pratiquer et de promouvoir le journalisme d\u2019enqu\u00eate dans le domaine de la sant\u00e9 et de la m\u00e9decine.<\/span><\/h1>\n<h1 style=\"text-align: center;\"><span style=\"color: #ffffff;\">Re-Check contribue \u00e0 des projets \u00e0 l\u2019intersection entre la recherche acad\u00e9mique et la diffusion d\u2019informations fond\u00e9es sur des preuves \u00e0 un large public.<\/span><\/h1>\n<h1 style=\"text-align: center;\"><span style=\"color: #ffffff;\">Nous croyons en la transparence et nous concevons le journalisme d\u2019enqu\u00eate comme un travail d\u2019int\u00e9r\u00eat public.<\/span><\/h1>\n<h1 style=\"text-align: center;\"><span style=\"color: #ffffff;\">Notre charte \u00e9thique d\u00e9taille nos valeurs fondamentales et nos principes.<\/span><\/h1>\n<p><a href=\"https:\/\/www.re-check.ch\/wp-content\/uploads\/2016\/07\/Logo-PNG.png\"><img loading=\"lazy\" decoding=\"async\" class=\"alignnone wp-image-11823\" src=\"https:\/\/www.re-check.ch\/wp-content\/uploads\/2016\/07\/Logo-PNG.png\" width=\"41\" height=\"40\" srcset=\"https:\/\/www.re-check.ch\/wp-content\/uploads\/2016\/07\/Logo-PNG.png 511w, https:\/\/www.re-check.ch\/wp-content\/uploads\/2016\/07\/Logo-PNG-150x150.png 150w, https:\/\/www.re-check.ch\/wp-content\/uploads\/2016\/07\/Logo-PNG-300x294.png 300w, https:\/\/www.re-check.ch\/wp-content\/uploads\/2016\/07\/Logo-PNG-66x66.png 66w, https:\/\/www.re-check.ch\/wp-content\/uploads\/2016\/07\/Logo-PNG-200x196.png 200w, https:\/\/www.re-check.ch\/wp-content\/uploads\/2016\/07\/Logo-PNG-400x391.png 400w\" sizes=\"(max-width: 41px) 100vw, 41px\" \/><\/a> Charte \u00e9thique de Re-Check<\/p>\n<p>La mission de Re-Check est de pratiquer et de promouvoir le journalisme d\u2019enqu\u00eate dans le domaine de la sant\u00e9 et de la m\u00e9decine, et de contribuer \u00e0 des projets qui sont \u00e0 l\u2019intersection entre la recherche acad\u00e9mique et la diffusion d\u2019informations fond\u00e9es sur des preuves \u00e0 un large public. Nous croyons en la transparence et nous concevons le journalisme d\u2019enqu\u00eate comme un travail d\u2019int\u00e9r\u00eat public, qui veille au respect de la d\u00e9mocratie. Nous sommes attach\u00e9s au droit du public \u00e0 la v\u00e9rit\u00e9 et \u00e0 l\u2019\u00e9quit\u00e9, et nous \u0153uvrons pour exposer les injustices, les messages incorrects et les partis pris non d\u00e9clar\u00e9s. Toutes les valeurs et r\u00e8gles \u00e9nonc\u00e9es ici entendent contribuer \u00e0 cette mission. L\u2019int\u00e9grit\u00e9 est la pierre angulaire de Re-Check. Nos contenus doivent \u00eatre pr\u00e9cis, minutieux, complets et justes. Nous appliquons \u00e0 notre travail les principes \u00e9thiques du journalisme tels qu\u2019ils sont d\u00e9crits dans la <a href=\"https:\/\/presserat.ch\/fr\/code-de-deontologie-des-journalistes\/erklaerungen\/\" target=\"_blank\" rel=\"noopener noreferrer\">D\u00e9claration suisse des devoirs et des droits du journaliste<\/a>.<\/p>\n<p>Les informations soumises \u00e0 Re-Check seront trait\u00e9es et analys\u00e9es par des journalistes inscrits au Registre professionnel suisse (RP), qui appliquent \u00e0 leur travail les principes \u00e9thiques du journalisme (<a href=\"https:\/\/presserat.ch\/fr\/code-de-deontologie-des-journalistes\/erklaerungen\/\">D\u00e9claration suisse des devoirs et des droits du journaliste<\/a>). Les dispositions de ce code de d\u00e9ontologie serviront de base pour d\u00e9terminer si l\u2019information sera publi\u00e9e ou non et, le cas \u00e9ch\u00e9ant, sous quelle forme. L\u2019information sera donc diffus\u00e9e de mani\u00e8re \u00e9thique et non incontr\u00f4l\u00e9e.<\/p>\n<p>Notre cr\u00e9dibilit\u00e9 repose sur un journalisme d\u2019enqu\u00eate honn\u00eate, pr\u00e9cis, juste et minutieux. Nous veillons scrupuleusement \u00e0 v\u00e9rifier notre travail et nos analyses sont le reflet de notre meilleure appr\u00e9ciation ind\u00e9pendante. Nous nous effor\u00e7ons d\u2019identifier toutes nos sources d\u2019information. Nous prot\u00e9geons nos sources par l\u2019anonymat uniquement lorsque les conditions suivantes sont r\u00e9unies: lorsque la source insiste pour rester anonyme, fournit des informations essentielles \u2013 et non des opinions ou des sp\u00e9culations \u2013 et lorsque ces m\u00eames informations ne peuvent \u00eatre obtenues par d\u2019autres moyens. Dans la mesure du possible, nous identifions dans nos articles tout parti pris important d\u2019une source. Si l\u2019enqu\u00eate repose sur des documents, nous d\u00e9crivons comment ces documents ont \u00e9t\u00e9 obtenus. Nous prenons au s\u00e9rieux toute remise en cause de l\u2019int\u00e9grit\u00e9 de nos reportages et si des erreurs ont \u00e9t\u00e9 commises, elles sont rapidement corrig\u00e9es et admises en temps opportun, de mani\u00e8re explicite, compl\u00e8te et transparente. Lorsque nous ne pouvons pas corroborer une information, nous le d\u00e9clarons.<\/p>\n<p>Nous ne nous pr\u00e9sentons pas sous une fausse identit\u00e9 ou sous un faux jour pour obtenir des r\u00e9v\u00e9lations. Nous ne payons pas pour des interviews. Nous ne plagions pas. Lorsque nous d\u00e9peignons une personne sous un jour n\u00e9gatif, nous faisons un r\u00e9el effort pour obtenir une r\u00e9ponse de sa part. Nous donnons aux personnes et aux organisations un d\u00e9lai raisonnable pour nous r\u00e9pondre avant de publier. Toutes les sources seront trait\u00e9es avec courtoisie et respect. Nous nous engageons \u00e0 faire preuve d\u2019une sensibilit\u00e9 particuli\u00e8re lorsque nous avons affaire \u00e0 des enfants ou encore \u00e0 des sources ou des personnes inexp\u00e9riment\u00e9es.<\/p>\n<p>Re-Check n\u2019apporte pas de contributions, directes ou indirectes, \u00e0 des campagnes politiques, \u00e0 des partis politiques ou \u00e0 des groupes qui cherchent \u00e0 collecter des fonds pour des campagnes ou partis politiques. Nous ne travaillons pas sur des sujets, des projets ou des initiatives envers lesquels nous avons un lien personnel, un int\u00e9r\u00eat direct ou un int\u00e9r\u00eat financier. Nous d\u00e9clarons toute relation (partenaires ou bailleurs de fonds) qui pourrait donner l\u2019impression d\u2019influencer notre mani\u00e8re de traiter un sujet. Nous nous effor\u00e7ons d\u2019expliquer \u00e0 notre public le processus d\u2019\u00e9laboration de nos articles et de mettre \u00e0 disposition du public des donn\u00e9es brutes et des documents.<\/p>\n<p>Re-Check n\u2019accepte aucune forme de financement, direct ou indirect, de la part d\u2019entreprises, d\u2019organisations ou d\u2019individus qui poursuivent un agenda dans le domaine de la sant\u00e9 et de la m\u00e9decine. Nous n\u2019acceptons pas de publicit\u00e9 sur notre site web. Nous nous engageons \u00e0 d\u00e9clarer de mani\u00e8re transparente tout conflit d\u2019int\u00e9r\u00eat que nous pourrions avoir concernant un projet ou une publication sp\u00e9cifique. Les dons sup\u00e9rieurs \u00e0 1500 francs suisses seront d\u00e9clar\u00e9s dans notre rapport financier de fin d\u2019ann\u00e9e qui sera publi\u00e9 sur notre site web. Nous nous r\u00e9servons le droit de refuser et\/ou de renvoyer tout don re\u00e7u par PayPal, sans avoir \u00e0 fournir d\u2019explications. Les dons seront utilis\u00e9s pour : a) la maintenance du site web de Re-Check ; b) couvrir les co\u00fbts li\u00e9s aux activit\u00e9s de Re-Check, tels que: frais de voyage, fourniture de bureau, mat\u00e9riel marketing (autocollants, flyers), informatique (mat\u00e9riel, licences de logiciels, frais d\u2019enregistrement de domaine) ; c) couvrir les frais de recherche, de conception graphique, de support technique pour le mappage, et autres travaux n\u00e9cessaires aux productions de Re-Check. Tous les co\u00fbts de plus de 500 francs suisses seront d\u00e9clar\u00e9s dans notre rapport financier de fin d\u2019ann\u00e9e.<\/p>\n<p>Re-Check r\u00e9pondra \u00e0 toutes les questions courtoises qui lui seront adress\u00e9es par le biais de son site web ou de ses comptes sur les r\u00e9seaux sociaux. Nous n\u2019entrerons pas en mati\u00e8re lorsque nous avons affaire \u00e0 des utilisateurs dont le but est la calomnie, la diffamation et l\u2019injure.<\/p>\n<p>Re-Check s\u2019appuie sur les conseils d\u2019un Comit\u00e9 consultatif international. Ses membres sont des journalistes d\u2019investigation professionnels, des universitaires et des d\u00e9fenseurs de la s\u00e9curit\u00e9 des patients. Le Comit\u00e9 consultatif international n\u2019est pas responsable du contenu du site web de Re-Check et ne r\u00e9pond pas l\u00e9galement des activit\u00e9s de Re-Check. Ses membres n\u2019ont aucun conflit d\u2019int\u00e9r\u00eat dans le domaine de la sant\u00e9 et de la m\u00e9decine et conseillent Re-Check b\u00e9n\u00e9volement.<\/p>\n<h3 style=\"text-align: center;\"><span style=\"color: #b65043;\">T\u00e9l\u00e9charger notre charte \u00e9thique au format <a href=\"https:\/\/www.re-check.ch\/wp-content\/uploads\/2021\/05\/2021-05_RE-CHECK_Ethical-Charter_F.pdf\" target=\"_blank\" rel=\"noopener noreferrer\">PDF<\/a><\/span><\/h3>\n<h3 style=\"text-align: center;\"><span style=\"color: #b65043;\">En mati\u00e8re de contenus, Re-Check a adopt\u00e9 une politique d\u2019open access avec licence Creative Commons<br \/>\n<\/span><\/h3>\n<h3><a href=\"https:\/\/www.re-check.ch\/wp-content\/uploads\/2020\/11\/2000px-cc_by-nc-nd_euro_icon-s-1-e1605614060831.png\"><img loading=\"lazy\" decoding=\"async\" class=\"alignleft wp-image-15117 size-full\" src=\"https:\/\/www.re-check.ch\/wp-content\/uploads\/2020\/11\/2000px-cc_by-nc-nd_euro_icon-s-1-e1605614428701.png\" alt=\"\" width=\"120\" height=\"42\" \/><\/a>Notre licence Creative Commons<\/h3>\n<h4><span style=\"color: #008faf;\"><span style=\"color: #3f6168;\">De mani\u00e8re g\u00e9n\u00e9rale, le mat\u00e9riel du site Internet de <span style=\"color: #b65043;\">Re-Check<\/span> peut \u00eatre utilis\u00e9 pour \u00eatre republi\u00e9 sous une licence <a href=\"https:\/\/creativecommons.org\/licenses\/?lang=en\" target=\"_blank\" rel=\"noopener noreferrer\">Creative Commons Attribution &#8211; Pas d\u2019Utilisation Commerciale &#8211; Pas de Modification 4.0 International (CC BY-NC-ND 4.0)<\/a>.<\/span><\/span><\/h4>\n<h4><span style=\"color: #008faf;\"><span style=\"color: #3f6168;\">Vous pouvez volontiers republier les contenus g\u00e9n\u00e9r\u00e9s par <span style=\"color: #b65043;\">Re-Check<\/span> \u00e0 des fins non commerciales. <\/span><\/span><\/h4>\n<h4><span style=\"color: #008faf;\"><span style=\"color: #3f6168;\">Mais avant d&rsquo;utiliser l\u2019un de nos contenus, veuillez nous <a href=\"https:\/\/www.re-check.ch\/fr\/contact-re-check-2\/\" target=\"_blank\" rel=\"noopener noreferrer\">demander la permission<\/a>.<\/span><\/span><\/h4>\n<h4><span style=\"color: #008faf;\"><span style=\"color: #3f6168;\">Lorsque vous utilisez nos contenus, vous avez l\u2019obligation de cr\u00e9diter <span style=\"color: #b65043;\">Re-Check<\/span> et les auteurs, de fournir un lien vers le contenu original sur le site Internet de <span style=\"color: #b65043;\">Re-Check<\/span> et un lien vers la licence Creative Commons Attribution &#8211; Pas d\u2019Utilisation Commerciale &#8211; Pas de Modification 4.0 International.<\/span><\/span><\/h4>\n<h4><span style=\"color: #008faf;\"><span style=\"color: #3f6168;\">Nous n\u2019autorisons aucune modification de nos contenus originaux.<\/span><\/span><\/h4>\n<p>DIVULGUER DES INFORMATIONSS&rsquo;ABONNER A LA NEWSLETTERFAIRE UN DON<\/p>\n","protected":false},"excerpt":{"rendered":"<p>Nos principes \u00e9thiques Re-Check s&rsquo;est donn\u00e9 pour mission de pratiquer et de promouvoir le journalisme d\u2019enqu\u00eate dans le domaine de la sant\u00e9 et de la m\u00e9decine. Re-Check contribue \u00e0 des projets \u00e0 l\u2019intersection entre la recherche acad\u00e9mique et la diffusion d\u2019informations fond\u00e9es sur des preuves \u00e0 un large public. Nous croyons en la transparence et<a class=\"excerpt-read-more\" href=\"https:\/\/www.re-check.ch\/fr\/ethique\/\" title=\"ReadEthique\">&#8230; Read more &raquo;<\/a><\/p>\n","protected":false},"author":1,"featured_media":0,"parent":0,"menu_order":0,"comment_status":"closed","ping_status":"closed","template":"template-full-width.php","meta":{"_acf_changed":false,"footnotes":""},"class_list":["post-15589","page","type-page","status-publish","hentry"],"acf":[],"_links":{"self":[{"href":"https:\/\/www.re-check.ch\/fr\/wp-json\/wp\/v2\/pages\/15589"}],"collection":[{"href":"https:\/\/www.re-check.ch\/fr\/wp-json\/wp\/v2\/pages"}],"about":[{"href":"https:\/\/www.re-check.ch\/fr\/wp-json\/wp\/v2\/types\/page"}],"author":[{"embeddable":true,"href":"https:\/\/www.re-check.ch\/fr\/wp-json\/wp\/v2\/users\/1"}],"replies":[{"embeddable":true,"href":"https:\/\/www.re-check.ch\/fr\/wp-json\/wp\/v2\/comments?post=15589"}],"version-history":[{"count":101,"href":"https:\/\/www.re-check.ch\/fr\/wp-json\/wp\/v2\/pages\/15589\/revisions"}],"predecessor-version":[{"id":16957,"href":"https:\/\/www.re-check.ch\/fr\/wp-json\/wp\/v2\/pages\/15589\/revisions\/16957"}],"wp:attachment":[{"href":"https:\/\/www.re-check.ch\/fr\/wp-json\/wp\/v2\/media?parent=15589"}],"curies":[{"name":"wp","href":"https:\/\/api.w.org\/{rel}","templated":true}]}}