{"id":15511,"date":"2021-05-11T13:46:41","date_gmt":"2021-05-11T13:46:41","guid":{"rendered":"https:\/\/www.re-check.ch\/wordpress\/?page_id=15511"},"modified":"2025-01-08T13:10:04","modified_gmt":"2025-01-08T13:10:04","slug":"soutenir-re-check","status":"publish","type":"page","link":"https:\/\/www.re-check.ch\/fr\/soutenir-re-check\/","title":{"rendered":"Soutenir Re-Check"},"content":{"rendered":"\n<h2 class=\"wp-block-heading\">Soutenir le travail de Re-Check<\/h2>\n\n\n\n<p class=\"has-text-align-left\">Notre travail dans le cadre de Re-Check n\u2019est pas r\u00e9mun\u00e9r\u00e9.<\/p>\n\n\n\n<p>Nous percevons parfois des honoraires lorsque nous donnons des conf\u00e9rences et des cours, ou encore pour des mandats ad hoc (publications, travail de recherche).<\/p>\n\n\n\n<p>Vous pouvez nous soutenir:<\/p>\n\n\n\n<ul class=\"wp-block-list\">\n<li>en faisant un don sur le compte de Re-Check:<br>IBAN: CH12 0690 0059 3826 1000 8<br>Re-Check Investigating and Mapping Health Affairs<br>Rudolf-Diesel-Strasse 28<br>CH-8404 Winterthur<\/li>\n<\/ul>\n\n\n\n<ul class=\"wp-block-list mt30\">\n<li>en faisant un don via PayPal (paiements par cartes de cr\u00e9dits accept\u00e9s), avec le bouton ci-dessous:<\/li>\n<\/ul>\n\n\n\n<form action=\"https:\/\/www.paypal.com\/donate\/?hosted_button_id=UVRSFWRUF4RPE\" method=\"post\" target=\"_top\">\n<p><input title=\"PayPal - The safer, easier way to pay online!\" alt=\"Donate with PayPal button\" name=\"submit\" src=\"https:\/\/www.paypalobjects.com\/fr_FR\/CH\/i\/btn\/btn_donateCC_LG.gif\" type=\"image\"><\/p>\n<p>Si vous le souhaitez, nous pouvons vous faire parvenir un bulletin de versement: il vous suffit de nous communiquer votre adresse par la biais de notre <a href=\"https:\/\/www.re-check.ch\/fr\/contact-re-check-2\/\" target=\"_blank\" rel=\"noopener\">formulaire de contact<\/a>.<\/p>\n<figure><img loading=\"lazy\" decoding=\"async\" src=\"https:\/\/www.paypal.com\/fr_CH\/i\/scr\/pixel.gif\" alt=\"\" width=\"1\" height=\"1\" border=\"0\"><\/figure><p><\/p>\n<\/form>\n\n\n\n<figure class=\"wp-block-image\"><img decoding=\"async\" src=\"https:\/\/www.paypal.com\/fr_CH\/i\/scr\/pixel.gif\" alt=\"\"\/><\/figure>\n\n\n\n<p><span style=\"color: #b65043;\"><strong>Nous vous remercions de votre confiance et de votre g\u00e9n\u00e9rosit\u00e9!<br><\/strong><\/span><\/p>\n\n\n\n<p>Re-Check n\u2019accepte aucune forme de financement, direct ou indirect, de la part d\u2019entreprises, d\u2019organisations ou d\u2019individus qui poursuivent un agenda dans le domaine de la sant\u00e9 et de la m\u00e9decine. Nous n\u2019acceptons pas de publicit\u00e9 sur notre site web. Nous nous r\u00e9servons le droit de refuser et\/ou de renvoyer tout don re\u00e7u sans fournir d\u2019explications.<\/p>\n\n\n\n<p>Notre charte \u00e9thique d\u00e9taille notre politique de dons (<a href=\"https:\/\/www.re-check.ch\/fr\/a-propos\/\" target=\"_blank\" rel=\"noreferrer noopener\">en ligne<\/a> | au format <a href=\"https:\/\/www.re-check.ch\/wp-content\/uploads\/2024\/10\/2024-10_RE-CHECK_Ethical-Charter_F.pdf\" target=\"_blank\" rel=\"noreferrer noopener\">PDF<\/a>)<\/p>\n","protected":false},"excerpt":{"rendered":"<p>Soutenir le travail de Re-Check Notre travail dans le cadre de Re-Check n\u2019est pas r\u00e9mun\u00e9r\u00e9. Nous percevons parfois des honoraires lorsque nous donnons des conf\u00e9rences et des cours, ou encore pour des mandats ad hoc (publications, travail de recherche). Vous pouvez nous soutenir: Si vous le souhaitez, nous pouvons vous faire parvenir un bulletin de<a class=\"excerpt-read-more\" href=\"https:\/\/www.re-check.ch\/fr\/soutenir-re-check\/\" title=\"ReadSoutenir Re-Check\">&#8230; Read more &raquo;<\/a><\/p>\n","protected":false},"author":1,"featured_media":0,"parent":0,"menu_order":0,"comment_status":"closed","ping_status":"closed","template":"template-full-width.php","meta":{"_acf_changed":false,"footnotes":""},"class_list":["post-15511","page","type-page","status-publish","hentry"],"acf":[],"_links":{"self":[{"href":"https:\/\/www.re-check.ch\/fr\/wp-json\/wp\/v2\/pages\/15511"}],"collection":[{"href":"https:\/\/www.re-check.ch\/fr\/wp-json\/wp\/v2\/pages"}],"about":[{"href":"https:\/\/www.re-check.ch\/fr\/wp-json\/wp\/v2\/types\/page"}],"author":[{"embeddable":true,"href":"https:\/\/www.re-check.ch\/fr\/wp-json\/wp\/v2\/users\/1"}],"replies":[{"embeddable":true,"href":"https:\/\/www.re-check.ch\/fr\/wp-json\/wp\/v2\/comments?post=15511"}],"version-history":[{"count":139,"href":"https:\/\/www.re-check.ch\/fr\/wp-json\/wp\/v2\/pages\/15511\/revisions"}],"predecessor-version":[{"id":20328,"href":"https:\/\/www.re-check.ch\/fr\/wp-json\/wp\/v2\/pages\/15511\/revisions\/20328"}],"wp:attachment":[{"href":"https:\/\/www.re-check.ch\/fr\/wp-json\/wp\/v2\/media?parent=15511"}],"curies":[{"name":"wp","href":"https:\/\/api.w.org\/{rel}","templated":true}]}}