{"id":15474,"date":"2021-03-08T17:05:53","date_gmt":"2021-03-08T17:05:53","guid":{"rendered":"https:\/\/www.re-check.ch\/wordpress\/?page_id=15474"},"modified":"2024-10-29T11:08:59","modified_gmt":"2024-10-29T11:08:59","slug":"divulguer","status":"publish","type":"page","link":"https:\/\/www.re-check.ch\/fr\/resources\/divulguer\/","title":{"rendered":"Lanceurs d&rsquo;alerte"},"content":{"rendered":"\n<div class=\"wp-block-columns mb50 is-layout-flex wp-container-core-columns-is-layout-1 wp-block-columns-is-layout-flex\">\n<div class=\"wp-block-column is-layout-flow wp-block-column-is-layout-flow\">\n<figure class=\"wp-block-image size-full\"><img loading=\"lazy\" decoding=\"async\" width=\"800\" height=\"612\" src=\"https:\/\/www.re-check.ch\/wp-content\/uploads\/2024\/02\/GlobaLeaks-1024x783-2-800x612-1.png\" alt=\"\" class=\"wp-image-18443\" srcset=\"https:\/\/www.re-check.ch\/wp-content\/uploads\/2024\/02\/GlobaLeaks-1024x783-2-800x612-1.png 800w, https:\/\/www.re-check.ch\/wp-content\/uploads\/2024\/02\/GlobaLeaks-1024x783-2-800x612-1-300x230.png 300w, https:\/\/www.re-check.ch\/wp-content\/uploads\/2024\/02\/GlobaLeaks-1024x783-2-800x612-1-768x588.png 768w\" sizes=\"(max-width: 800px) 100vw, 800px\" \/><\/figure>\n\n\n\n<p><\/p>\n<\/div>\n\n\n\n<div class=\"wp-block-column is-layout-flow wp-block-column-is-layout-flow\">\n<p>Vous disposez d\u2019informations confidentielles dans le domaine de la sant\u00e9 publique et de la m\u00e9decine, et vous vous demandez comment les partager avec nous de mani\u00e8re s\u00fbre? Vous pouvez contacter Re-Check par l\u2019interm\u00e9diaire de notre plateforme s\u00e9curis\u00e9e GlobaLeaks.<\/p>\n\n\n\n<p>Bien que nous ayons conclu un partenariat avec la plateforme s\u00e9curis\u00e9e la plus fiable qui soit, vous devez savoir qu\u2019il est tr\u00e8s difficile, de nos jours, de rester en s\u00e9curit\u00e9 sur Internet. Si vos informations sont extr\u00eamement sensibles et\/ou si le risque que vous courez en les divulguant est tr\u00e8s important, envisagez d\u2019utiliser l\u2019envoi postal \u00e0 la place. <\/p>\n\n\n\n<p><strong>Avant de soumettre quoi que ce soit via la plateforme Re-Checks GlobaLeaks, lisez attentivement les conseils ci-apr\u00e8s.<\/strong><\/p>\n<\/div>\n<\/div>\n\n\n\n<div class=\"block-accordeon\">\n      <ul class=\"accordion\" data-accordion data-multi-expand=\"true\" data-allow-all-closed=\"true\">\n              \n        <li class=\"accordion-item\" data-accordion-item>\n          <a href=\"#\" class=\"accordion-title\">Quels sont les risques potentiels et comment puis-je me prot\u00e9ger?<\/a>\n          <div class=\"accordion-content\" data-tab-content>\n            <p>Si vous \u00eates identifi\u00e9 comme \u00e9tant \u00e0 l\u2019origine des informations divulgu\u00e9es, vous pouvez faire l\u2019objet de poursuites civiles ou p\u00e9nales et\/ou subir des pr\u00e9judices, y compris \u00eatre licenci\u00e9 par votre employeur. Re-Check entend bien que la protection de votre identit\u00e9 est d\u2019une importance capitale, et m\u00eame s\u2019il existe toujours des risques, vous pouvez prendre certaines mesures pour les minimiser, notamment:<\/p>\n<ul>\n<li>utiliser un navigateur s\u00e9curis\u00e9, tel que <a href=\"https:\/\/www.torproject.org\/download\/\" target=\"_blank\" rel=\"noopener\">TOR<\/a>;<\/li>\n<li>utiliser uniquement notre service de messagerie s\u00e9curis\u00e9e pour nous contacter;<\/li>\n<li>utiliser un ordinateur personnel ou public et NON un ordinateur de travail;<\/li>\n<li>ne pas discuter de votre intention de divulguer des informations avec quelqu\u2019un d\u2019autre;<\/li>\n<li>ne pas discuter avec quelqu\u2019un d\u2019autre des informations que vous nous avez transmises;<\/li>\n<li>examiner si les informations que vous fournissez permettent de vous identifier.<\/li>\n<\/ul>\n<p>Si vous souhaitez un avis ind\u00e9pendant et conna\u00eetre les implications juridiques potentielles de votre divulgation, vous pouvez vous adresser \u00e0 des organisations qui aident les lanceurs d\u2019alerte. <a href=\"https:\/\/www.whistleblowers.org\/\" target=\"_blank\" rel=\"noopener\">La liste \u00e9tablie par le National Whistleblower Center (NWC) peut \u00eatre un bon point de d\u00e9part<\/a>.<\/p>\n          <\/div>\n        <\/li>\n        \n              \n        <li class=\"accordion-item\" data-accordion-item>\n          <a href=\"#\" class=\"accordion-title\">Comment puis-je soumettre des informations \u00e0 Re-Check?<\/a>\n          <div class=\"accordion-content\" data-tab-content>\n            <p>L\u2019envoi de vos informations \u00e0 Re-Check peut se faire de trois mani\u00e8res:<\/p>\n<ul>\n<li>Confidentiel: vous d\u00e9cidez de vous identifier, en fournissant votre nom et vos coordonn\u00e9es ; le contenu de vos informations ne peut \u00eatre retrac\u00e9 ou consult\u00e9 par des tiers.<\/li>\n<li>Anonyme: vous pr\u00e9f\u00e9rez ne pas \u00eatre identifi\u00e9, mais vous pouvez dialoguer anonymement avec nous.<\/li>\n<li>S\u00e9curit\u00e9 maximale: le signalement se fait via le navigateur Tor. Ce mode op\u00e9ratoire rend le signal et la source intra\u00e7ables et offre \u00e0 l\u2019informateur la possibilit\u00e9 de dialoguer avec nous de mani\u00e8re confidentielle et anonyme.<\/li>\n<\/ul>\n          <\/div>\n        <\/li>\n        \n              \n        <li class=\"accordion-item\" data-accordion-item>\n          <a href=\"#\" class=\"accordion-title\">Comment Re-Check assure-t-il ma s\u00e9curit\u00e9 et ma confidentialit\u00e9?<\/a>\n          <div class=\"accordion-content\" data-tab-content>\n            <p>Nous avons pris un certain nombre de mesures afin de minimiser les risques pour ceux qui souhaitent nous envoyer des informations:<\/p>\n<ul>\n<li>Nous avons \u00e9tabli un partenariat avec GlobaLeaks (<a href=\"https:\/\/www.globaleaks.org\/\" target=\"_blank\" rel=\"noopener\">https:\/\/www.globaleaks.org\/<\/a>) et une plateforme en ligne open source permettant de transmettre des informations de mani\u00e8re s\u00e9curis\u00e9e et anonymes. Lorsque vous soumettrez vos informations, elles seront envoy\u00e9es en utilisant ce service;<\/li>\n<li>Nous assurerons la confidentialit\u00e9 de votre identit\u00e9;<\/li>\n<li>Nous anonymiserons les informations que vous nous fournissez dans toutes les publications o\u00f9 elles seront utilis\u00e9es;<\/li>\n<li>Nous offrons un syst\u00e8me de messagerie consid\u00e9r\u00e9 comme s\u00e9curis\u00e9 pour maintenir le contact.<\/li>\n<li>Si vous informations sont extr\u00eamement sensibles et\/ou si le risque personnel que vous courez en les divulguant est tr\u00e8s important, envisagez d\u2019utiliser l\u2019envoi postal \u00e0 la place:<\/li>\n<\/ul>\n<p><strong>Adresse postale:<\/strong><br \/>\nRe-Check<br \/>\nRudolf-Diesel-Strasse 28<br \/>\nCH \u2013 8409 Winterthur<br \/>\nSwitzerland<\/p>\n          <\/div>\n        <\/li>\n        \n              \n        <li class=\"accordion-item\" data-accordion-item>\n          <a href=\"#\" class=\"accordion-title\">Comment fonctionne la s\u00e9curit\u00e9 de GlobaLeaks? <\/a>\n          <div class=\"accordion-content\" data-tab-content>\n            <p>Une fois la soumission effectu\u00e9e sur une plateforme GlobaLeaks, les donn\u00e9es sont chiffr\u00e9es \u00e0 l\u2019aide de PGP et le syst\u00e8me informe automatiquement Re-Check. Les plateformes GlobaLeaks ne stockent rien de mani\u00e8re permanente et les informations et fichiers soumis sont supprim\u00e9s d\u00e8s que possible gr\u00e2ce \u00e0 une politique stricte de conservation des donn\u00e9es. <a href=\"https:\/\/www.globaleaks.org\/features\/#security-features\" target=\"_blank\" rel=\"noopener\">Cliquez ici pour en savoir plus sur les caract\u00e9ristiques de la plateforme<\/a>.<\/p>\n          <\/div>\n        <\/li>\n        \n              \n        <li class=\"accordion-item\" data-accordion-item>\n          <a href=\"#\" class=\"accordion-title\">Quel usage fera Re-Check des informations soumises?<\/a>\n          <div class=\"accordion-content\" data-tab-content>\n            <p>Les informations soumises seront trait\u00e9es et analys\u00e9es par des journalistes exp\u00e9riment\u00e9s qui appliquent \u00e0 leur travail les principes \u00e9thiques qui gouvernent le journalisme (<a href=\"https:\/\/presserat.ch\/fr\/journalistenkodex\/erklaerungen\/\" target=\"_blank\" rel=\"noopener\">D\u00e9claration des devoirs et des droits du\/de la journaliste<\/a>). Les dispositions de ce code de d\u00e9ontologie serviront de base pour d\u00e9terminer si l\u2019information sera publi\u00e9e ou non et, le cas \u00e9ch\u00e9ant, sous quelle forme. L\u2019information sera donc diffus\u00e9e de mani\u00e8re \u00e9thique et non de fa\u00e7on incontr\u00f4l\u00e9e.<\/p>\n          <\/div>\n        <\/li>\n        \n              \n        <li class=\"accordion-item\" data-accordion-item>\n          <a href=\"#\" class=\"accordion-title\">Comment puis-je transmettre des informations confidentielles \u00e0 Re-Check via GlobaLeaks?<\/a>\n          <div class=\"accordion-content\" data-tab-content>\n            <p>Veuillez clique <a href=\"https:\/\/report.re-check.ch\/#\/\" target=\"_blank\" rel=\"noopener\">ici<\/a> et suivre les instructions.<\/p>\n          <\/div>\n        <\/li>\n        \n          <\/ul>\n  <\/div>\n\n\n\n\n<p class=\"back\"><a href=\"https:\/\/www.re-check.ch\/fr\/resources\/\" data-type=\"page\" data-id=\"18724\"><i class=\"icofont-rounded-left\"><\/i> retour<\/a><\/p>\n","protected":false},"excerpt":{"rendered":"<p>Vous disposez d\u2019informations confidentielles dans le domaine de la sant\u00e9 publique et de la m\u00e9decine, et vous vous demandez comment les partager avec nous de mani\u00e8re s\u00fbre? Vous pouvez contacter Re-Check par l\u2019interm\u00e9diaire de notre plateforme s\u00e9curis\u00e9e GlobaLeaks. Bien que nous ayons conclu un partenariat avec la plateforme s\u00e9curis\u00e9e la plus fiable qui soit, vous<a class=\"excerpt-read-more\" href=\"https:\/\/www.re-check.ch\/fr\/resources\/divulguer\/\" title=\"ReadLanceurs d&rsquo;alerte\">&#8230; Read more &raquo;<\/a><\/p>\n","protected":false},"author":1,"featured_media":0,"parent":18724,"menu_order":0,"comment_status":"closed","ping_status":"closed","template":"template-full-width.php","meta":{"_acf_changed":false,"footnotes":""},"class_list":["post-15474","page","type-page","status-publish","hentry"],"acf":[],"_links":{"self":[{"href":"https:\/\/www.re-check.ch\/fr\/wp-json\/wp\/v2\/pages\/15474"}],"collection":[{"href":"https:\/\/www.re-check.ch\/fr\/wp-json\/wp\/v2\/pages"}],"about":[{"href":"https:\/\/www.re-check.ch\/fr\/wp-json\/wp\/v2\/types\/page"}],"author":[{"embeddable":true,"href":"https:\/\/www.re-check.ch\/fr\/wp-json\/wp\/v2\/users\/1"}],"replies":[{"embeddable":true,"href":"https:\/\/www.re-check.ch\/fr\/wp-json\/wp\/v2\/comments?post=15474"}],"version-history":[{"count":55,"href":"https:\/\/www.re-check.ch\/fr\/wp-json\/wp\/v2\/pages\/15474\/revisions"}],"predecessor-version":[{"id":20038,"href":"https:\/\/www.re-check.ch\/fr\/wp-json\/wp\/v2\/pages\/15474\/revisions\/20038"}],"up":[{"embeddable":true,"href":"https:\/\/www.re-check.ch\/fr\/wp-json\/wp\/v2\/pages\/18724"}],"wp:attachment":[{"href":"https:\/\/www.re-check.ch\/fr\/wp-json\/wp\/v2\/media?parent=15474"}],"curies":[{"name":"wp","href":"https:\/\/api.w.org\/{rel}","templated":true}]}}