{"id":15056,"date":"2020-11-16T21:11:39","date_gmt":"2020-11-16T21:11:39","guid":{"rendered":"https:\/\/www.re-check.ch\/wordpress\/?page_id=15056"},"modified":"2024-12-13T09:28:09","modified_gmt":"2024-12-13T09:28:09","slug":"guide-gijn","status":"publish","type":"page","link":"https:\/\/www.re-check.ch\/fr\/resources\/guide-gijn\/","title":{"rendered":"Guide GIJN"},"content":{"rendered":"\n<div class=\"wp-block-columns mb50 is-layout-flex wp-container-core-columns-is-layout-1 wp-block-columns-is-layout-flex\">\n<div class=\"wp-block-column is-layout-flow wp-block-column-is-layout-flow\">\n<figure class=\"wp-block-image size-full\"><img loading=\"lazy\" decoding=\"async\" width=\"661\" height=\"328\" src=\"https:\/\/www.re-check.ch\/wp-content\/uploads\/2024\/02\/Guide-GIJN.png\" alt=\"\" class=\"wp-image-18446\" srcset=\"https:\/\/www.re-check.ch\/wp-content\/uploads\/2024\/02\/Guide-GIJN.png 661w, https:\/\/www.re-check.ch\/wp-content\/uploads\/2024\/02\/Guide-GIJN-300x149.png 300w\" sizes=\"(max-width: 661px) 100vw, 661px\" \/><\/figure>\n\n\n\n<p><\/p>\n<\/div>\n\n\n\n<div class=\"wp-block-column is-layout-flow wp-block-column-is-layout-flow\">\n<p>Comment mener l\u2019enqu\u00eate dans le domaine de la sant\u00e9 et de la m\u00e9decine? A la demande du Global Investigative Journalism Network (GIJN), nous avons r\u00e9dig\u00e9 un guide pour aider les journalistes et les chercheurs qui d\u00e9butent dans cette th\u00e9matique. Accompagn\u00e9 de nombreux exemples et d\u2019une foule d&rsquo;outils pratiques, il expose les bases de notre m\u00e9thode qui combine les standards du journalisme d\u2019enqu\u00eate et de la m\u00e9decine fond\u00e9e sur les preuves (EBM).<\/p>\n<\/div>\n<\/div>\n\n\n\n<p>Ce guide traite des m\u00e9dicaments et des dispositifs m\u00e9dicaux. Il vise \u00e0 fournir aux journalistes les outils et les connaissances n\u00e9cessaires pour \u00e9valuer les preuves de mani\u00e8re ind\u00e9pendante, appr\u00e9cier le rapport risque-b\u00e9n\u00e9fice de tout produit ou de toute politique de mani\u00e8re critique, et d\u00e9noncer la corruption et les mauvaises pratiques. Il peut \u00eatre lu comme un manuel, un chapitre \u00e0 la fois, ou utilis\u00e9 de mani\u00e8re s\u00e9lective pour vous \u00e9pauler dans votre travail.<\/p>\n\n\n\n<p>Con\u00e7u et \u00e9crit par Catherine Riva et Serena Tinari (Re-Check.ch), sur commande de GIJN.<\/p>\n\n\n\n<p>Illustrations: Marcelle Louw<\/p>\n\n\n\n<p>Disponible en ligne <a href=\"https:\/\/gijn.org\/fr\/ressource\/enqueter-sur-la-sante-et-la-medecine\/\" target=\"_blank\" rel=\"noreferrer noopener\">ici<\/a> | T\u00e9l\u00e9charger au format <a href=\"https:\/\/gijn.org\/wp-content\/uploads\/2020\/11\/Guide_Enquete_Sante_GIJN.pdf\" target=\"_blank\" rel=\"noreferrer noopener\">PDF<\/a><\/p>\n\n\n\n<p>Disponible aussi en <a href=\"https:\/\/gijn.org\/resource\/health-and-medicine-guide-preface\/\" target=\"_blank\" rel=\"noreferrer noopener\">anglais<\/a>, en <a href=\"https:\/\/www.recentiprogressi.it\/content\/custom\/assets\/pdf\/GIJN-Guide_to_Journalism_1.pdf\" target=\"_blank\" rel=\"noreferrer noopener\">italien<\/a>, en <a href=\"https:\/\/gijn.org\/es\/recurso\/guia-de-gijn-sobre-investigacion-periodistica-en-salud-y-medicina-prefacio\/\" target=\"_blank\" rel=\"noreferrer noopener\">espagnol<\/a>, en <a href=\"https:\/\/gijn.org\/ru\/istorii\/top-10-sovetov-po-rassledovaniyam-v-oblasti-zdravoohraneniya\/\" target=\"_blank\" rel=\"noreferrer noopener\">russe<\/a>, en <a href=\"https:\/\/gijn.org\/hi\/sansadhan\/kovida-19-sambandhi-svasthya-aura-cikitsa-para-gijn-gaida\/\" target=\"_blank\" rel=\"noreferrer noopener\">hindi<\/a> et en <a href=\"https:\/\/gijn.org\/ar\/%d8%a7%d9%84%d9%85%d9%88%d8%a7%d8%b1%d8%af\/%d8%aa%d9%82%d8%b5%d9%8a-%d8%a7%d9%84%d8%b5%d8%ad%d8%a9-%d9%88%d8%a7%d9%84%d8%af%d9%88%d8%a7%d8%a1\/\" target=\"_blank\" rel=\"noreferrer noopener\">arabe<\/a><\/p>\n\n\n\n<p class=\"back\"><a href=\"https:\/\/www.re-check.ch\/fr\/resources\/\" data-type=\"page\" data-id=\"18724\"><i class=\"icofont-rounded-left\"><\/i> retour<\/a><\/p>\n\n\n\n<p><\/p>\n","protected":false},"excerpt":{"rendered":"<p>Comment mener l\u2019enqu\u00eate dans le domaine de la sant\u00e9 et de la m\u00e9decine? A la demande du Global Investigative Journalism Network (GIJN), nous avons r\u00e9dig\u00e9 un guide pour aider les journalistes et les chercheurs qui d\u00e9butent dans cette th\u00e9matique. Accompagn\u00e9 de nombreux exemples et d\u2019une foule d&rsquo;outils pratiques, il expose les bases de notre m\u00e9thode<a class=\"excerpt-read-more\" href=\"https:\/\/www.re-check.ch\/fr\/resources\/guide-gijn\/\" title=\"ReadGuide GIJN\">&#8230; Read more &raquo;<\/a><\/p>\n","protected":false},"author":1,"featured_media":0,"parent":18724,"menu_order":0,"comment_status":"closed","ping_status":"closed","template":"template-full-width.php","meta":{"_acf_changed":false,"footnotes":""},"class_list":["post-15056","page","type-page","status-publish","hentry"],"acf":[],"_links":{"self":[{"href":"https:\/\/www.re-check.ch\/fr\/wp-json\/wp\/v2\/pages\/15056"}],"collection":[{"href":"https:\/\/www.re-check.ch\/fr\/wp-json\/wp\/v2\/pages"}],"about":[{"href":"https:\/\/www.re-check.ch\/fr\/wp-json\/wp\/v2\/types\/page"}],"author":[{"embeddable":true,"href":"https:\/\/www.re-check.ch\/fr\/wp-json\/wp\/v2\/users\/1"}],"replies":[{"embeddable":true,"href":"https:\/\/www.re-check.ch\/fr\/wp-json\/wp\/v2\/comments?post=15056"}],"version-history":[{"count":25,"href":"https:\/\/www.re-check.ch\/fr\/wp-json\/wp\/v2\/pages\/15056\/revisions"}],"predecessor-version":[{"id":20322,"href":"https:\/\/www.re-check.ch\/fr\/wp-json\/wp\/v2\/pages\/15056\/revisions\/20322"}],"up":[{"embeddable":true,"href":"https:\/\/www.re-check.ch\/fr\/wp-json\/wp\/v2\/pages\/18724"}],"wp:attachment":[{"href":"https:\/\/www.re-check.ch\/fr\/wp-json\/wp\/v2\/media?parent=15056"}],"curies":[{"name":"wp","href":"https:\/\/api.w.org\/{rel}","templated":true}]}}