{"id":14962,"date":"2020-11-16T21:12:19","date_gmt":"2020-11-16T21:12:19","guid":{"rendered":"https:\/\/www.re-check.ch\/wordpress\/?page_id=14962"},"modified":"2025-04-17T16:34:01","modified_gmt":"2025-04-17T16:34:01","slug":"projets","status":"publish","type":"page","link":"https:\/\/www.re-check.ch\/fr\/projets\/","title":{"rendered":"Projets"},"content":{"rendered":"\n<p>Re-Check est impliqu\u00e9 dans plusieurs projets avec des partenaires internationaux (pour plus de d\u00e9tails, reportez-vous aux pages d\u00e9di\u00e9es ci-dessous). Nous paticipons \u00e0 des projets qui servent l\u2019int\u00e9r\u00eat public et dans lesquels nos connaissances peuvent \u00eatre utiles. Nombre de ces projets sont pro bono, mais nous touchons une r\u00e9mun\u00e9ration dans certains cas. M\u00eame si nos capacit\u00e9s sont limit\u00e9es, nous sommes toujours int\u00e9ress\u00e9es par des collaborations potentielles: n&rsquo;h\u00e9sitez pas \u00e0 nous <a href=\"https:\/\/www.re-check.ch\/fr\/contact-re-check-2\/\" target=\"_blank\" rel=\"noreferrer noopener\">contacter<\/a> si vous pensez que nous pourrions \u00eatre compatibles.<\/p>\n\n\n\n\n  <div class=\"block-cards grid-x grid-margin-x grid-margin-y small-up-1 medium-up-2 large-up-3\">  \n            <div class=\"cell\">\n          <div class=\"inner\" style=\"background-image:url(https:\/\/www.re-check.ch\/wp-content\/uploads\/2019\/11\/Publication.jpg);\">\n          <a class=\"\" href=\"https:\/\/www.re-check.ch\/en\/projects\/ghoman-6\/\">\n           <h3>GhoMan \u2013 Chasing the Ghosts<\/h3>\n          <\/a>\n        <\/div>\n        <\/div>\n    \n            <div class=\"cell\">\n          <div class=\"inner\" style=\"background-image:url(https:\/\/www.re-check.ch\/wp-content\/uploads\/2024\/10\/epistudia.jpg);\">\n          <a class=\"\" href=\"https:\/\/www.re-check.ch\/fr\/projets\/epistudia-mastering-health-reporting\/\">\n           <h3>Epistudia \u2013 Mastering Health Reporting<\/h3>\n          <\/a>\n        <\/div>\n        <\/div>\n    \n      <\/div>\n\n\n\n\n<p><\/p>\n\n\n\n<p><\/p>\n\n\n\n<p><\/p>\n\n\n\n<p><\/p>\n\n\n\n<hr class=\"wp-block-separator has-alpha-channel-opacity\"\/>\n\n\n\n<h2 class=\"wp-block-heading\">Enqu\u00eates<\/h2>\n\n\n\n<p><\/p>\n\n\n\n\n  <div class=\"block-cards grid-x grid-margin-x grid-margin-y small-up-1 medium-up-2 large-up-3\">  \n            <div class=\"cell\">\n          <div class=\"inner\" style=\"background-image:url(https:\/\/www.re-check.ch\/wp-content\/uploads\/2024\/02\/HPV-book.jpg);\">\n          <a class=\"\" href=\"https:\/\/www.re-check.ch\/en\/projects\/hpv-vaccination-2\/\">\n           <h3>Vaccination anti-HPV<\/h3>\n          <\/a>\n        <\/div>\n        <\/div>\n    \n            <div class=\"cell\">\n          <div class=\"inner\" style=\"background-image:url(https:\/\/www.re-check.ch\/wp-content\/uploads\/2024\/02\/Covid-19.jpg);\">\n          <a class=\"\" href=\"https:\/\/www.re-check.ch\/en\/projects\/covid-19\/\">\n           <h3>COVID-19<\/h3>\n          <\/a>\n        <\/div>\n        <\/div>\n    \n            <div class=\"cell\">\n          <div class=\"inner\" style=\"background-image:url(https:\/\/www.re-check.ch\/wp-content\/uploads\/2024\/02\/H1N1.jpg);\">\n          <a class=\"\" href=\"https:\/\/www.re-check.ch\/en\/projects\/h1n1\/\">\n           <h3>H1N1<\/h3>\n          <\/a>\n        <\/div>\n        <\/div>\n    \n            <div class=\"cell\">\n          <div class=\"inner\" style=\"background-image:url(https:\/\/www.re-check.ch\/wp-content\/uploads\/2024\/02\/Oseltamivir-Tamiflu.jpg);\">\n          <a class=\"\" href=\"https:\/\/www.re-check.ch\/en\/projects\/oseltamivir-tamiflu\/\">\n           <h3>Oseltamivir &#8211; Tamiflu<\/h3>\n          <\/a>\n        <\/div>\n        <\/div>\n    \n            <div class=\"cell\">\n          <div class=\"inner\" style=\"background-image:url(https:\/\/www.re-check.ch\/wp-content\/uploads\/2024\/02\/Mediator.png);\">\n          <a class=\"\" href=\"https:\/\/www.re-check.ch\/en\/projects\/mediator\/\">\n           <h3>Mediator<\/h3>\n          <\/a>\n        <\/div>\n        <\/div>\n    \n            <div class=\"cell\">\n          <div class=\"inner\" style=\"background-image:url(https:\/\/www.re-check.ch\/wp-content\/uploads\/2024\/02\/Isotretinoin-Roaccutane.jpg);\">\n          <a class=\"\" href=\"https:\/\/www.re-check.ch\/en\/projects\/isotretinoin-roaccutane\/\">\n           <h3>Isotretino\u00efne \u2013 Roaccutane<\/h3>\n          <\/a>\n        <\/div>\n        <\/div>\n    \n            <div class=\"cell\">\n          <div class=\"inner\" style=\"background-image:url(https:\/\/www.re-check.ch\/wp-content\/uploads\/2024\/04\/endo.jpg);\">\n          <a class=\"\" href=\"https:\/\/www.re-check.ch\/en\/projects\/endometriosis\/\">\n           <h3>Endom\u00e9triose<\/h3>\n          <\/a>\n        <\/div>\n        <\/div>\n    \n            <div class=\"cell\">\n          <div class=\"inner\" style=\"background-image:url(https:\/\/www.re-check.ch\/wp-content\/uploads\/2024\/02\/DMPA.jpg);\">\n          <a class=\"\" href=\"https:\/\/www.re-check.ch\/en\/projects\/dmpa-injectable-contraceptives\/\">\n           <h3>DMPA &#8211; Contraceptifs injectables<\/h3>\n          <\/a>\n        <\/div>\n        <\/div>\n    \n            <div class=\"cell\">\n          <div class=\"inner\" style=\"background-image:url(https:\/\/www.re-check.ch\/wp-content\/uploads\/2024\/02\/Breast-Cancer-Screening.jpg);\">\n          <a class=\"\" href=\"https:\/\/www.re-check.ch\/en\/projects\/breast-cancer-screening\/\">\n           <h3>D\u00e9pistage du cancer du sein<\/h3>\n          <\/a>\n        <\/div>\n        <\/div>\n    \n            <div class=\"cell\">\n          <div class=\"inner\" style=\"background-image:url(https:\/\/www.re-check.ch\/wp-content\/uploads\/2024\/02\/Birth-Control-Pills.jpg);\">\n          <a class=\"\" href=\"https:\/\/www.re-check.ch\/en\/projects\/birth-control-pills\/\">\n           <h3>Contraceptifs oraux<\/h3>\n          <\/a>\n        <\/div>\n        <\/div>\n    \n      <\/div>\n\n\n\n\n<p><\/p>\n","protected":false},"excerpt":{"rendered":"<p>Re-Check est impliqu\u00e9 dans plusieurs projets avec des partenaires internationaux (pour plus de d\u00e9tails, reportez-vous aux pages d\u00e9di\u00e9es ci-dessous). Nous paticipons \u00e0 des projets qui servent l\u2019int\u00e9r\u00eat public et dans lesquels nos connaissances peuvent \u00eatre utiles. Nombre de ces projets sont pro bono, mais nous touchons une r\u00e9mun\u00e9ration dans certains cas. M\u00eame si nos capacit\u00e9s<a class=\"excerpt-read-more\" href=\"https:\/\/www.re-check.ch\/fr\/projets\/\" title=\"ReadProjets\">&#8230; Read more &raquo;<\/a><\/p>\n","protected":false},"author":1,"featured_media":0,"parent":0,"menu_order":0,"comment_status":"closed","ping_status":"closed","template":"template-full-width.php","meta":{"_acf_changed":false,"footnotes":""},"class_list":["post-14962","page","type-page","status-publish","hentry"],"acf":[],"_links":{"self":[{"href":"https:\/\/www.re-check.ch\/fr\/wp-json\/wp\/v2\/pages\/14962"}],"collection":[{"href":"https:\/\/www.re-check.ch\/fr\/wp-json\/wp\/v2\/pages"}],"about":[{"href":"https:\/\/www.re-check.ch\/fr\/wp-json\/wp\/v2\/types\/page"}],"author":[{"embeddable":true,"href":"https:\/\/www.re-check.ch\/fr\/wp-json\/wp\/v2\/users\/1"}],"replies":[{"embeddable":true,"href":"https:\/\/www.re-check.ch\/fr\/wp-json\/wp\/v2\/comments?post=14962"}],"version-history":[{"count":47,"href":"https:\/\/www.re-check.ch\/fr\/wp-json\/wp\/v2\/pages\/14962\/revisions"}],"predecessor-version":[{"id":20370,"href":"https:\/\/www.re-check.ch\/fr\/wp-json\/wp\/v2\/pages\/14962\/revisions\/20370"}],"wp:attachment":[{"href":"https:\/\/www.re-check.ch\/fr\/wp-json\/wp\/v2\/media?parent=14962"}],"curies":[{"name":"wp","href":"https:\/\/api.w.org\/{rel}","templated":true}]}}