{"id":14505,"date":"2019-11-21T19:36:30","date_gmt":"2019-11-21T19:36:30","guid":{"rendered":"http:\/\/www.re-check.ch\/wordpress\/?page_id=14505"},"modified":"2024-11-05T08:10:57","modified_gmt":"2024-11-05T08:10:57","slug":"ghoman-6","status":"publish","type":"page","link":"https:\/\/www.re-check.ch\/fr\/projets\/ghoman-6\/","title":{"rendered":"#GhoMan \u2013 Chasing the Ghosts"},"content":{"rendered":"\n<div class=\"wp-block-columns is-layout-flex wp-container-core-columns-is-layout-1 wp-block-columns-is-layout-flex\">\n<div class=\"wp-block-column is-layout-flow wp-block-column-is-layout-flow\">\n<figure class=\"wp-block-image size-full\"><a href=\"https:\/\/www.re-check.ch\/wp-content\/uploads\/2024\/10\/ghoman.jpg\"><img loading=\"lazy\" decoding=\"async\" width=\"708\" height=\"501\" src=\"https:\/\/www.re-check.ch\/wp-content\/uploads\/2024\/10\/ghoman.jpg\" alt=\"\" class=\"wp-image-18998\" srcset=\"https:\/\/www.re-check.ch\/wp-content\/uploads\/2024\/10\/ghoman.jpg 708w, https:\/\/www.re-check.ch\/wp-content\/uploads\/2024\/10\/ghoman-300x212.jpg 300w\" sizes=\"(max-width: 708px) 100vw, 708px\" \/><\/a><\/figure>\n<\/div>\n\n\n\n<div class=\"wp-block-column is-layout-flow wp-block-column-is-layout-flow\">\n<p>Le ghost management est d\u00e9fini comme les efforts et les strat\u00e9gies syst\u00e9matiques d\u00e9ploy\u00e9s en coulisses par les grandes entreprises pour fa\u00e7onner les connaissances, les id\u00e9es et les r\u00e9cits concernant des produits sp\u00e9cifiques. Le <a href=\"https:\/\/carleton.ca\/ghostmanagement\/what-is-ghost-management\/\" target=\"_blank\" rel=\"noreferrer noopener\">ghost management<\/a> influence les experts en entretenant des conflits d\u2019int\u00e9r\u00eats, op\u00e8re un captage de la r\u00e9glementation et des d\u00e9cideurs politiques, et fa\u00e7onne les m\u00e9dias et la culture de mani\u00e8re \u00e0 maximiser les capacit\u00e9s de gain. <\/p>\n\n\n\n<p>Alors que la litt\u00e9rature acad\u00e9mique s&rsquo;est pench\u00e9e sur la mani\u00e8re dont les entreprises produisent de la richesse, de la connaissance et de l\u2019information, notre recherche explore les ressources que ces m\u00eames entreprises investissent pour limiter les risques, externaliser les co\u00fbts et produire s\u00e9lectivement de l\u2019ignorance ou de l\u2019incertitude en diffusant des informations fausses, trompeuses ou contradictoires.<\/p>\n<\/div>\n<\/div>\n\n\n\n<div style=\"height:31px\" aria-hidden=\"true\" class=\"wp-block-spacer\"><\/div>\n\n\n\n<p>Notre <a href=\"https:\/\/carleton.ca\/ghostmanagement\/our-team\/\" target=\"_blank\" rel=\"noreferrer noopener\">groupe de recherche international<\/a> r\u00e9unit journalisme d\u2019enqu\u00eate et recherche acad\u00e9mique.<\/p>\n\n\n\n<p>Notre objectif est de d\u00e9velopper une m\u00e9thode syst\u00e9matique pour investiguer et cartographier le ghost management dans le domaine de la recherche scientifique, de la pratique m\u00e9dicale et de la sant\u00e9 publique. Notre m\u00e9thode et nos outils sont en acc\u00e8s libre.<\/p>\n\n\n\n<p>Ce projet a re\u00e7u une subvention de recherche du Conseil de recherches en sciences humaines (CRSH), l\u2019organisme f\u00e9d\u00e9ral canadien de financement de la recherche qui encourage et soutient la recherche et la formation en sciences humaines. Une subvention suppl\u00e9mentaire a \u00e9t\u00e9 allou\u00e9e par l\u2019Initiative conjointe pour la recherche en mati\u00e8re de citoyennet\u00e9 num\u00e9rique. Le projet Ghost management est h\u00e9berg\u00e9 par la School of Public Policy and Administration \u00e0 l\u2019Universit\u00e9 Carleton (Canada).<\/p>\n\n\n\n<p><a href=\"https:\/\/www.re-check.ch\/wp-content\/uploads\/2024\/11\/GMW-A-Cr15-Digital-FR-.pdf\" target=\"_blank\" rel=\"noreferrer noopener\">Ghost management \u00e0 l\u2019\u0153uvre. Guide pratique pour investiguer et cartographier les affaires de sant\u00e9<\/a>. Par Catherine Riva, Serena Tinari, Marc-Andr\u00e9 Gagnon. 2024 <br>(Version en anglais diponible <a href=\"https:\/\/www.re-check.ch\/wp-content\/uploads\/2024\/11\/GMW-A-Cr14-EN-Digital.pdf\" target=\"_blank\" rel=\"noreferrer noopener\">ici<\/a>)<\/p>\n\n\n\n<p class=\"back\"><a href=\"https:\/\/www.re-check.ch\/fr\/projets\/\" data-type=\"page\" data-id=\"14962\"><i class=\"icofont-rounded-left\"><\/i> retour<\/a><\/p>\n","protected":false},"excerpt":{"rendered":"<p>Le ghost management est d\u00e9fini comme les efforts et les strat\u00e9gies syst\u00e9matiques d\u00e9ploy\u00e9s en coulisses par les grandes entreprises pour fa\u00e7onner les connaissances, les id\u00e9es et les r\u00e9cits concernant des produits sp\u00e9cifiques. Le ghost management influence les experts en entretenant des conflits d\u2019int\u00e9r\u00eats, op\u00e8re un captage de la r\u00e9glementation et des d\u00e9cideurs politiques, et fa\u00e7onne<a class=\"excerpt-read-more\" href=\"https:\/\/www.re-check.ch\/fr\/projets\/ghoman-6\/\" title=\"Read#GhoMan \u2013 Chasing the Ghosts\">&#8230; Read more &raquo;<\/a><\/p>\n","protected":false},"author":1,"featured_media":0,"parent":14962,"menu_order":0,"comment_status":"closed","ping_status":"closed","template":"template-full-width.php","meta":{"_acf_changed":false,"footnotes":""},"class_list":["post-14505","page","type-page","status-publish","hentry"],"acf":[],"_links":{"self":[{"href":"https:\/\/www.re-check.ch\/fr\/wp-json\/wp\/v2\/pages\/14505"}],"collection":[{"href":"https:\/\/www.re-check.ch\/fr\/wp-json\/wp\/v2\/pages"}],"about":[{"href":"https:\/\/www.re-check.ch\/fr\/wp-json\/wp\/v2\/types\/page"}],"author":[{"embeddable":true,"href":"https:\/\/www.re-check.ch\/fr\/wp-json\/wp\/v2\/users\/1"}],"replies":[{"embeddable":true,"href":"https:\/\/www.re-check.ch\/fr\/wp-json\/wp\/v2\/comments?post=14505"}],"version-history":[{"count":30,"href":"https:\/\/www.re-check.ch\/fr\/wp-json\/wp\/v2\/pages\/14505\/revisions"}],"predecessor-version":[{"id":20239,"href":"https:\/\/www.re-check.ch\/fr\/wp-json\/wp\/v2\/pages\/14505\/revisions\/20239"}],"up":[{"embeddable":true,"href":"https:\/\/www.re-check.ch\/fr\/wp-json\/wp\/v2\/pages\/14962"}],"wp:attachment":[{"href":"https:\/\/www.re-check.ch\/fr\/wp-json\/wp\/v2\/media?parent=14505"}],"curies":[{"name":"wp","href":"https:\/\/api.w.org\/{rel}","templated":true}]}}