{"id":13041,"date":"2017-02-01T07:39:00","date_gmt":"2017-02-01T07:39:00","guid":{"rendered":"http:\/\/www.re-check.ch\/wordpress\/?page_id=13041"},"modified":"2025-09-19T06:25:05","modified_gmt":"2025-09-19T06:25:05","slug":"contact-re-check-2","status":"publish","type":"page","link":"https:\/\/www.re-check.ch\/fr\/contact-re-check-2\/","title":{"rendered":"Substack | Contact"},"content":{"rendered":"\n<h2 class=\"wp-block-heading\">Abonnez-vous au Substack de Re-Check<\/h2>\n\n\n\n<div class=\"wp-block-columns is-layout-flex wp-container-core-columns-is-layout-1 wp-block-columns-is-layout-flex\">\n<div class=\"wp-block-column is-layout-flow wp-block-column-is-layout-flow\">\n<p>Dans le <a href=\"https:\/\/recheck.substack.com\/s\/newsletter-de-re-check\" data-type=\"link\" data-id=\"https:\/\/recheck.substack.com\/s\/newsletter-de-re-check\" target=\"_blank\" rel=\"noreferrer noopener\">Substack de Re-Check<\/a>, nous publions nos enqu\u00eates et des mises \u00e0 jour sur les projets dans lesquels nous sommes impliqu\u00e9es. Vous y trouverez toutes sortes de voix et des lectures qui donnent \u00e0 r\u00e9fl\u00e9chir. Le Substack de Re-Check est synonyme d\u2019approche fond\u00e9e sur des preuves. Il pr\u00e9sente des questions complexes dans le but d&rsquo;encourager un d\u00e9bat ouvert dans la soci\u00e9t\u00e9.<\/p>\n\n\n\n<p>Le Substack de Re-Check sera toujours gratuit. Si vous souhaitez soutenir notre travail, vous pouvez devenir un abonn\u00e9 payant. Merci de lire avant notre politique en mati\u00e8re de dons.<\/p>\n\n\n\n<p>Saisissez votre adresse e-mail dans le champ ci-contre et cliquez sur \u00abSubscribe\u00bb<\/p>\n<\/div>\n\n\n\n<div class=\"wp-block-column is-layout-flow wp-block-column-is-layout-flow\">\n<p><iframe loading=\"lazy\" style=\"border: 1px solid #EEE; background: white;\" src=\"https:\/\/recheck.substack.com\/embed\" width=\"100%\" height=\"320\" frameborder=\"0\" scrolling=\"no\"><\/iframe><\/p>\n<\/div>\n<\/div>\n\n\n\n<h2 class=\"wp-block-heading\">Prenez contact avec nous<\/h2>\n\n\n\n<div class=\"wp-block-columns is-layout-flex wp-container-core-columns-is-layout-2 wp-block-columns-is-layout-flex\">\n<div class=\"wp-block-column is-layout-flow wp-block-column-is-layout-flow\">\n<p>Vous pouvez contacter Re-Check en utilisant ce formulaire. <\/p>\n\n\n\n<p>Attention: il n\u2019est pas s\u00e9curis\u00e9!<\/p>\n\n\n\n<p><strong>Avertissement:<\/strong> Re-Check ne donne pas de conseils m\u00e9dicaux (tests, traitements, pr\u00e9vention, diagnostic, m\u00e9decins, sp\u00e9cialistes). <\/p>\n\n\n\n<p><\/p>\n<\/div>\n\n\n\n<div class=\"wp-block-column is-layout-flow wp-block-column-is-layout-flow\">\n<div class=\"wpcf7 no-js\" id=\"wpcf7-f19131-o1\" lang=\"en\" dir=\"ltr\" data-wpcf7-id=\"19131\">\n<div class=\"screen-reader-response\"><p role=\"status\" aria-live=\"polite\" aria-atomic=\"true\"><\/p> <ul><\/ul><\/div>\n<form action=\"\/fr\/wp-json\/wp\/v2\/pages\/13041#wpcf7-f19131-o1\" method=\"post\" class=\"wpcf7-form init\" aria-label=\"Formulaire de contact\" novalidate=\"novalidate\" data-status=\"init\">\n<div style=\"display: none;\">\n<input type=\"hidden\" name=\"_wpcf7\" value=\"19131\" \/>\n<input type=\"hidden\" name=\"_wpcf7_version\" value=\"6.0.6\" \/>\n<input type=\"hidden\" name=\"_wpcf7_locale\" value=\"en\" \/>\n<input type=\"hidden\" name=\"_wpcf7_unit_tag\" value=\"wpcf7-f19131-o1\" \/>\n<input type=\"hidden\" name=\"_wpcf7_container_post\" value=\"0\" \/>\n<input type=\"hidden\" name=\"_wpcf7_posted_data_hash\" value=\"\" \/>\n<input type=\"hidden\" name=\"_wpcf7_recaptcha_response\" value=\"\" \/>\n<\/div>\n<p>Nome (required)<br \/>\n    <span class=\"wpcf7-form-control-wrap\" data-name=\"your-name\"><input size=\"40\" maxlength=\"400\" class=\"wpcf7-form-control wpcf7-text wpcf7-validates-as-required\" aria-required=\"true\" aria-invalid=\"false\" value=\"\" type=\"text\" name=\"your-name\" \/><\/span> <\/p>\n\n<p>E-mail (required)<br \/>\n    <span class=\"wpcf7-form-control-wrap\" data-name=\"your-email\"><input size=\"40\" maxlength=\"400\" class=\"wpcf7-form-control wpcf7-email wpcf7-validates-as-required wpcf7-text wpcf7-validates-as-email\" aria-required=\"true\" aria-invalid=\"false\" value=\"\" type=\"email\" name=\"your-email\" \/><\/span> <\/p>\n\n<p>Subject<br \/>\n    <span class=\"wpcf7-form-control-wrap\" data-name=\"your-subject\"><input size=\"40\" maxlength=\"400\" class=\"wpcf7-form-control wpcf7-text\" aria-invalid=\"false\" value=\"\" type=\"text\" name=\"your-subject\" \/><\/span> <\/p>\n\n<p>Message<br \/>\n    <span class=\"wpcf7-form-control-wrap\" data-name=\"your-message\"><textarea cols=\"40\" rows=\"10\" maxlength=\"2000\" class=\"wpcf7-form-control wpcf7-textarea\" aria-invalid=\"false\" name=\"your-message\"><\/textarea><\/span> <\/p>\n\n<p><span class=\"wpcf7-form-control-wrap\" data-name=\"acceptance-492\"><span class=\"wpcf7-form-control wpcf7-acceptance optional\"><span class=\"wpcf7-list-item\"><label><input type=\"checkbox\" name=\"acceptance-492\" value=\"1\" aria-invalid=\"false\" \/><span class=\"wpcf7-list-item-label\">En utilisant ce formulaire, vous acceptez le stockage et le traitement de vos donn\u00e9es par ce site Web.<\/span><\/label><\/span><\/span><\/span>\n\n<input class=\"wpcf7-form-control wpcf7-submit has-spinner button\" type=\"submit\" value=\"Envoyer\" \/><\/p><div class=\"wpcf7-response-output\" aria-hidden=\"true\"><\/div>\n<\/form>\n<\/div>\n\n<\/div>\n<\/div>\n\n\n\n<h2 class=\"wp-block-heading\">Nous envoyer des informations confidentielles<\/h2>\n\n\n\n<div class=\"wp-block-columns is-layout-flex wp-container-core-columns-is-layout-3 wp-block-columns-is-layout-flex\">\n<div class=\"wp-block-column is-layout-flow wp-block-column-is-layout-flow\" style=\"flex-basis:20%\">\n<figure class=\"wp-block-image size-full is-resized\"><a href=\"https:\/\/www.re-check.ch\/fr\/resources\/divulguer\/\"><img loading=\"lazy\" decoding=\"async\" width=\"800\" height=\"612\" src=\"https:\/\/www.re-check.ch\/wp-content\/uploads\/2024\/02\/GlobaLeaks-1024x783-2-800x612-1.png\" alt=\"\" class=\"wp-image-18443\" style=\"width:257px;height:auto\" srcset=\"https:\/\/www.re-check.ch\/wp-content\/uploads\/2024\/02\/GlobaLeaks-1024x783-2-800x612-1.png 800w, https:\/\/www.re-check.ch\/wp-content\/uploads\/2024\/02\/GlobaLeaks-1024x783-2-800x612-1-300x230.png 300w, https:\/\/www.re-check.ch\/wp-content\/uploads\/2024\/02\/GlobaLeaks-1024x783-2-800x612-1-768x588.png 768w\" sizes=\"(max-width: 800px) 100vw, 800px\" \/><\/a><\/figure>\n<\/div>\n\n\n\n<div class=\"wp-block-column is-layout-flow wp-block-column-is-layout-flow\">\n<p>Si vous souhaitez nous envoyer des informations confidentielles, vous pouvez utiliser notre plateforme GlobaLeaks (cliquez sur l&rsquo;image ci-contre). <\/p>\n\n\n\n<p>Merci de lire attentivement les instructions avant de l\u2019utiliser.<\/p>\n<\/div>\n<\/div>\n\n\n\n<h2 class=\"wp-block-heading\">Vous pouvez nous joindre \u00e0 notre adresse postale<\/h2>\n\n\n\n<div class=\"wp-block-columns is-layout-flex wp-container-core-columns-is-layout-4 wp-block-columns-is-layout-flex\">\n<div class=\"wp-block-column is-layout-flow wp-block-column-is-layout-flow\" style=\"flex-basis:20%\">\n<figure class=\"wp-block-image size-full is-resized\"><a href=\"https:\/\/www.re-check.ch\/wp-content\/uploads\/2024\/10\/contact.png\"><img loading=\"lazy\" decoding=\"async\" width=\"317\" height=\"232\" src=\"https:\/\/www.re-check.ch\/wp-content\/uploads\/2024\/10\/contact.png\" alt=\"\" class=\"wp-image-19120\" style=\"width:224px;height:auto\" srcset=\"https:\/\/www.re-check.ch\/wp-content\/uploads\/2024\/10\/contact.png 317w, https:\/\/www.re-check.ch\/wp-content\/uploads\/2024\/10\/contact-300x220.png 300w\" sizes=\"(max-width: 317px) 100vw, 317px\" \/><\/a><\/figure>\n<\/div>\n\n\n\n<div class=\"wp-block-column is-layout-flow wp-block-column-is-layout-flow\" style=\"flex-basis:66.66%\">\n<p><\/p>\n\n\n\n<p>Re-Check<br>R\u00fcmikerstrasse 112<br>CH \u2013 8409 Winterthur<br>Suisse<\/p>\n<\/div>\n<\/div>\n","protected":false},"excerpt":{"rendered":"<p>Abonnez-vous au Substack de Re-Check Dans le Substack de Re-Check, nous publions nos enqu\u00eates et des mises \u00e0 jour sur les projets dans lesquels nous sommes impliqu\u00e9es. Vous y trouverez toutes sortes de voix et des lectures qui donnent \u00e0 r\u00e9fl\u00e9chir. Le Substack de Re-Check est synonyme d\u2019approche fond\u00e9e sur des preuves. Il pr\u00e9sente des<a class=\"excerpt-read-more\" href=\"https:\/\/www.re-check.ch\/fr\/contact-re-check-2\/\" title=\"ReadSubstack | Contact\">&#8230; Read more &raquo;<\/a><\/p>\n","protected":false},"author":1,"featured_media":0,"parent":0,"menu_order":0,"comment_status":"closed","ping_status":"closed","template":"template-full-width.php","meta":{"_acf_changed":false,"footnotes":""},"class_list":["post-13041","page","type-page","status-publish","hentry"],"acf":[],"_links":{"self":[{"href":"https:\/\/www.re-check.ch\/fr\/wp-json\/wp\/v2\/pages\/13041"}],"collection":[{"href":"https:\/\/www.re-check.ch\/fr\/wp-json\/wp\/v2\/pages"}],"about":[{"href":"https:\/\/www.re-check.ch\/fr\/wp-json\/wp\/v2\/types\/page"}],"author":[{"embeddable":true,"href":"https:\/\/www.re-check.ch\/fr\/wp-json\/wp\/v2\/users\/1"}],"replies":[{"embeddable":true,"href":"https:\/\/www.re-check.ch\/fr\/wp-json\/wp\/v2\/comments?post=13041"}],"version-history":[{"count":58,"href":"https:\/\/www.re-check.ch\/fr\/wp-json\/wp\/v2\/pages\/13041\/revisions"}],"predecessor-version":[{"id":20378,"href":"https:\/\/www.re-check.ch\/fr\/wp-json\/wp\/v2\/pages\/13041\/revisions\/20378"}],"wp:attachment":[{"href":"https:\/\/www.re-check.ch\/fr\/wp-json\/wp\/v2\/media?parent=13041"}],"curies":[{"name":"wp","href":"https:\/\/api.w.org\/{rel}","templated":true}]}}