{"id":12627,"date":"2017-01-26T09:26:02","date_gmt":"2017-01-26T09:26:02","guid":{"rendered":"http:\/\/www.re-check.ch\/wordpress\/?page_id=12627"},"modified":"2024-01-30T09:39:37","modified_gmt":"2024-01-30T09:39:37","slug":"test-expertise","status":"publish","type":"page","link":"https:\/\/www.re-check.ch\/fr\/test-expertise\/","title":{"rendered":"Expertise"},"content":{"rendered":"<h1 style=\"text-align: center;\"><span style=\"color: #b65043;\">Expertise<br \/>\n<\/span><\/h1>\n<h1 style=\"text-align: center;\"><span style=\"color: #3f6168;\">Re-Check est un p\u00f4le conseil pour les patients, les m\u00e9dias, les chercheurs, les organismes de protection des consommateurs et les juristes<\/span><\/h1>\n<h1 style=\"text-align: center;\"><span style=\"color: #3f6168;\">Profitez de nos enqu\u00eates<br \/>\n<\/span><\/h1>\n<h1 style=\"text-align: center;\"><span style=\"color: #3f6168;\"><span style=\"color: #ffffff;\">Misez sur nos comp\u00e9tences<\/span><br \/>\n<\/span><\/h1>\n<h3 style=\"text-align: center;\"><a href=\"https:\/\/www.re-check.ch\/wp-content\/uploads\/2016\/07\/Publish.png\"><img loading=\"lazy\" decoding=\"async\" class=\"alignnone wp-image-11728 size-medium\" src=\"https:\/\/www.re-check.ch\/wp-content\/uploads\/2016\/07\/Publish-300x214.png\" width=\"300\" height=\"214\" srcset=\"https:\/\/www.re-check.ch\/wp-content\/uploads\/2016\/07\/Publish-300x214.png 300w, https:\/\/www.re-check.ch\/wp-content\/uploads\/2016\/07\/Publish-200x143.png 200w, https:\/\/www.re-check.ch\/wp-content\/uploads\/2016\/07\/Publish-400x286.png 400w, https:\/\/www.re-check.ch\/wp-content\/uploads\/2016\/07\/Publish.png 577w\" sizes=\"(max-width: 300px) 100vw, 300px\" \/><\/a><\/h3>\n<h1 style=\"text-align: center;\"><span style=\"color: #b65043;\">Avantages<\/span><\/h1>\n<h3 style=\"text-align: center;\">Nous connaissons en d\u00e9tail les enjeux, les r\u00e9seaux d\u2019influence et le <em>modus operandi<\/em> des acteurs impliqu\u00e9s dans votre affaire.<\/h3>\n<h3 style=\"text-align: center;\">Nous dispons d\u2019une documentation compl\u00e8te et in\u00e9dite susceptibles d\u2019\u00e9clairer votre cas sous un jour nouveau.<\/h3>\n<h3 style=\"text-align: center;\">Nous pouvons\u00a0 mener des recherches cibl\u00e9es en fonction de vos besoins.<\/h3>\n<h3 style=\"text-align: center;\">Nous vous fournissons de nouvelles pistes d\u2019action.<\/h3>\n<h2 style=\"text-align: center;\"><span style=\"color: #3f6168;\">Vous aimeriez solliciter nos services? Prenez contact avec nous<\/span><\/h2>\n<p>CONTACT<\/p>\n","protected":false},"excerpt":{"rendered":"<p>Expertise Re-Check est un p\u00f4le conseil pour les patients, les m\u00e9dias, les chercheurs, les organismes de protection des consommateurs et les juristes Profitez de nos enqu\u00eates Misez sur nos comp\u00e9tences Avantages Nous connaissons en d\u00e9tail les enjeux, les r\u00e9seaux d\u2019influence et le modus operandi des acteurs impliqu\u00e9s dans votre affaire. Nous dispons d\u2019une documentation compl\u00e8te<a class=\"excerpt-read-more\" href=\"https:\/\/www.re-check.ch\/fr\/test-expertise\/\" title=\"ReadExpertise\">&#8230; Read more &raquo;<\/a><\/p>\n","protected":false},"author":1,"featured_media":0,"parent":0,"menu_order":0,"comment_status":"closed","ping_status":"closed","template":"template-full-width.php","meta":{"_acf_changed":false,"footnotes":""},"class_list":["post-12627","page","type-page","status-publish","hentry"],"acf":[],"_links":{"self":[{"href":"https:\/\/www.re-check.ch\/fr\/wp-json\/wp\/v2\/pages\/12627"}],"collection":[{"href":"https:\/\/www.re-check.ch\/fr\/wp-json\/wp\/v2\/pages"}],"about":[{"href":"https:\/\/www.re-check.ch\/fr\/wp-json\/wp\/v2\/types\/page"}],"author":[{"embeddable":true,"href":"https:\/\/www.re-check.ch\/fr\/wp-json\/wp\/v2\/users\/1"}],"replies":[{"embeddable":true,"href":"https:\/\/www.re-check.ch\/fr\/wp-json\/wp\/v2\/comments?post=12627"}],"version-history":[{"count":225,"href":"https:\/\/www.re-check.ch\/fr\/wp-json\/wp\/v2\/pages\/12627\/revisions"}],"predecessor-version":[{"id":16985,"href":"https:\/\/www.re-check.ch\/fr\/wp-json\/wp\/v2\/pages\/12627\/revisions\/16985"}],"wp:attachment":[{"href":"https:\/\/www.re-check.ch\/fr\/wp-json\/wp\/v2\/media?parent=12627"}],"curies":[{"name":"wp","href":"https:\/\/api.w.org\/{rel}","templated":true}]}}