{"id":12493,"date":"2017-02-01T07:42:49","date_gmt":"2017-02-01T07:42:49","guid":{"rendered":"http:\/\/www.re-check.ch\/wordpress\/?page_id=12493"},"modified":"2024-12-12T09:18:42","modified_gmt":"2024-12-12T09:18:42","slug":"home-re-check","status":"publish","type":"page","link":"https:\/\/www.re-check.ch\/fr\/","title":{"rendered":"Home"},"content":{"rendered":"\n<h1 class=\"wp-block-heading\"><span style=\"color: #b65043;\">D\u00e9couvrez les coulisses des affaires de sant\u00e9<\/span><span style=\"font-size: medium; font-weight: 400; text-align: start; white-space-collapse: collapse;\"><\/span><\/h1>\n\n\n\n\n<div id=\"\" class=\"block-inner braun braun\">\n\t<div class=\"grid-container\">\n\t\t<div class=\"small-12 medium-12 large-12 cell\">\n\t\t\t\n\n<h1 class=\"wp-block-heading has-text-align-center has-weiss-color has-text-color has-link-color wp-elements-56ed6ee297c3049ed1d8465c3a80943f\">L\u2019EBM a rendez-vous avec l\u2019enqu\u00eate<\/h1>\n\n\n\t\t<\/div>\n\t<\/div>\n<\/div>\n\n\n<h3 class=\"wp-block-heading has-text-align-center\"><span style=\"color: #b65043;\">Re-Check<\/span> <span style=\"color: #3f6168;\">est un bureau d\u2019enqu\u00eate ind\u00e9pendant, sp\u00e9cialis\u00e9 dans l\u2019investigation et le mappage des affaires de sant\u00e9.<\/span><p class=\"MsoNormal\" align=\"center\" style=\"margin: 0cm; font-size: 11pt; font-family: Calibri, sans-serif; font-weight: 400; white-space-collapse: collapse;\"><span lang=\"FR-CH\" style=\"font-size: 12pt; font-family: Alegreya;\"><\/span><\/p><\/h3>\n\n\n\n<h3 class=\"wp-block-heading has-text-align-center\"><span style=\"color: #3f6168;\">Fond\u00e9 en 2015 par Catherine Riva et Serena Tinari,<\/span> <span style=\"color: #b65043;\">Re-Check<\/span> <span style=\"color: #3f6168;\">est constitu\u00e9 en association \u00e0 but non lucratif.<\/span><\/h3>\n\n\n\n<h3 class=\"wp-block-heading has-text-align-center\"><span style=\"color: #b65043;\">Re-Check<\/span> <span style=\"color: #3f6168;\"> adh\u00e8re aux principes de la m\u00e9decine fond\u00e9e sur les preuves (EBM) et contribue \u00e0 des projets \u00e0 l\u2019intersection de la recherche acad\u00e9mique et du journalisme d\u2019enqu\u00eate, en s\u2019appuyant sur un r\u00e9seau de sp\u00e9cialistes.<\/span><\/h3>\n\n\n\n<div style=\"height:50px\" aria-hidden=\"true\" class=\"wp-block-spacer\"><\/div>\n\n\n\n<div class=\"wp-block-columns are-vertically-aligned-center is-layout-flex wp-container-core-columns-is-layout-1 wp-block-columns-is-layout-flex\">\n<div class=\"wp-block-column is-vertically-aligned-center is-layout-flow wp-block-column-is-layout-flow\" style=\"flex-basis:8%\">\n<figure class=\"wp-block-image size-large is-resized\"><img decoding=\"async\" src=\"https:\/\/www.re-check.ch\/wp-content\/uploads\/2021\/08\/Expertise-200x143.png\" alt=\"\" style=\"width:87px;height:auto\"\/><\/figure>\n<\/div>\n\n\n\n<div class=\"wp-block-column is-vertically-aligned-center is-layout-flow wp-block-column-is-layout-flow\" style=\"flex-basis:66.66%\">\n<h2 class=\"wp-block-heading has-text-align-left\">Fondamentaux et m\u00e9thodes<\/h2>\n<\/div>\n<\/div>\n\n\n\n<div class=\"block-accordeon\">\n      <ul class=\"accordion\" data-accordion data-multi-expand=\"true\" data-allow-all-closed=\"true\">\n              \n        <li class=\"accordion-item\" data-accordion-item>\n          <a href=\"#\" class=\"accordion-title\">Re-Check, pour quoi faire?<\/a>\n          <div class=\"accordion-content\" data-tab-content>\n            <p>L\u2019information transmise au public sur les questions de sant\u00e9 pr\u00e9sente des d\u00e9ficits majeurs, entre conflits d\u2019int\u00e9r\u00eats non d\u00e9clar\u00e9s et assertions non v\u00e9rifi\u00e9es. Cette situation est due notamment \u00e0 ce qui gr\u00e8ve les syst\u00e8mes de sant\u00e9: d\u00e9pendances, enjeux financiers colossaux, dysfonctionnements et rigueur scientifique \u00e0 g\u00e9om\u00e9trie variable.<\/p>\n<p>Notre exp\u00e9rience montre que les interventions de sant\u00e9 (m\u00e9dicaments, vaccins, tests diagnostiques et mesures de pr\u00e9vention) n\u2019existent pas pour elles-m\u00eames, mais s\u2019inscrivent dans une constellation d\u2019acteurs, d\u2019int\u00e9r\u00eats et de r\u00e8glementations. Ce sont donc des \u00abaffaires de sant\u00e9\u00bb. Nous les examinons en tant que telles et nous les cartographions dans le cadre de recherches approfondies.<\/p>\n<p>Re-Check enqu\u00eate en tout ind\u00e9pendance et transmet uniquement des informations fond\u00e9es sur les meilleures preuves disponibles \u00e0 notre connaissance. Nous d\u00e9busquons les conflits d\u2019int\u00e9r\u00eats et nous analysons les b\u00e9n\u00e9fices et les risques, conform\u00e9ment aux principes de la m\u00e9decine fond\u00e9e sur les preuves (EBM) et aux plus hauts standards du journalisme d\u2019enqu\u00eate. Pour une mise en perspective pertinente, nous cartographions les constellations mises en \u00e9vidence par nos investigations. Nos <a href=\"https:\/\/zenodo.org\/record\/2023152\" target=\"_blank\" rel=\"noopener\">cartes<\/a> permettent de saisir d\u2019un coup d\u2019\u0153il les d\u00e9pendances, les rapports de force et les r\u00e9seaux d\u2019influence.<\/p>\n<p>Re-Check collabore avec des chercheurs universitaires dans le cadre de diff\u00e9rents <a href=\"https:\/\/www.re-check.ch\/fr\/projets\/\" target=\"_blank\" rel=\"noopener\">projets<\/a> \u00e0 la crois\u00e9e de la recherche acad\u00e9mique et du journalisme d\u2019enqu\u00eate. Nous publions nos enqu\u00eates en open access sur notre Substack et dans des revues m\u00e9dicales revues par les pairs.<\/p>\n<p>Notre travail dans le cadre des publications open access Re-Check n\u2019est pas r\u00e9mun\u00e9r\u00e9. Nous percevons des honoraires lorsque nous donnons des conf\u00e9rences et des cours, ou encore pour des mandats ad hoc (publications, travaux de recherche). Vous avez la possibilit\u00e9 de nous <a href=\"https:\/\/www.re-check.ch\/fr\/soutenir-re-check\/\" target=\"_blank\" rel=\"noopener\">soutenir<\/a>.<\/p>\n          <\/div>\n        <\/li>\n        \n              \n        <li class=\"accordion-item\" data-accordion-item>\n          <a href=\"#\" class=\"accordion-title\">Charte \u00e9thique et Comit\u00e9 consultatif international<\/a>\n          <div class=\"accordion-content\" data-tab-content>\n            <p>Re-Check est une association au sens des <a href=\"https:\/\/www.fedlex.admin.ch\/eli\/cc\/24\/233_245_233\/fr#a60\" target=\"_blank\" rel=\"noopener\">art. 60 et suivants du Code civil suisse<\/a> qui s\u2019est donn\u00e9 pour mission de pratiquer et de promouvoir le journalisme d\u2019enqu\u00eate dans le domaine de la sant\u00e9 et de la m\u00e9decine. Nous contribuons \u00e0 des projets \u00e0 l\u2019intersection entre la recherche acad\u00e9mique et la diffusion d\u2019informations fond\u00e9es sur des preuves \u00e0 un large public. Nous croyons en la transparence et nous concevons le journalisme d\u2019enqu\u00eate comme un travail d\u2019int\u00e9r\u00eat public. Notre <a href=\"https:\/\/www.re-check.ch\/fr\/a-propos\/\" target=\"_blank\" rel=\"noopener\">charte \u00e9thique<\/a> d\u00e9taille nos valeurs fondamentales et nos principes.<\/p>\n<p>Re-Check s\u2019appuie sur les conseils d\u2019un <a href=\"https:\/\/www.re-check.ch\/fr\/a-propos\/\">Conseil consultatif international<\/a>, dont les membres sont des journalistes d\u2019investigation professionnels, des universitaires et des d\u00e9fenseurs de la s\u00e9curit\u00e9 des patients. Ces personnes n\u2019ont aucun conflit d\u2019int\u00e9r\u00eat dans le domaine de la sant\u00e9. Elles conseillent Re-Check b\u00e9n\u00e9volement.<\/p>\n<p>En savoir plus sur nos <a href=\"https:\/\/www.re-check.ch\/wp-content\/uploads\/2021\/05\/RC-Statuten_D-I.pdf\">statuts<\/a>, notre <a href=\"https:\/\/www.re-check.ch\/fr\/a-propos\/\" target=\"_blank\" rel=\"noopener\">Comit\u00e9<\/a> et notre <a href=\"https:\/\/www.wysad.ch\" target=\"_blank\" rel=\"noopener\">organe de r\u00e9vision<\/a><\/p>\n          <\/div>\n        <\/li>\n        \n              \n        <li class=\"accordion-item\" data-accordion-item>\n          <a href=\"#\" class=\"accordion-title\">Evidence-based medicine (EBM)<\/a>\n          <div class=\"accordion-content\" data-tab-content>\n            <blockquote><p><em>\u00abLa m\u00e9decine fond\u00e9e sur les preuves consiste \u00e0 utiliser de mani\u00e8re rigoureuse, explicite et judicieuse les preuves actuelles les plus pertinentes lors de la prise de d\u00e9cisions concernant les soins \u00e0 prodiguer \u00e0 chaque patient. Sa pratique implique que l\u2019on conjugue l\u2019expertise clinique individuelle avec les meilleures preuves cliniques externes obtenues actuellement par la recherche syst\u00e9matique. Par expertise clinique individuelle, on entend la capacit\u00e9 et le jugement que chaque clinicien acquiert par son exp\u00e9rience et sa pratique clinique.\u00bb<\/em><\/p><\/blockquote>\n<p class=\"small\" style=\"text-align: right;\">Sackett DL, Rosenberg WM, Gray JA, Haynes RB, Richardson WS. Evidence based medicine: what it is and what it isn\u2019t.<br \/>\nBMJ. 1996 Jan 13;312(7023):71-2. doi: 10.1136\/bmj.312.7023.71. (<a href=\"https:\/\/pubmed.ncbi.nlm.nih.gov\/8555924\/\" target=\"_blank\" rel=\"noopener noreferrer\">online<\/a>\u00a0|\u00a0<a href=\"https:\/\/www.ncbi.nlm.nih.gov\/pmc\/articles\/PMC2349778\/pdf\/bmj00524-0009.pdf\" target=\"_blank\" rel=\"noopener noreferrer\">PDF<\/a>)<\/p>\n<p>L\u2019EBM consiste donc \u00e0 fonder les d\u00e9cisions cliniques sur les connaissances th\u00e9oriques et sur les preuves scientifiques, tout en tenant compte des pr\u00e9f\u00e9rences des patients. Mais en aucun cas, ces preuves ne peuvent remplacer le jugement et l\u2019exp\u00e9rience du m\u00e9decin. L\u2019EBM compl\u00e8te et remet donc en question la pratique m\u00e9dicale traditionnelle, mais elle ne la remplace pas. Ce r\u00f4le tr\u00e8s important accord\u00e9 aux preuves rend n\u00e9cessaire d\u2019acqu\u00e9rir une formation m\u00e9thodologique afin de pouvoir \u00e9valuer et critiquer la validit\u00e9 des preuves.<\/p>\n<p>L\u2019EBM est n\u00e9e \u00e0 l\u2019Universit\u00e9 McMaster (Canada) au d\u00e9but des ann\u00e9es 1980. Il s\u2019agissait au d\u00e9part d\u2019une nouvelle m\u00e9thode d\u2019enseignement et de raisonnement dans la formation des \u00e9tudiants. Dans les ann\u00e9es 1990, l\u2019EBM est devenue une m\u00e9thodologie pour les praticiens et a \u00e9t\u00e9 adopt\u00e9e par la Collaboration Cochrane. Aujourd\u2019hui, l\u2019EBM ne concerne plus seulement l\u2019apprentissage de la m\u00e9decine, mais aussi la pratique m\u00e9dicale, les soins infirmiers ou encore la sant\u00e9 publique.<\/p>\n<p style=\"text-align: right;\">D\u2019apr\u00e8s Guillemette Utard, <a href=\"https:\/\/www.biusante.parisdescartes.fr\/ressources\/pdf\/medecine-formation-ebm-tutoriel-biusante.pdf\">\u00abEvidence-Based Medicine. La m\u00e9decine fond\u00e9e sur les preuves. Tutoriel\u00bb<\/a>.<br \/>\nBiblioth\u00e8que interuniversitaire de Sant\u00e9 \u2013 Paris \u2013 juin 2014, licence <a href=\"https:\/\/creativecommons.org\/licenses\/by-nc-sa\/3.0\/fr\/\" target=\"_blank\" rel=\"noopener\">(CC BY-NC-SA 3.0 FR)<\/a><\/p>\n<p>&nbsp;<\/p>\n<p>D\u2019apr\u00e8s notre exp\u00e9rience, l\u2019EBM et le journalisme d\u2019enqu\u00eate se rejoignent sur de nombreux points: les deux d\u00e9marches s\u2019inscrivent dans un cadre m\u00e9thodologique et \u00e9thique bien d\u00e9fini, et sont fond\u00e9es sur une approche hypoth\u00e9tico-d\u00e9ductive qui implique la formulation explicite d\u2019une hypoth\u00e8se et la confrontation avec les faits. Nous sommes convaincues qu\u2019il est fructueux et dans l\u2019int\u00e9r\u00eat public de les r\u00e9unir.<\/p>\n          <\/div>\n        <\/li>\n        \n              \n        <li class=\"accordion-item\" data-accordion-item>\n          <a href=\"#\" class=\"accordion-title\">Conf\u00e9rences et workshops<\/a>\n          <div class=\"accordion-content\" data-tab-content>\n            <p>Nous transmettons nos connaissances et nos m\u00e9thodes de travail dans le cadre de conf\u00e9rences, de workshops et de formations. Nos modules s\u2019adressent aux journalistes, aux repr\u00e9sentants d\u2019organisations de protection des consommateurs et au public int\u00e9ress\u00e9. Notre enseignement est multilingue et adapt\u00e9 en fonction du public. Si vous souhaitez suivre un module sur mesure, nous inviter pour une conf\u00e9rence ou nous proposer une collaboration, n\u2019h\u00e9sitez pas \u00e0 <a href=\"https:\/\/www.re-check.ch\/fr\/contact-re-check-2\/\" target=\"_blank\" rel=\"noopener\">prendre contact<\/a> avec nous.<\/p>\n          <\/div>\n        <\/li>\n        \n              \n        <li class=\"accordion-item\" data-accordion-item>\n          <a href=\"#\" class=\"accordion-title\">Substack<\/a>\n          <div class=\"accordion-content\" data-tab-content>\n            <p>Re-Check est sur Substack.<\/p>\n<p>Nous publions nos enqu\u00eates sur cette plateforme, ainsi que des mises \u00e0 jour concernant les projets auxquels nous participons et des lectures qui donnent \u00e0 r\u00e9fl\u00e9chir. Nous cherchons par ce biais \u00e0 faire entendre toutes sortes de voix.<\/p>\n<p>Le Substack de Re-Check est synonyme d\u2019approche fond\u00e9e sur des preuves. Il pr\u00e9sente des questions complexes dans le but d\u2019encourager un d\u00e9bat ouvert dans la soci\u00e9t\u00e9. Nous sommes attach\u00e9s au droit du public \u00e0 la v\u00e9rit\u00e9 et \u00e0 l\u2019\u00e9quit\u00e9, et nous \u0153uvrons pour exposer les injustices, les messages incorrects et les partis pris non d\u00e9clar\u00e9s. Depuis la crise COVID-19, une tendance inqui\u00e9tante \u00e0 faire taire les voix critiques s\u2019est syst\u00e9matis\u00e9e. Ce mouvement va \u00e0 l\u2019encontre de l\u2019esprit scientifique, o\u00f9 les avanc\u00e9es se r\u00e9alisent gr\u00e2ce au d\u00e9bat et \u00e0 la multiplicit\u00e9 des points de vue.<\/p>\n<p>Le Substack de Re-Check sera toujours gratuit. Si vous souhaitez soutenir notre travail, envisagez de devenir un abonn\u00e9 payant. N\u2019oubliez pas de prendre connaissance avant de notre <a href=\"https:\/\/www.re-check.ch\/fr\/soutenir-re-check\/\" target=\"_blank\" rel=\"noopener\">politique en mati\u00e8re de dons<\/a>.<\/p>\n<p>Vous pouvez vous abonner <a href=\"https:\/\/www.re-check.ch\/fr\/contact-re-check-2\/\" target=\"_blank\" rel=\"noopener\">ici<\/a>.<\/p>\n          <\/div>\n        <\/li>\n        \n              \n        <li class=\"accordion-item\" data-accordion-item>\n          <a href=\"#\" class=\"accordion-title\">Creative Commons<\/a>\n          <div class=\"accordion-content\" data-tab-content>\n            <p><!-- wp:heading {\"level\":5} --><\/p>\n<p class=\"wp-block-heading\"><a href=\"https:\/\/www.re-check.ch\/wp-content\/uploads\/2020\/11\/2000px-cc_by-nc-nd_euro_icon-s-1-e1605614060831.png\"><img loading=\"lazy\" decoding=\"async\" class=\"alignleft wp-image-15117 size-full\" src=\"https:\/\/www.re-check.ch\/wp-content\/uploads\/2020\/11\/2000px-cc_by-nc-nd_euro_icon-s-1-e1605614428701.png\" alt=\"\" width=\"120\" height=\"42\" \/><\/a><\/p>\n<p>&nbsp;<\/p>\n<p>De mani\u00e8re g\u00e9n\u00e9rale, le mat\u00e9riel du site Internet de Re-Check peut \u00eatre utilis\u00e9 pour \u00eatre republi\u00e9 sous une licence <a href=\"https:\/\/creativecommons.org\/licenses\/?lang=en\" target=\"_blank\" rel=\"noopener\">Creative Commons Attribution \u2013 Pas d\u2019Utilisation Commerciale \u2013 Pas de Modification 4.0 International (CC BY-NC-ND 4.0)<\/a>.<\/p>\n<p>Vous pouvez volontiers republier les contenus g\u00e9n\u00e9r\u00e9s par Re-Check \u00e0 des fins non commerciales. Mais avant d\u2019utiliser l\u2019un de nos contenus, veuillez nous <a href=\"https:\/\/www.re-check.ch\/fr\/contact-re-check-2\/\">demander la permission<\/a>.<\/p>\n<p>Lorsque vous utilisez nos contenus, vous avez l\u2019obligation de cr\u00e9diter Re-Check et les auteurs, de fournir un lien vers le contenu original sur le site Internet de Re-Check et un lien vers la licence Creative Commons Attribution \u2013 Pas d\u2019Utilisation Commerciale \u2013 Pas de Modification 4.0 International.<\/p>\n<p>Nous n\u2019autorisons aucune modification de nos contenus originaux.<\/p>\n<p><!-- \/wp:heading --><\/p>\n          <\/div>\n        <\/li>\n        \n          <\/ul>\n  <\/div>\n\n\n\n\n<p><a href=\"https:\/\/www.re-check.ch\/wp-content\/uploads\/2021\/05\/RC-Statuten_D-I.pdf\" target=\"_blank\" rel=\"noreferrer noopener\">T\u00e9l\u00e9chargez nos statuts au format PDF<\/a><\/p>\n\n\n\n<p><\/p>\n","protected":false},"excerpt":{"rendered":"<p>D\u00e9couvrez les coulisses des affaires de sant\u00e9 Re-Check est un bureau d\u2019enqu\u00eate ind\u00e9pendant, sp\u00e9cialis\u00e9 dans l\u2019investigation et le mappage des affaires de sant\u00e9. Fond\u00e9 en 2015 par Catherine Riva et Serena Tinari, Re-Check est constitu\u00e9 en association \u00e0 but non lucratif. Re-Check adh\u00e8re aux principes de la m\u00e9decine fond\u00e9e sur les preuves (EBM) et contribue<a class=\"excerpt-read-more\" href=\"https:\/\/www.re-check.ch\/fr\/\" title=\"ReadHome\">&#8230; Read more &raquo;<\/a><\/p>\n","protected":false},"author":1,"featured_media":17568,"parent":0,"menu_order":0,"comment_status":"closed","ping_status":"closed","template":"template-full-width.php","meta":{"_acf_changed":false,"footnotes":""},"class_list":["post-12493","page","type-page","status-publish","has-post-thumbnail","hentry"],"acf":[],"_links":{"self":[{"href":"https:\/\/www.re-check.ch\/fr\/wp-json\/wp\/v2\/pages\/12493"}],"collection":[{"href":"https:\/\/www.re-check.ch\/fr\/wp-json\/wp\/v2\/pages"}],"about":[{"href":"https:\/\/www.re-check.ch\/fr\/wp-json\/wp\/v2\/types\/page"}],"author":[{"embeddable":true,"href":"https:\/\/www.re-check.ch\/fr\/wp-json\/wp\/v2\/users\/1"}],"replies":[{"embeddable":true,"href":"https:\/\/www.re-check.ch\/fr\/wp-json\/wp\/v2\/comments?post=12493"}],"version-history":[{"count":252,"href":"https:\/\/www.re-check.ch\/fr\/wp-json\/wp\/v2\/pages\/12493\/revisions"}],"predecessor-version":[{"id":20317,"href":"https:\/\/www.re-check.ch\/fr\/wp-json\/wp\/v2\/pages\/12493\/revisions\/20317"}],"wp:featuredmedia":[{"embeddable":true,"href":"https:\/\/www.re-check.ch\/fr\/wp-json\/wp\/v2\/media\/17568"}],"wp:attachment":[{"href":"https:\/\/www.re-check.ch\/fr\/wp-json\/wp\/v2\/media?parent=12493"}],"curies":[{"name":"wp","href":"https:\/\/api.w.org\/{rel}","templated":true}]}}