{"id":11798,"date":"2016-07-05T10:08:38","date_gmt":"2016-07-05T10:08:38","guid":{"rendered":"http:\/\/www.re-check.ch\/wordpress\/?page_id=11798"},"modified":"2024-01-30T09:39:38","modified_gmt":"2024-01-30T09:39:38","slug":"research","status":"publish","type":"page","link":"https:\/\/www.re-check.ch\/fr\/services-2\/research\/","title":{"rendered":"Research"},"content":{"rendered":"<p>Nos domaines de recherche<\/p>\n<ul>\n<li>Re-Check pratique un journalisme de haute pr\u00e9cision et livre des recherches fouill\u00e9es dans le domaine de la sant\u00e9 et de la m\u00e9decine.<\/li>\n<li>Nous enqu\u00eatons r\u00e9guli\u00e8rement sur les th\u00e9matiques \u00e9num\u00e9r\u00e9es ci-apr\u00e8s.<\/li>\n<li>Nous \u00e9valuons les preuves disponibles, d\u00e9busquons les conflits d\u2019int\u00e9r\u00eats et analysons les b\u00e9n\u00e9fices et les risques.<\/li>\n<li>Nous travaillons en toute ind\u00e9pendance.<\/li>\n<li>Nous adh\u00e9rons aux principes de la m\u00e9decine fond\u00e9e sur les preuves (evidence-based medicine EBM), ainsi qu\u2019aux plus hauts standards du journalisme d\u2019enqu\u00eate.<\/li>\n<\/ul>\n<p><strong>Evidence-based medicine (EBM)<\/strong> <img decoding=\"async\" alt=\"Evidence-based medicine (EBM)\" src=\"https:\/\/www.re-check.ch\/wp-content\/uploads\/2016\/07\/EBM-300x169.jpg\" \/><strong>R\u00e9gulation<\/strong> <img decoding=\"async\" alt=\"Contraception\" src=\"https:\/\/www.re-check.ch\/wp-content\/uploads\/2016\/07\/HD19731-300x207.jpg\" \/><strong>Conflits d\u2019int\u00e9r\u00eats<\/strong> <img decoding=\"async\" alt=\"Grippe\" src=\"https:\/\/www.re-check.ch\/wp-content\/uploads\/2016\/07\/conflict-of-interest-300x206.jpeg\" \/><strong>Essais cliniques<\/strong> <img decoding=\"async\" alt=\"Essais cliniques\" src=\"https:\/\/www.re-check.ch\/wp-content\/uploads\/2016\/07\/clinical-trial-e1468314872578-300x206.jpg\" \/><strong>M\u00e9decine personnalis\u00e9e<\/strong> <img decoding=\"async\" alt=\"M\u00e9decine personnalis\u00e9e\" src=\"https:\/\/www.re-check.ch\/wp-content\/uploads\/2016\/07\/personalized-medicine-def-e1468314668279-300x211.jpg\" \/><strong>M\u00e9dicaments<\/strong> <img decoding=\"async\" alt=\"M\u00e9dicaments\" src=\"https:\/\/www.re-check.ch\/wp-content\/uploads\/2016\/07\/medical-pills-300x200.jpg\" \/>Vaccins <img decoding=\"async\" alt=\"Vaccins\" src=\"https:\/\/www.re-check.ch\/wp-content\/uploads\/2016\/07\/Typhoid_inoculation3-300x205.jpg\" \/><strong>Diagnostics<\/strong> <img decoding=\"async\" alt=\"Diagnostics\" src=\"https:\/\/www.re-check.ch\/wp-content\/uploads\/2016\/07\/diagnostic-2-300x200.jpg\" \/><strong>D\u00e9pistages<\/strong> <img decoding=\"async\" alt=\"D\u00e9pistage\" src=\"https:\/\/www.re-check.ch\/wp-content\/uploads\/2016\/07\/cancer-screening-300x200.jpg\" \/><strong>Pr\u00e9vention<\/strong> <img decoding=\"async\" alt=\"Pr\u00e9vention\" src=\"https:\/\/www.re-check.ch\/wp-content\/uploads\/2016\/07\/Prevention-1-e1468314834456-300x203.jpg\" \/><strong>Cancer<\/strong> <img decoding=\"async\" alt=\"Cancer\" src=\"https:\/\/www.re-check.ch\/wp-content\/uploads\/2016\/07\/Cellules-ca-sein-e1468314980805-300x202.jpg\" \/><strong>Contraception<\/strong> <img decoding=\"async\" alt=\"Contraception\" src=\"https:\/\/www.re-check.ch\/wp-content\/uploads\/2016\/07\/Contraception-e1468314354475-300x191.jpg\" \/><strong>Grippe<\/strong> <img decoding=\"async\" alt=\"Grippe\" src=\"https:\/\/www.re-check.ch\/wp-content\/uploads\/2016\/07\/influenza-e1468314386582-300x190.jpg\" \/><\/p>\n<h3 style=\"text-align: center;\">Nos enqu\u00eates diffus\u00e9es dans les m\u00e9dias<\/h3>\n<h2 style=\"text-align: center;\"><span style=\"color: #ffffff;\">Vous avez des questions sur nos recherches? Prenez contact avec nous!<\/span><\/h2>\n<p>CONTACT<\/p>\n","protected":false},"excerpt":{"rendered":"<p>Nos domaines de recherche Re-Check pratique un journalisme de haute pr\u00e9cision et livre des recherches fouill\u00e9es dans le domaine de la sant\u00e9 et de la m\u00e9decine. Nous enqu\u00eatons r\u00e9guli\u00e8rement sur les th\u00e9matiques \u00e9num\u00e9r\u00e9es ci-apr\u00e8s. Nous \u00e9valuons les preuves disponibles, d\u00e9busquons les conflits d\u2019int\u00e9r\u00eats et analysons les b\u00e9n\u00e9fices et les risques. Nous travaillons en toute ind\u00e9pendance.<a class=\"excerpt-read-more\" href=\"https:\/\/www.re-check.ch\/fr\/services-2\/research\/\" title=\"ReadResearch\">&#8230; Read more &raquo;<\/a><\/p>\n","protected":false},"author":1,"featured_media":0,"parent":11696,"menu_order":0,"comment_status":"closed","ping_status":"closed","template":"template-full-width.php","meta":{"_acf_changed":false,"footnotes":""},"class_list":["post-11798","page","type-page","status-publish","hentry"],"acf":[],"_links":{"self":[{"href":"https:\/\/www.re-check.ch\/fr\/wp-json\/wp\/v2\/pages\/11798"}],"collection":[{"href":"https:\/\/www.re-check.ch\/fr\/wp-json\/wp\/v2\/pages"}],"about":[{"href":"https:\/\/www.re-check.ch\/fr\/wp-json\/wp\/v2\/types\/page"}],"author":[{"embeddable":true,"href":"https:\/\/www.re-check.ch\/fr\/wp-json\/wp\/v2\/users\/1"}],"replies":[{"embeddable":true,"href":"https:\/\/www.re-check.ch\/fr\/wp-json\/wp\/v2\/comments?post=11798"}],"version-history":[{"count":35,"href":"https:\/\/www.re-check.ch\/fr\/wp-json\/wp\/v2\/pages\/11798\/revisions"}],"predecessor-version":[{"id":16991,"href":"https:\/\/www.re-check.ch\/fr\/wp-json\/wp\/v2\/pages\/11798\/revisions\/16991"}],"up":[{"embeddable":true,"href":"https:\/\/www.re-check.ch\/fr\/wp-json\/wp\/v2\/pages\/11696"}],"wp:attachment":[{"href":"https:\/\/www.re-check.ch\/fr\/wp-json\/wp\/v2\/media?parent=11798"}],"curies":[{"name":"wp","href":"https:\/\/api.w.org\/{rel}","templated":true}]}}