{"id":11796,"date":"2016-07-04T10:04:29","date_gmt":"2016-07-04T10:04:29","guid":{"rendered":"http:\/\/www.re-check.ch\/wordpress\/?page_id=11796"},"modified":"2024-01-30T09:39:38","modified_gmt":"2024-01-30T09:39:38","slug":"expertise","status":"publish","type":"page","link":"https:\/\/www.re-check.ch\/fr\/services-2\/expertise\/","title":{"rendered":"Expertise first"},"content":{"rendered":"<p>Nos domaines d\u2019expertise<\/p>\n<p>Les affaires sur lesquelles nous avons d\u00e9j\u00e0 diffus\u00e9 des enqu\u00eates dans les m\u00e9dias sont des domaines dans lesquels nous b\u00e9n\u00e9ficions d\u2019une expertise unique et extr\u00eamement solide dont peuvent profiter les patients, les juristes qui les repr\u00e9sentent et les m\u00e9dias.<\/p>\n<p>Recourir \u00e0 Re-Check vous assure des avantages importants:<\/p>\n<ul>\n<li>Nous connaissons en d\u00e9tail les enjeux, les r\u00e9seaux d\u2019influence et le <em>modus operandi<\/em> des acteurs impliqu\u00e9s dans votre affaire.<\/li>\n<li>Nous dispons d\u2019une documentation compl\u00e8te et in\u00e9dite (bases de donn\u00e9es, diagrammes et cartes) susceptibles d\u2019\u00e9clairer votre cas sous un jour nouveau.<\/li>\n<li>Nous pouvons\u00a0 mener des recherches cibl\u00e9es en fonction de vos besoins.<\/li>\n<li>En inscrivant votre affaire dans le contexte mis en \u00e9vidence par nos recherches, nous vous fournissons de nouvelles pistes d\u2019action.<\/li>\n<\/ul>\n<p> <img decoding=\"async\" src=\"https:\/\/www.re-check.ch\/wp-content\/uploads\/2016\/07\/Mammo-business-ch_big-e1468310853773-300x201.jpg\" alt=\"D\u00e9pistage du cancer du sein\" \/>D\u00e9pistage du cancer du sein <img decoding=\"async\" src=\"https:\/\/www.re-check.ch\/wp-content\/uploads\/2016\/07\/Tamiflu-300x200.jpg\" alt=\"Tamiflu\u00ae - oseltamivir\" \/>Tamiflu\u00ae &#8211; oseltamivir <img decoding=\"async\" src=\"https:\/\/www.re-check.ch\/wp-content\/uploads\/2016\/07\/Roaccutane-300x200.jpg\" alt=\"Roaccutane\u00ae - isotr\u00e9tino\u00efne\" \/>Roaccutane\u00ae &#8211; isotr\u00e9tino\u00efne<\/p>\n<p>Cette vaste enqu\u00eate en cinq parties, publi\u00e9e en 2014 et 2015, d\u00e9voile le syst\u00e8me opaque et perclus de conflits d&rsquo;int\u00e9r\u00eats qui s&rsquo;est b\u00e2ti en Suisse autour de la mammographie de d\u00e9pistage.<br \/>\nElle d\u00e9taille aussi les enjeux m\u00e9dico-scientifiques, politiques, m\u00e9diatiques, \u00e9conomiques et institutionnels li\u00e9s \u00e0 la promotion de la d\u00e9tection pr\u00e9coce du cancer du sein.Les deux premiers volets ont remport\u00e9 le \u00abPrix M\u00e9dia\u00bb 2014 en sciences m\u00e9dicales des Acad\u00e9mies suisses des sciences.<\/p>\n<p>D\u00e9couvrir l&rsquo;enqu\u00eate compl\u00e8te sur <a href=\"http:\/\/www.sept.info\/author\/catherine-riva\/\" target=\"_blank\" rel=\"noopener\">SEPT.info<\/a> (site payant).<\/p>\n<p class=\"p1\"><span class=\"s1\">Selon les meilleures donn\u00e9es disponibles, ce m\u00e9dicament peut au mieux raccourcir d\u2019un jour et demi la dur\u00e9e des sympt\u00f4mes d\u2019une grippe. Il a fallu attendre 2005 et la peur d\u2019une pand\u00e9mie pour que le Tamiflu\u00ae d\u00e9colle avec la b\u00e9n\u00e9diction de l\u2019OMS. Par quel miracle un m\u00e9dicament cher et qui n\u2019a rien de r\u00e9volutionnaire a-t-il pu se transformer en mine d\u2019or? L\u2019histoire du Tamiflu\u00ae est marqu\u00e9e par les conflits d\u2019int\u00e9r\u00eats, l\u2019influence de la \u00abbad science\u00bb et le combat des scientifiques de la Collaboration Cochrane. Le documentaire \u00abTamiflu, l\u2019influence des affaires\u00bb a \u00e9t\u00e9 diffus\u00e9 par la t\u00e9l\u00e9vision suisse. En 2011, il a remport\u00e9 le prix du jury aux Daniel Pearl Awards et \u00e9t\u00e9 finaliste aux Investigative Reporters and Editors Awards.<\/span><\/p>\n<p class=\"p1\"><span class=\"s1\"><a href=\"http:\/\/www.serenatinari.com\/tamiflu\/\"><span class=\"s2\">D\u00e9couvrir l\u2019enqu\u00eate compl\u00e8te.<\/span><\/a><\/span><\/p>\n<p class=\"p1\"><span class=\"s1\">L\u2019isotr\u00e9tino\u00efne a \u00e9t\u00e9 d\u00e9couverte par hasard. En testant cette mol\u00e9cule sur des patients atteints d\u2019un cancer, son fabricant Hoffmann-La Roche avait remarqu\u00e9 qu\u2019elle donnait aux malades une vraie peau d\u2019un b\u00e9b\u00e9. Le g\u00e9ant de l\u2019industrie pharmaceutique l\u2019a donc faite homologuer comme m\u00e9dicament contre l\u2019acn\u00e9 en 1982. Quelque 150 effets secondaires ont \u00e9t\u00e9 attribu\u00e9s \u00e0 cette mol\u00e9cule t\u00e9ratog\u00e8ne, y compris des psychoses et le suicide. Roche l\u2019a retir\u00e9e de certains march\u00e9s lorsque le brevet est arriv\u00e9 \u00e0 \u00e9ch\u00e9ance et, aujourd\u2019hui, l\u2019isotr\u00e9tino\u00efne est aussi commercialis\u00e9e sous forme g\u00e9n\u00e9rique. Son usage est cens\u00e9 se limiter aux cas d\u2019acn\u00e9 s\u00e9v\u00e8re, mais les chiffres de ventes indiquent qu\u2019il suffit de deux boutons pour qu\u2019on la prescrive.<br \/>\n<a href=\"http:\/\/www.serenatinari.com\/roaccutan-isotretinoin\/\"><span class=\"s2\">D\u00e9couvrir l\u2019enqu\u00eate compl\u00e8te<\/span><\/a>.<\/span><\/p>\n<p> <img decoding=\"async\" src=\"https:\/\/www.re-check.ch\/wp-content\/uploads\/2016\/07\/LPDT_big-e1468310945966-300x200.jpg\" alt=\"Vaccination anti-HPV\" \/>Vaccination anti-HPV <img decoding=\"async\" src=\"https:\/\/www.re-check.ch\/wp-content\/uploads\/2016\/07\/Mediator-e1468310664754-300x200.jpg\" alt=\"Mediator\u00ae - benfluorex\" \/>Mediator\u00ae &#8211; benfluorex <img decoding=\"async\" src=\"https:\/\/www.re-check.ch\/wp-content\/uploads\/2016\/07\/COC-1-e1468311015607-300x201.jpg\" alt=\"Contraception orale\" \/>Contraception oraleLe vaccin anti-HPV, \u00e9galement appel\u00e9 \u00abvaccin contre le cancer du col de l\u2019ut\u00e9rus\u00bb a \u00e9t\u00e9 salu\u00e9 comme une avanc\u00e9e m\u00e9dicale extraordinaire. Mais le cancer du col est-il v\u00e9ritablement un probl\u00e8me de sant\u00e9 publique dans les pays industrialis\u00e9s? De quelles donn\u00e9es cliniques dispose-ton r\u00e9ellement? Et surtout, comment ce vaccin a-t-il pu s\u2019imposer \u00e0 une vitesse aussi foudroyante, en d\u00e9pit de son prix record?<\/p>\n<p>Ce livre remonte la piste d\u2019une success story in\u00e9dite. Il fait le point sur les connaissances, d\u00e9taille les r\u00e9sultats des \u00e9tudes disponibles, les questions qui restent sans r\u00e9ponse et le fantastique dispositif de \u00absensibilisation\u00bb mis en place par les fabricants. Enfin, il pose la question de la vaste n\u00e9buleuse de conflits d\u2019int\u00e9r\u00eats qui entoure ces vaccins. De nombreux \u00e9l\u00e9ments mis \u00e0 jour dans cette enqu\u00eate n\u2019ont pas \u00e9t\u00e9 communiqu\u00e9s au grand public. Cet ouvrage est destin\u00e9 notamment \u00e0 tous les parents que l\u2019on encourage \u00e0 faire vacciner leurs filles &#8211; afin qu\u2019ils puissent prendre leur d\u00e9cision en toute connaissance de cause.<\/p>\n<p class=\"item-intro text-muted\"><em>\u00abCe livre \u00e9claire de mani\u00e8re spectaculaire les rouages et les enjeux d\u2019une entreprise marketing sans pr\u00e9c\u00e9dent\u00bb<\/em> Martin Winckler<\/p>\n<p class=\"item-intro text-muted\"><em>\u00abLes pi\u00e8ces du puzzle ont rarement \u00e9t\u00e9 assembl\u00e9es de mani\u00e8re aussi compl\u00e8te, intelligible, informative et r\u00e9fl\u00e9chie\u00bb<\/em> Abby Lippman<\/p>\n<ul class=\"list-inline\">\n<li>Mars 2010<\/li>\n<li>La piq\u00fbre de trop?<\/li>\n<li>Essai &#8211; enqu\u00eate \/ co\u00e9crit avec Jean-Pierre Spinosa<\/li>\n<\/ul>\n<p>Mediator restera dans les annales comme l\u2019une des affaires qui a le plus violemment agit\u00e9 les sph\u00e8res politico-sanitaires fran\u00e7aises. Ce feuilleton du \u00abm\u00e9dicament tueur\u00bb a \u00e9t\u00e9 maintes fois racont\u00e9, avec d\u2019un c\u00f4t\u00e9,\u00a0 les Laboratoires Servier, num\u00e9ro 2 de la pharma fran\u00e7aise, et de l\u2019autre, Ir\u00e8ne Frachon, devenue entre-temps l\u2019embl\u00e8me d\u2019un combat \u00e0 la David et Goliath, courageusement men\u00e9 par une simple praticienne contre des int\u00e9r\u00eats puissants. Mais est-ce aussi simple? Et \u00e0 qui cette affaire a-t-elle vraiment profit\u00e9?<\/p>\n<p>D\u00e9couvrir l&rsquo;enqu\u00eate compl\u00e8te sur <a href=\"http:\/\/www.sept.info\/author\/catherine-riva\/\" target=\"_blank\" rel=\"noopener\">SEPT.info<\/a> (site payant).<\/p>\n<p class=\"p1\"><span class=\"s1\">Les pilules contraceptives sont l\u2019une des cat\u00e9gories de produits parmi les plus int\u00e9ressantes pour l\u2019industrie pharmaceutique, avec une population cible de millions de femmes. Elles ont chang\u00e9 la donne et r\u00e9ussi \u00e0 s&rsquo;imposer comme produit de masse. Pourtant, au d\u00e9but des ann\u00e9es 2000, on a r\u00e9alis\u00e9 que les contraceptifs oraux de \u00abnouvelles g\u00e9n\u00e9rations\u00bb pr\u00e9sentaient un risque de thrombose et d\u2019embolie pulmonaire deux \u00e0 quatre fois plus \u00e9lev\u00e9 que les pilules utilis\u00e9es depuis 1978. Une histoire exemplaire du dysfonctionnement du syst\u00e8me de sant\u00e9, entre conflits d\u2019int\u00e9r\u00eats, \u00e9tudes biais\u00e9s, beaucoup d\u2019argent et trop de mensonges. <\/span><\/p>\n<p class=\"p1\"><span class=\"s1\"><a href=\"http:\/\/www.serenatinari.com\/occhio-alla-pillola-birth-control-pills-safety\/\"><span class=\"s2\">D\u00e9couvrir l\u2019enqu\u00eate compl\u00e8te<\/span><\/a>.<\/span><\/p>\n<p> <img decoding=\"async\" src=\"https:\/\/www.re-check.ch\/wp-content\/uploads\/2016\/07\/DMPA_big-e1468311095411-300x200.jpg\" alt=\"DMPA - contraceptifs injectables\" \/>DMPA &#8211; contraceptifs injectables <img decoding=\"async\" src=\"https:\/\/www.re-check.ch\/wp-content\/uploads\/2016\/07\/new-oncological-drugs-e1468311157758-300x190.jpg\" alt=\"Nouveaux m\u00e9dicaments anticanc\u00e9reux\" \/>Nouveaux m\u00e9dicaments anticanc\u00e9reux <img decoding=\"async\" src=\"https:\/\/www.re-check.ch\/wp-content\/uploads\/2016\/07\/Endometriosis-300x200.jpg\" alt=\"Endom\u00e9triose\" \/>Endom\u00e9trioseLes injections contraceptives trimestrielles (DMPA) de Pfizer ont derri\u00e8re elles soixante ans de controverses et de scandales. Aujourd\u2019hui pourtant, on les distribue massivement dans les pays en d\u00e9veloppement, en faisant fi des risques et avec la b\u00e9n\u00e9diction de l\u2019OMS. Une affaire qui ne concerne que le Tiers-Monde, alors? Rien n\u2019est moins s\u00fbr. A terme, Pfizer vise les pays industrialis\u00e9s, o\u00f9 la promotion du DMPA aupr\u00e8s des adolescentes a d\u00e9j\u00e0 commenc\u00e9.<\/p>\n<p>D\u00e9couvrir l&rsquo;enqu\u00eate compl\u00e8te sur <a href=\"http:\/\/www.sept.info\/author\/catherine-riva\/\" target=\"_blank\" rel=\"noopener\">SEPT.info<\/a> (site payant).<\/p>\n<p class=\"p1\"><span class=\"s1\">Il a \u00e9t\u00e9 rebaptis\u00e9 \u00able business de l\u2019esp\u00e9rance\u00bb. Les nouveaux m\u00e9dicaments oncologiques arrivent sur le march\u00e9 au terme de proc\u00e9dures d\u2019autorisation acc\u00e9l\u00e9r\u00e9es et, faute de rem\u00e8des efficaces contre le cancer, ils sont largement prescrits aux patients, alors qu\u2019ils pr\u00e9sentent une efficacit\u00e9 modeste, voire nulle, des effets secondaires souvent lourds et des prix astronomiques. Les syst\u00e8mes de sant\u00e9 publique ont de la peine \u00e0 les rembourser, \u00e9tant donn\u00e9e la faible efficacit\u00e9 et le fardeau qu\u2019ils repr\u00e9sentent pour le budget. Pourtant les organisations des patients sponsoris\u00e9s par l\u2019industrie font pression sur les gouvernements, alors que les m\u00e9dias et les milieux oncologiques semblent incapables de dire toute la v\u00e9rit\u00e9. <\/span><\/p>\n<p>L\u2019endom\u00e9triose est d\u00e9crite depuis plus de 100 ans. Pourtant, les points d\u2019interrogation concernant cette maladie sont aussi nombreux que les certitudes sont rares. Suivant la d\u00e9finition qu\u2019on en donne, 1,5% \u00e0 50% des femmes en \u00e2ge de procr\u00e9er et 80% de femmes souffrant de r\u00e8gles douloureuses auraient de l\u2019endom\u00e9triose. Ce flou extraordinaire a transform\u00e9 l\u2019endom\u00e9triose en business tr\u00e8s lucratif pour de nombreux acteurs:\u00a0 industrie pharmaceutique, chirurgiens, centres sp\u00e9cialis\u00e9s et centres de procr\u00e9ation m\u00e9dicalement assist\u00e9e, agences de certification, etc. Ils cherchent tous \u00e0 capter les \u00abmalades qui s\u2019ignorent\u00bb sous couvert de \u00absensibilisation\u00bb, alors qu\u2019en mati\u00e8re de traitement, la panac\u00e9e n\u2019existe pas.<\/p>\n<p> <img decoding=\"async\" src=\"https:\/\/www.re-check.ch\/wp-content\/uploads\/2016\/07\/eCig-1-300x200.jpg\" alt=\"Cigarette \u00e9lectronique\" \/>Cigarette \u00e9lectronique <img alt=\"\" \/> <img alt=\"\" \/><\/p>\n<p class=\"p1\"><span class=\"s1\">Depuis qu\u2019elle est l\u00e0, l\u2019industrie du tabac panique et les autorit\u00e9s de sant\u00e9 publique d\u00e9lirent. Quant aux consommateurs, ils ne savent plus quoi penser. L\u2019arriv\u00e9e de la cigarette \u00e9lectronique a d\u00e9clench\u00e9 l\u2019agitation des m\u00e9dias et induit beaucoup de \u00abbad science\u00bb, ainsi que des prises de position tr\u00e8s discutables. Ce produit est susceptible d\u2019aider les gros fumeurs \u00e0 arr\u00eater de fumer pour de bon, mais seulement si l\u2019\u00abe-cig\u00bb est utilis\u00e9e avec des liquides contenant de la nicotine. Pourtant, de l\u2019OMS aux autorit\u00e9s de sant\u00e9 des diff\u00e9rents pays, tous les acteurs semblent faire la course pour compliquer et rench\u00e9rir l\u2019acc\u00e8s aux cigarettes \u00e9lectroniques. A coup de taxes, de r\u00e8glements et de directives qui n\u2019ont pas grand-chose \u00e0 voir avec la m\u00e9decine fond\u00e9e sur les preuves. <\/span><\/p>\n<p class=\"p1\"><span class=\"s1\"><a href=\"http:\/\/www.serenatinari.com\/electronic-cigarettes\/\"><span class=\"s2\">D\u00e9couvrir l\u2019enqu\u00eate compl\u00e8te<\/span><\/a>. <\/span><\/p>\n<p><img loading=\"lazy\" decoding=\"async\" class=\"alignnone wp-image-11971\" src=\"https:\/\/www.re-check.ch\/wp-content\/uploads\/2016\/07\/Blog-150x150.png\" alt=\"Blog\" width=\"34\" height=\"34\" srcset=\"https:\/\/www.re-check.ch\/wp-content\/uploads\/2016\/07\/Blog-150x150.png 150w, https:\/\/www.re-check.ch\/wp-content\/uploads\/2016\/07\/Blog-300x287.png 300w, https:\/\/www.re-check.ch\/wp-content\/uploads\/2016\/07\/Blog-66x66.png 66w\" sizes=\"(max-width: 34px) 100vw, 34px\" \/>\u00a0Re-Check info-stream<\/p>\n<h2 style=\"text-align: center;\"><span style=\"color: #ffffff;\">Vous souhaitez solliciter nos services? Prenez contact avec nous!<\/span><\/h2>\n<p>CONTACT<\/p>\n","protected":false},"excerpt":{"rendered":"<p>Nos domaines d\u2019expertise Les affaires sur lesquelles nous avons d\u00e9j\u00e0 diffus\u00e9 des enqu\u00eates dans les m\u00e9dias sont des domaines dans lesquels nous b\u00e9n\u00e9ficions d\u2019une expertise unique et extr\u00eamement solide dont peuvent profiter les patients, les juristes qui les repr\u00e9sentent et les m\u00e9dias. Recourir \u00e0 Re-Check vous assure des avantages importants: Nous connaissons en d\u00e9tail les<a class=\"excerpt-read-more\" href=\"https:\/\/www.re-check.ch\/fr\/services-2\/expertise\/\" title=\"ReadExpertise first\">&#8230; Read more &raquo;<\/a><\/p>\n","protected":false},"author":1,"featured_media":0,"parent":11696,"menu_order":0,"comment_status":"closed","ping_status":"closed","template":"template-full-width.php","meta":{"_acf_changed":false,"footnotes":""},"class_list":["post-11796","page","type-page","status-publish","hentry"],"acf":[],"_links":{"self":[{"href":"https:\/\/www.re-check.ch\/fr\/wp-json\/wp\/v2\/pages\/11796"}],"collection":[{"href":"https:\/\/www.re-check.ch\/fr\/wp-json\/wp\/v2\/pages"}],"about":[{"href":"https:\/\/www.re-check.ch\/fr\/wp-json\/wp\/v2\/types\/page"}],"author":[{"embeddable":true,"href":"https:\/\/www.re-check.ch\/fr\/wp-json\/wp\/v2\/users\/1"}],"replies":[{"embeddable":true,"href":"https:\/\/www.re-check.ch\/fr\/wp-json\/wp\/v2\/comments?post=11796"}],"version-history":[{"count":73,"href":"https:\/\/www.re-check.ch\/fr\/wp-json\/wp\/v2\/pages\/11796\/revisions"}],"predecessor-version":[{"id":16993,"href":"https:\/\/www.re-check.ch\/fr\/wp-json\/wp\/v2\/pages\/11796\/revisions\/16993"}],"up":[{"embeddable":true,"href":"https:\/\/www.re-check.ch\/fr\/wp-json\/wp\/v2\/pages\/11696"}],"wp:attachment":[{"href":"https:\/\/www.re-check.ch\/fr\/wp-json\/wp\/v2\/media?parent=11796"}],"curies":[{"name":"wp","href":"https:\/\/api.w.org\/{rel}","templated":true}]}}